{"id":264,"date":"2018-10-17T09:58:20","date_gmt":"2018-10-17T07:58:20","guid":{"rendered":"https:\/\/www.diocesi.lodi.it\/archivio\/?page_id=264"},"modified":"2018-12-13T15:05:33","modified_gmt":"2018-12-13T14:05:33","slug":"fare-ricerca","status":"publish","type":"page","link":"https:\/\/www.diocesi.lodi.it\/archivio\/fare-ricerca\/","title":{"rendered":"Fare ricerca"},"content":{"rendered":"<p><strong><img loading=\"lazy\" decoding=\"async\" class=\"alignleft wp-image-453 size-medium\" src=\"https:\/\/www.diocesi.lodi.it\/archivio\/wp-content\/uploads\/sites\/6\/2018\/12\/fare-ricerca-216x300.jpg\" alt=\"\" width=\"216\" height=\"300\" srcset=\"https:\/\/www.diocesi.lodi.it\/archivio\/wp-content\/uploads\/sites\/6\/2018\/12\/fare-ricerca-216x300.jpg 216w, https:\/\/www.diocesi.lodi.it\/archivio\/wp-content\/uploads\/sites\/6\/2018\/12\/fare-ricerca-768x1064.jpg 768w, https:\/\/www.diocesi.lodi.it\/archivio\/wp-content\/uploads\/sites\/6\/2018\/12\/fare-ricerca-739x1024.jpg 739w, https:\/\/www.diocesi.lodi.it\/archivio\/wp-content\/uploads\/sites\/6\/2018\/12\/fare-ricerca-202x280.jpg 202w, https:\/\/www.diocesi.lodi.it\/archivio\/wp-content\/uploads\/sites\/6\/2018\/12\/fare-ricerca-554x768.jpg 554w, https:\/\/www.diocesi.lodi.it\/archivio\/wp-content\/uploads\/sites\/6\/2018\/12\/fare-ricerca.jpg 1257w\" sizes=\"(max-width: 216px) 100vw, 216px\" \/>Fare ricerca<\/strong> storica pu\u00f2 essere entusiasmante, <strong>richiede per\u00f2 l\u2019applicazione di un metodo <\/strong>per riuscire a organizzare al meglio tempo ed energie, e produrre risultati credibili.<\/p>\n<p>Esistono studi che si occupano della<strong> metodologia della ricerca<\/strong> storica: hanno il compito di analizzare i processi di reperimento, analisi e interpretazione delle fonti, per garantire l\u2019attendibilit\u00e0 dei risultati, permettere di distinguere il <em>vero<\/em> dal <em>falso<\/em>, trasmettere ad altri ricercatori risultati che siano scientifici.<\/p>\n<p>In breve, come accade per ogni attivit\u00e0 umana, storici non ci si improvvisa, occorre sapere <em>come<\/em> fare per ricostruire i fatti della storia sulla base di fonti <em>documentate<\/em> (diffidare di chi non cita le fonti delle sue informazioni).<\/p>\n<p>&nbsp;<\/p>\n<h3><strong>Da dove cominciare?<\/strong><\/h3>\n<p>Dalla <strong>bibliografia<\/strong> esistente in materia. Da tutti i libri gi\u00e0 pubblicati sull\u2019argomento di indagine. Questo permette due cose: evitare fatiche inutili su documenti gi\u00e0 studiati in abbondanza da altri, avere a disposizione un primo <strong>elenco di fonti<\/strong> e <strong>fondi archivistici<\/strong> da cui partire eventualmente.<\/p>\n<p>&nbsp;<\/p>\n<h3><strong>Dentro gli archivi<\/strong><\/h3>\n<p>Fare ricerca negli archivi significa <strong>conoscere gli archivi e la loro storia<\/strong>.<\/p>\n<p>Gli archivi nascono dalle attivit\u00e0 quotidiane degli enti, dal deposito di documenti che sono necessari agli uffici, al lavoro delle persone.<\/p>\n<p>Prima di cercare le carte, dobbiamo capire <strong><em>quale<\/em> sia stata l\u2019attivit\u00e0<\/strong> dell\u2019ente, persona o famiglia, sapere <strong><em>come<\/em><\/strong> <strong>ha organizzato il proprio archivio<\/strong>, <strong><em>che tipo di <\/em>documentazione ha prodotto e che<em> cosa ha <\/em>voluto conservare<\/strong>. E anche capire una cosa importante: se l\u2019archivio ha subito smembramenti, dispersioni, contaminazioni.<\/p>\n<p>Un archivio non \u00e8 una biblioteca. Non \u00e8 organizzato per autore o argomento (tranne i casi di riordino per materia), ma secondo un ordine logico-funzionale interno. Non contiene tutte le informazioni sui temi trattati, ma solo le pratiche necessarie in un dato momento a un determinato ente (o persona) nel corso della sua attivit\u00e0 professionale.<\/p>\n<p>&nbsp;<\/p>\n<h3><strong>Come proseguire? Gli strumenti di ricerca<\/strong><\/h3>\n<p>Proprio perch\u00e9 gli archivi non sono tutti uguali e non sono organizzati secondo uno standard condiviso, esistono di ciascun archivio <strong>strumenti di ricerca<\/strong> come <strong>inventari<\/strong>, <strong>guide<\/strong>, <strong>repertori<\/strong> che descrivono il fondo nelle sue articolazioni interne (serie, sottoserie, unit\u00e0 documentarie).<\/p>\n<p>Conoscere questi strumenti &#8211; disponibili in genere in sala di studio degli Archivi, e anche on line -, \u00e8 fondamentale per capire <em>come orientare la propria ricerca<\/em> e <em>quali documenti chiedere<\/em> di consultare. Potrebbero esserci inaspettatamente documenti l\u00e0 dove non pensiamo siano conservati.<\/p>\n<p>Anche l\u2019<strong>aiuto dell\u2019archivista<\/strong>, che conosce gli archivi custoditi, \u00e8 importante. Meglio per\u00f2 non affidarsi esclusivamente al personale in sala, la ricerca \u00e8 strettamente personale, solo il ricercatore <em>sa ci\u00f2 che gli serve, ci\u00f2 che vuole trovare nei documenti <\/em>secondo la propria prospettiva di ricerca.<\/p>\n<p>&nbsp;<\/p>\n<h3><strong>Documenti alla mano<\/strong><\/h3>\n<p>Una volta trovati i documenti, bisogna saperli leggere. Occorre saper <em>leggere le scritture antiche<\/em>, <em>conoscere anche lingue diverse<\/em> dall\u2019italiano (per esempio il latino), <em>interpretare le informazioni nel loro contesto<\/em>.<\/p>\n<p>Un consiglio: meglio circoscrivere la propria ricerca. Quelle enciclopediche sono impossibili da eseguire, fanno perdere tempo e non danno risultati apprezzabili.<\/p>\n","protected":false},"excerpt":{"rendered":"<p>Fare ricerca storica pu\u00f2 essere entusiasmante, richiede per\u00f2 l\u2019applicazione di un metodo per riuscire a organizzare al meglio tempo ed energie, e produrre risultati credibili. Esistono studi che si occupano della metodologia della ricerca storica: hanno il compito di analizzare i processi di reperimento, analisi e interpretazione delle fonti, per garantire l\u2019attendibilit\u00e0 dei risultati, permettere [&hellip;]<\/p>\n","protected":false},"author":0,"featured_media":0,"parent":0,"menu_order":0,"comment_status":"closed","ping_status":"closed","template":"","meta":{"_acf_changed":false,"ip_address":"","user_agent":"","level":"","revision":"","cookie_id":"","page_referer":"","html_form":"","footnotes":""},"acf":[],"yoast_head":"<!-- This site is optimized with the Yoast SEO plugin v22.3 - https:\/\/yoast.com\/wordpress\/plugins\/seo\/ -->\n<title>Fare ricerca - Archivio Storico Diocesano<\/title>\n<meta name=\"robots\" content=\"index, follow, max-snippet:-1, max-image-preview:large, max-video-preview:-1\" \/>\n<link rel=\"canonical\" href=\"https:\/\/www.diocesi.lodi.it\/archivio\/fare-ricerca\/\" \/>\n<meta property=\"og:locale\" content=\"it_IT\" \/>\n<meta property=\"og:type\" content=\"article\" \/>\n<meta property=\"og:title\" content=\"Fare ricerca - Archivio Storico Diocesano\" \/>\n<meta property=\"og:description\" content=\"Fare ricerca storica pu\u00f2 essere entusiasmante, richiede per\u00f2 l\u2019applicazione di un metodo per riuscire a organizzare al meglio tempo ed energie, e produrre risultati credibili. Esistono studi che si occupano della metodologia della ricerca storica: hanno il compito di analizzare i processi di reperimento, analisi e interpretazione delle fonti, per garantire l\u2019attendibilit\u00e0 dei risultati, permettere [&hellip;]\" \/>\n<meta property=\"og:url\" content=\"https:\/\/www.diocesi.lodi.it\/archivio\/fare-ricerca\/\" \/>\n<meta property=\"og:site_name\" content=\"Archivio Storico Diocesano\" \/>\n<meta property=\"article:modified_time\" content=\"2018-12-13T14:05:33+00:00\" \/>\n<meta property=\"og:image\" content=\"https:\/\/www.diocesi.lodi.it\/archivio\/wp-content\/uploads\/sites\/6\/2018\/12\/fare-ricerca-216x300.jpg\" \/>\n<meta name=\"twitter:card\" content=\"summary_large_image\" \/>\n<meta name=\"twitter:label1\" content=\"Tempo di lettura stimato\" \/>\n\t<meta name=\"twitter:data1\" content=\"2 minuti\" \/>\n<script type=\"application\/ld+json\" class=\"yoast-schema-graph\">{\"@context\":\"https:\/\/schema.org\",\"@graph\":[{\"@type\":\"WebPage\",\"@id\":\"https:\/\/www.diocesi.lodi.it\/archivio\/fare-ricerca\/\",\"url\":\"https:\/\/www.diocesi.lodi.it\/archivio\/fare-ricerca\/\",\"name\":\"Fare ricerca - Archivio Storico Diocesano\",\"isPartOf\":{\"@id\":\"https:\/\/www.diocesi.lodi.it\/archivio\/#website\"},\"primaryImageOfPage\":{\"@id\":\"https:\/\/www.diocesi.lodi.it\/archivio\/fare-ricerca\/#primaryimage\"},\"image\":{\"@id\":\"https:\/\/www.diocesi.lodi.it\/archivio\/fare-ricerca\/#primaryimage\"},\"thumbnailUrl\":\"https:\/\/www.diocesi.lodi.it\/archivio\/wp-content\/uploads\/sites\/6\/2018\/12\/fare-ricerca-216x300.jpg\",\"datePublished\":\"2018-10-17T07:58:20+00:00\",\"dateModified\":\"2018-12-13T14:05:33+00:00\",\"breadcrumb\":{\"@id\":\"https:\/\/www.diocesi.lodi.it\/archivio\/fare-ricerca\/#breadcrumb\"},\"inLanguage\":\"it-IT\",\"potentialAction\":[{\"@type\":\"ReadAction\",\"target\":[\"https:\/\/www.diocesi.lodi.it\/archivio\/fare-ricerca\/\"]}]},{\"@type\":\"ImageObject\",\"inLanguage\":\"it-IT\",\"@id\":\"https:\/\/www.diocesi.lodi.it\/archivio\/fare-ricerca\/#primaryimage\",\"url\":\"https:\/\/www.diocesi.lodi.it\/archivio\/wp-content\/uploads\/sites\/6\/2018\/12\/fare-ricerca.jpg\",\"contentUrl\":\"https:\/\/www.diocesi.lodi.it\/archivio\/wp-content\/uploads\/sites\/6\/2018\/12\/fare-ricerca.jpg\",\"width\":1257,\"height\":1742},{\"@type\":\"BreadcrumbList\",\"@id\":\"https:\/\/www.diocesi.lodi.it\/archivio\/fare-ricerca\/#breadcrumb\",\"itemListElement\":[{\"@type\":\"ListItem\",\"position\":1,\"name\":\"Home\",\"item\":\"https:\/\/www.diocesi.lodi.it\/archivio\/\"},{\"@type\":\"ListItem\",\"position\":2,\"name\":\"Fare ricerca\"}]},{\"@type\":\"WebSite\",\"@id\":\"https:\/\/www.diocesi.lodi.it\/archivio\/#website\",\"url\":\"https:\/\/www.diocesi.lodi.it\/archivio\/\",\"name\":\"Archivio Storico Diocesano\",\"description\":\"Diocesi di Lodi\",\"publisher\":{\"@id\":\"https:\/\/www.diocesi.lodi.it\/archivio\/#organization\"},\"potentialAction\":[{\"@type\":\"SearchAction\",\"target\":{\"@type\":\"EntryPoint\",\"urlTemplate\":\"https:\/\/www.diocesi.lodi.it\/archivio\/?s={search_term_string}\"},\"query-input\":\"required name=search_term_string\"}],\"inLanguage\":\"it-IT\"},{\"@type\":\"Organization\",\"@id\":\"https:\/\/www.diocesi.lodi.it\/archivio\/#organization\",\"name\":\"Archivio Storico Diocesano\",\"url\":\"https:\/\/www.diocesi.lodi.it\/archivio\/\",\"logo\":{\"@type\":\"ImageObject\",\"inLanguage\":\"it-IT\",\"@id\":\"https:\/\/www.diocesi.lodi.it\/archivio\/#\/schema\/logo\/image\/\",\"url\":\"https:\/\/www.diocesi.lodi.it\/archivio\/wp-content\/uploads\/sites\/6\/2023\/10\/lodi-ico.png\",\"contentUrl\":\"https:\/\/www.diocesi.lodi.it\/archivio\/wp-content\/uploads\/sites\/6\/2023\/10\/lodi-ico.png\",\"width\":191,\"height\":190,\"caption\":\"Archivio Storico Diocesano\"},\"image\":{\"@id\":\"https:\/\/www.diocesi.lodi.it\/archivio\/#\/schema\/logo\/image\/\"}}]}<\/script>\n<!-- \/ Yoast SEO plugin. -->","yoast_head_json":{"title":"Fare ricerca - Archivio Storico Diocesano","robots":{"index":"index","follow":"follow","max-snippet":"max-snippet:-1","max-image-preview":"max-image-preview:large","max-video-preview":"max-video-preview:-1"},"canonical":"https:\/\/www.diocesi.lodi.it\/archivio\/fare-ricerca\/","og_locale":"it_IT","og_type":"article","og_title":"Fare ricerca - Archivio Storico Diocesano","og_description":"Fare ricerca storica pu\u00f2 essere entusiasmante, richiede per\u00f2 l\u2019applicazione di un metodo per riuscire a organizzare al meglio tempo ed energie, e produrre risultati credibili. Esistono studi che si occupano della metodologia della ricerca storica: hanno il compito di analizzare i processi di reperimento, analisi e interpretazione delle fonti, per garantire l\u2019attendibilit\u00e0 dei risultati, permettere [&hellip;]","og_url":"https:\/\/www.diocesi.lodi.it\/archivio\/fare-ricerca\/","og_site_name":"Archivio Storico Diocesano","article_modified_time":"2018-12-13T14:05:33+00:00","og_image":[{"url":"https:\/\/www.diocesi.lodi.it\/archivio\/wp-content\/uploads\/sites\/6\/2018\/12\/fare-ricerca-216x300.jpg"}],"twitter_card":"summary_large_image","twitter_misc":{"Tempo di lettura stimato":"2 minuti"},"schema":{"@context":"https:\/\/schema.org","@graph":[{"@type":"WebPage","@id":"https:\/\/www.diocesi.lodi.it\/archivio\/fare-ricerca\/","url":"https:\/\/www.diocesi.lodi.it\/archivio\/fare-ricerca\/","name":"Fare ricerca - Archivio Storico Diocesano","isPartOf":{"@id":"https:\/\/www.diocesi.lodi.it\/archivio\/#website"},"primaryImageOfPage":{"@id":"https:\/\/www.diocesi.lodi.it\/archivio\/fare-ricerca\/#primaryimage"},"image":{"@id":"https:\/\/www.diocesi.lodi.it\/archivio\/fare-ricerca\/#primaryimage"},"thumbnailUrl":"https:\/\/www.diocesi.lodi.it\/archivio\/wp-content\/uploads\/sites\/6\/2018\/12\/fare-ricerca-216x300.jpg","datePublished":"2018-10-17T07:58:20+00:00","dateModified":"2018-12-13T14:05:33+00:00","breadcrumb":{"@id":"https:\/\/www.diocesi.lodi.it\/archivio\/fare-ricerca\/#breadcrumb"},"inLanguage":"it-IT","potentialAction":[{"@type":"ReadAction","target":["https:\/\/www.diocesi.lodi.it\/archivio\/fare-ricerca\/"]}]},{"@type":"ImageObject","inLanguage":"it-IT","@id":"https:\/\/www.diocesi.lodi.it\/archivio\/fare-ricerca\/#primaryimage","url":"https:\/\/www.diocesi.lodi.it\/archivio\/wp-content\/uploads\/sites\/6\/2018\/12\/fare-ricerca.jpg","contentUrl":"https:\/\/www.diocesi.lodi.it\/archivio\/wp-content\/uploads\/sites\/6\/2018\/12\/fare-ricerca.jpg","width":1257,"height":1742},{"@type":"BreadcrumbList","@id":"https:\/\/www.diocesi.lodi.it\/archivio\/fare-ricerca\/#breadcrumb","itemListElement":[{"@type":"ListItem","position":1,"name":"Home","item":"https:\/\/www.diocesi.lodi.it\/archivio\/"},{"@type":"ListItem","position":2,"name":"Fare ricerca"}]},{"@type":"WebSite","@id":"https:\/\/www.diocesi.lodi.it\/archivio\/#website","url":"https:\/\/www.diocesi.lodi.it\/archivio\/","name":"Archivio Storico Diocesano","description":"Diocesi di Lodi","publisher":{"@id":"https:\/\/www.diocesi.lodi.it\/archivio\/#organization"},"potentialAction":[{"@type":"SearchAction","target":{"@type":"EntryPoint","urlTemplate":"https:\/\/www.diocesi.lodi.it\/archivio\/?s={search_term_string}"},"query-input":"required name=search_term_string"}],"inLanguage":"it-IT"},{"@type":"Organization","@id":"https:\/\/www.diocesi.lodi.it\/archivio\/#organization","name":"Archivio Storico Diocesano","url":"https:\/\/www.diocesi.lodi.it\/archivio\/","logo":{"@type":"ImageObject","inLanguage":"it-IT","@id":"https:\/\/www.diocesi.lodi.it\/archivio\/#\/schema\/logo\/image\/","url":"https:\/\/www.diocesi.lodi.it\/archivio\/wp-content\/uploads\/sites\/6\/2023\/10\/lodi-ico.png","contentUrl":"https:\/\/www.diocesi.lodi.it\/archivio\/wp-content\/uploads\/sites\/6\/2023\/10\/lodi-ico.png","width":191,"height":190,"caption":"Archivio Storico Diocesano"},"image":{"@id":"https:\/\/www.diocesi.lodi.it\/archivio\/#\/schema\/logo\/image\/"}}]}},"publishpress_future_action":{"enabled":false,"date":"2026-05-07 07:26:08","action":"change-status","newStatus":"draft","terms":[],"taxonomy":""},"_links":{"self":[{"href":"https:\/\/www.diocesi.lodi.it\/archivio\/wp-json\/wp\/v2\/pages\/264"}],"collection":[{"href":"https:\/\/www.diocesi.lodi.it\/archivio\/wp-json\/wp\/v2\/pages"}],"about":[{"href":"https:\/\/www.diocesi.lodi.it\/archivio\/wp-json\/wp\/v2\/types\/page"}],"author":[{"embeddable":true,"href":"https:\/\/www.diocesi.lodi.it\/archivio\/wp-json\/wp\/v2\/users\/11"}],"replies":[{"embeddable":true,"href":"https:\/\/www.diocesi.lodi.it\/archivio\/wp-json\/wp\/v2\/comments?post=264"}],"version-history":[{"count":0,"href":"https:\/\/www.diocesi.lodi.it\/archivio\/wp-json\/wp\/v2\/pages\/264\/revisions"}],"wp:attachment":[{"href":"https:\/\/www.diocesi.lodi.it\/archivio\/wp-json\/wp\/v2\/media?parent=264"}],"curies":[{"name":"wp","href":"https:\/\/api.w.org\/{rel}","templated":true}]}}