{"id":293,"date":"2018-10-17T10:03:53","date_gmt":"2018-10-17T08:03:53","guid":{"rendered":"https:\/\/www.diocesi.lodi.it\/archivio\/?page_id=293"},"modified":"2018-12-13T15:03:32","modified_gmt":"2018-12-13T14:03:32","slug":"ricerca-genealogica","status":"publish","type":"page","link":"https:\/\/www.diocesi.lodi.it\/archivio\/ricerca-genealogica\/","title":{"rendered":"Ricerca genealogica"},"content":{"rendered":"<h3 style=\"text-align: center;\">LA RICERCA GENEALOGICA IN ARCHIVIO DIOCESANO<\/h3>\n<p><img loading=\"lazy\" decoding=\"async\" class=\"wp-image-450 size-full aligncenter\" src=\"https:\/\/www.diocesi.lodi.it\/archivio\/wp-content\/uploads\/sites\/6\/2018\/12\/emigranti1.jpg\" alt=\"\" width=\"400\" height=\"251\" srcset=\"https:\/\/www.diocesi.lodi.it\/archivio\/wp-content\/uploads\/sites\/6\/2018\/12\/emigranti1.jpg 400w, https:\/\/www.diocesi.lodi.it\/archivio\/wp-content\/uploads\/sites\/6\/2018\/12\/emigranti1-300x188.jpg 300w, https:\/\/www.diocesi.lodi.it\/archivio\/wp-content\/uploads\/sites\/6\/2018\/12\/emigranti1-360x226.jpg 360w\" sizes=\"(max-width: 400px) 100vw, 400px\" \/><\/p>\n<p>&nbsp;<\/p>\n<p><strong>Presso l\u2019Archivio \u00e8 possibile eseguire ricerche anagrafiche e genealogiche<\/strong> tramite le seguenti fonti di ricerca (con esclusione dei documenti degli ultimi 70 anni):<\/p>\n<ul>\n<li><strong>I Libri dei Sacramenti<\/strong> (battesimi, cresime, matrimoni e morti) <strong>di tutte le parrocchie della Diocesi di Lodi<\/strong>, a partire dal 1770, salvo lacune in alcuni periodi, come risulta dall\u2019<a href=\"https:\/\/www.diocesi.lodi.it\/archivio\/wp-content\/uploads\/sites\/6\/2018\/11\/anagrafe_inventario_analitico.pdf\" target=\"_blank\" rel=\"noopener\"><strong>inventario<\/strong> pubblicato<\/a>. Sono ordinati per parrocchia.<\/li>\n<li><strong>Gli Stati liberi della Diocesi <\/strong>(a partire dal 1801), le pratiche per l\u2019attestazione di stato libero matrimoniale. Contengono decreti, verbali degli interrogatori, certificati dei sacramenti, e informazioni sugli sposi. Sono ordinati per anno. Un faldone contiene gli stati liberi del secolo XIX in ordine cronologico suddivisi per episcopato.<\/li>\n<li><strong>Le Dispense matrimoniali <\/strong>(1659 &#8211; 1889), le pratiche di dispensa per gli impedimenti matrimoniali (consanguineit\u00e0, affinit\u00e0, ecc.). Contengono le richieste di dispensa degli sposi, i decreti, gli alberi genealogici, i certificati dei sacramenti. Sono in ordine cronologico.<\/li>\n<\/ul>\n<h3><\/h3>\n<h3>FARE UNA RICERCA GENEALOGICA<\/h3>\n<p>Per ricostruire la storia della propria famiglia \u00e8 necessario cominciare dalle informazioni possedute sugli antenati pi\u00f9 recenti, e da qui risalire nel tempo con l\u2019indagine, annotando le informazioni sulla paternit\u00e0 e maternit\u00e0 dei soggetti cercati. In questo primo momento sono utili i <strong>ricordi dei parenti<\/strong>. Qualsiasi informazione \u00e8 importante: le date dei momenti pi\u00f9 significativi (<strong>nascita<\/strong>, <strong>matrimonio<\/strong>, <strong>morte<\/strong>), dei luoghi (<strong>residenza<\/strong>, <strong>domicilio<\/strong>, <strong>professione<\/strong>), dei beni posseduti (case, terreni), dei legami sociali (rapporti con amici, associazioni, enti, ecc.).<\/p>\n<p>&nbsp;<\/p>\n<h3>Le fonti documentarie<\/h3>\n<p><img loading=\"lazy\" decoding=\"async\" class=\"size-full wp-image-452 alignright\" src=\"https:\/\/www.diocesi.lodi.it\/archivio\/wp-content\/uploads\/sites\/6\/2018\/12\/emigranti2.jpg\" alt=\"\" width=\"320\" height=\"425\" srcset=\"https:\/\/www.diocesi.lodi.it\/archivio\/wp-content\/uploads\/sites\/6\/2018\/12\/emigranti2.jpg 320w, https:\/\/www.diocesi.lodi.it\/archivio\/wp-content\/uploads\/sites\/6\/2018\/12\/emigranti2-226x300.jpg 226w, https:\/\/www.diocesi.lodi.it\/archivio\/wp-content\/uploads\/sites\/6\/2018\/12\/emigranti2-211x280.jpg 211w\" sizes=\"(max-width: 320px) 100vw, 320px\" \/>Gli archivi non sono tutti uguali, cos\u00ec come il loro ordinamento interno. Per condurre una ricerca genealogica occorre consultare gli inventari, le banche dati esistenti, oppure chiedere assistenza al personale archivistico.<\/p>\n<p>Una prima ricerca \u00e8 possibile tra i <strong>registri dell&#8217;anagrafe negli archivi comunali per il periodo che va dall\u2019Unit\u00e0 d\u2019Italia a oggi<\/strong>, considerando il periodo escluso dalla consultazione per legge.<\/p>\n<p>Nel caso dei bambini esposti e adottati, \u00e8 utile consultare gli archivi degli orfanotrofi. Per la provincia di Milano e Lodi consultare l\u2019archivio del <a href=\"http:\/\/www.cittametropolitana.mi.it\/brefotrofio_milano\/Archivio\/index.html\" target=\"_blank\" rel=\"noopener\">Brefotrofio di Milano<\/a><\/p>\n<p>Per le ricerche del periodo preunitario si deve cercare nei <strong>Libri dei sacramenti <\/strong>che si trovano <strong>negli archivi diocesani o parrocchiali. <\/strong><\/p>\n<p>Altri documenti utili possono essere gli <strong>Stati delle anime<\/strong>, che si trovano nelle parrocchie e registrano lo stato di famiglia, gli <strong>Stati liberi<\/strong>, conservati negli archivi diocesani, che attestano lo stato libero dei futuri sposi, e le <strong>Dispense matrimoniali<\/strong>, sempre conservati negli archivi diocesani, utili solo nel caso gli sposi abbiano avuto un legame di parentela fino al quarto grado per la quale \u00e8 stata chiesta la dispensa.<\/p>\n<p>Quando si \u00e8 esaurita la fonte anagrafica conservata (i primi libri dei sacramenti risalgono all\u2019ultimo quarto del XVI secolo), si pu\u00f2 condurre la ricerca negli <strong>atti dei notai<\/strong>, in presenza di informazioni sui beni o eredit\u00e0 trasmesse.<\/p>\n<p>Se l&#8217;antenato \u00e8 emigrato in cerca di lavoro, \u00e8 possibile consultare gli <strong>archivi dei Tribunali, delle Prefetture regie, delle Capitanerie di Porto<\/strong> (soprattutto Genova, Napoli e Marsiglia): i cittadini italiani per emigrare necessitavano di un visto, e possono essere stati registrati nell&#8217;elenco di imbarco o di sbarco.<\/p>\n<p>&nbsp;<\/p>\n<h3>Difficolt\u00e0 nella ricerca<\/h3>\n<p>La complessit\u00e0 di una ricerca genealogica \u00e8 data dalla <strong>mobilit\u00e0 delle famiglie e delle persone<\/strong>: cambi di residenza e di domicilio, frequentemente legati all\u2019attivit\u00e0 professionale, rendono spesso difficile il proseguimento dell&#8217;indagine.<\/p>\n<p>Altre difficolt\u00e0 sono legate alla lettura delle scritture antiche dei documenti: quelli ecclesiastici, in particolare, sono scritti in <strong>lingua latina<\/strong>.<\/p>\n<p>Un\u2019altra attenzione \u00e8 da prestare alle <strong>date<\/strong> e all\u2019et\u00e0 dichiarata dai parenti ai fini della compilazione dell&#8217;atto di morte che non sempre \u00e8 corrispondente a quella vera; oppure alle <strong>omonimie<\/strong>, e ai cosiddetti <strong>nomi d\u2019uso<\/strong> che possono depistare le ricerche.<\/p>\n<p>&nbsp;<\/p>\n<h3>Strumenti utili<\/h3>\n<ul>\n<li>Il <a href=\"http:\/\/www.antenati.san.beniculturali.it\/\" target=\"_blank\" rel=\"noopener\">Portale Antenati<\/a>\u00a0permette una ricerca per nome, di sfogliare i registri anagrafici digitalizzati e di conoscere le fonti possibili per questo tipo di ricerca.<\/li>\n<li>Lorenzo Caratti di Valtrei,\u00a0<em>Manuale di Genealogia, profilo, fonti, metodologie<\/em>, Roma, 2004.<\/li>\n<\/ul>\n","protected":false},"excerpt":{"rendered":"<p>LA RICERCA GENEALOGICA IN ARCHIVIO DIOCESANO &nbsp; Presso l\u2019Archivio \u00e8 possibile eseguire ricerche anagrafiche e genealogiche tramite le seguenti fonti di ricerca (con esclusione dei documenti degli ultimi 70 anni): I Libri dei Sacramenti (battesimi, cresime, matrimoni e morti) di tutte le parrocchie della Diocesi di Lodi, a partire dal 1770, salvo lacune in alcuni [&hellip;]<\/p>\n","protected":false},"author":0,"featured_media":0,"parent":0,"menu_order":0,"comment_status":"closed","ping_status":"closed","template":"","meta":{"_acf_changed":false,"ip_address":"","user_agent":"","level":"","revision":"","cookie_id":"","page_referer":"","html_form":"","footnotes":""},"acf":[],"yoast_head":"<!-- This site is optimized with the Yoast SEO plugin v22.3 - https:\/\/yoast.com\/wordpress\/plugins\/seo\/ -->\n<title>Ricerca genealogica - Archivio Storico Diocesano<\/title>\n<meta name=\"robots\" content=\"index, follow, max-snippet:-1, max-image-preview:large, max-video-preview:-1\" \/>\n<link rel=\"canonical\" href=\"https:\/\/www.diocesi.lodi.it\/archivio\/ricerca-genealogica\/\" \/>\n<meta property=\"og:locale\" content=\"it_IT\" \/>\n<meta property=\"og:type\" content=\"article\" \/>\n<meta property=\"og:title\" content=\"Ricerca genealogica - Archivio Storico Diocesano\" \/>\n<meta property=\"og:description\" content=\"LA RICERCA GENEALOGICA IN ARCHIVIO DIOCESANO &nbsp; Presso l\u2019Archivio \u00e8 possibile eseguire ricerche anagrafiche e genealogiche tramite le seguenti fonti di ricerca (con esclusione dei documenti degli ultimi 70 anni): I Libri dei Sacramenti (battesimi, cresime, matrimoni e morti) di tutte le parrocchie della Diocesi di Lodi, a partire dal 1770, salvo lacune in alcuni [&hellip;]\" \/>\n<meta property=\"og:url\" content=\"https:\/\/www.diocesi.lodi.it\/archivio\/ricerca-genealogica\/\" \/>\n<meta property=\"og:site_name\" content=\"Archivio Storico Diocesano\" \/>\n<meta property=\"article:modified_time\" content=\"2018-12-13T14:03:32+00:00\" \/>\n<meta property=\"og:image\" content=\"https:\/\/www.diocesi.lodi.it\/archivio\/wp-content\/uploads\/sites\/6\/2018\/12\/emigranti1.jpg\" \/>\n<meta name=\"twitter:card\" content=\"summary_large_image\" \/>\n<meta name=\"twitter:label1\" content=\"Tempo di lettura stimato\" \/>\n\t<meta name=\"twitter:data1\" content=\"3 minuti\" \/>\n<script type=\"application\/ld+json\" class=\"yoast-schema-graph\">{\"@context\":\"https:\/\/schema.org\",\"@graph\":[{\"@type\":\"WebPage\",\"@id\":\"https:\/\/www.diocesi.lodi.it\/archivio\/ricerca-genealogica\/\",\"url\":\"https:\/\/www.diocesi.lodi.it\/archivio\/ricerca-genealogica\/\",\"name\":\"Ricerca genealogica - Archivio Storico Diocesano\",\"isPartOf\":{\"@id\":\"https:\/\/www.diocesi.lodi.it\/archivio\/#website\"},\"primaryImageOfPage\":{\"@id\":\"https:\/\/www.diocesi.lodi.it\/archivio\/ricerca-genealogica\/#primaryimage\"},\"image\":{\"@id\":\"https:\/\/www.diocesi.lodi.it\/archivio\/ricerca-genealogica\/#primaryimage\"},\"thumbnailUrl\":\"https:\/\/www.diocesi.lodi.it\/archivio\/wp-content\/uploads\/sites\/6\/2018\/12\/emigranti1.jpg\",\"datePublished\":\"2018-10-17T08:03:53+00:00\",\"dateModified\":\"2018-12-13T14:03:32+00:00\",\"breadcrumb\":{\"@id\":\"https:\/\/www.diocesi.lodi.it\/archivio\/ricerca-genealogica\/#breadcrumb\"},\"inLanguage\":\"it-IT\",\"potentialAction\":[{\"@type\":\"ReadAction\",\"target\":[\"https:\/\/www.diocesi.lodi.it\/archivio\/ricerca-genealogica\/\"]}]},{\"@type\":\"ImageObject\",\"inLanguage\":\"it-IT\",\"@id\":\"https:\/\/www.diocesi.lodi.it\/archivio\/ricerca-genealogica\/#primaryimage\",\"url\":\"https:\/\/www.diocesi.lodi.it\/archivio\/wp-content\/uploads\/sites\/6\/2018\/12\/emigranti1.jpg\",\"contentUrl\":\"https:\/\/www.diocesi.lodi.it\/archivio\/wp-content\/uploads\/sites\/6\/2018\/12\/emigranti1.jpg\",\"width\":400,\"height\":251},{\"@type\":\"BreadcrumbList\",\"@id\":\"https:\/\/www.diocesi.lodi.it\/archivio\/ricerca-genealogica\/#breadcrumb\",\"itemListElement\":[{\"@type\":\"ListItem\",\"position\":1,\"name\":\"Home\",\"item\":\"https:\/\/www.diocesi.lodi.it\/archivio\/\"},{\"@type\":\"ListItem\",\"position\":2,\"name\":\"Ricerca genealogica\"}]},{\"@type\":\"WebSite\",\"@id\":\"https:\/\/www.diocesi.lodi.it\/archivio\/#website\",\"url\":\"https:\/\/www.diocesi.lodi.it\/archivio\/\",\"name\":\"Archivio Storico Diocesano\",\"description\":\"Diocesi di Lodi\",\"publisher\":{\"@id\":\"https:\/\/www.diocesi.lodi.it\/archivio\/#organization\"},\"potentialAction\":[{\"@type\":\"SearchAction\",\"target\":{\"@type\":\"EntryPoint\",\"urlTemplate\":\"https:\/\/www.diocesi.lodi.it\/archivio\/?s={search_term_string}\"},\"query-input\":\"required name=search_term_string\"}],\"inLanguage\":\"it-IT\"},{\"@type\":\"Organization\",\"@id\":\"https:\/\/www.diocesi.lodi.it\/archivio\/#organization\",\"name\":\"Archivio Storico Diocesano\",\"url\":\"https:\/\/www.diocesi.lodi.it\/archivio\/\",\"logo\":{\"@type\":\"ImageObject\",\"inLanguage\":\"it-IT\",\"@id\":\"https:\/\/www.diocesi.lodi.it\/archivio\/#\/schema\/logo\/image\/\",\"url\":\"https:\/\/www.diocesi.lodi.it\/archivio\/wp-content\/uploads\/sites\/6\/2023\/10\/lodi-ico.png\",\"contentUrl\":\"https:\/\/www.diocesi.lodi.it\/archivio\/wp-content\/uploads\/sites\/6\/2023\/10\/lodi-ico.png\",\"width\":191,\"height\":190,\"caption\":\"Archivio Storico Diocesano\"},\"image\":{\"@id\":\"https:\/\/www.diocesi.lodi.it\/archivio\/#\/schema\/logo\/image\/\"}}]}<\/script>\n<!-- \/ Yoast SEO plugin. -->","yoast_head_json":{"title":"Ricerca genealogica - Archivio Storico Diocesano","robots":{"index":"index","follow":"follow","max-snippet":"max-snippet:-1","max-image-preview":"max-image-preview:large","max-video-preview":"max-video-preview:-1"},"canonical":"https:\/\/www.diocesi.lodi.it\/archivio\/ricerca-genealogica\/","og_locale":"it_IT","og_type":"article","og_title":"Ricerca genealogica - Archivio Storico Diocesano","og_description":"LA RICERCA GENEALOGICA IN ARCHIVIO DIOCESANO &nbsp; Presso l\u2019Archivio \u00e8 possibile eseguire ricerche anagrafiche e genealogiche tramite le seguenti fonti di ricerca (con esclusione dei documenti degli ultimi 70 anni): I Libri dei Sacramenti (battesimi, cresime, matrimoni e morti) di tutte le parrocchie della Diocesi di Lodi, a partire dal 1770, salvo lacune in alcuni [&hellip;]","og_url":"https:\/\/www.diocesi.lodi.it\/archivio\/ricerca-genealogica\/","og_site_name":"Archivio Storico Diocesano","article_modified_time":"2018-12-13T14:03:32+00:00","og_image":[{"url":"https:\/\/www.diocesi.lodi.it\/archivio\/wp-content\/uploads\/sites\/6\/2018\/12\/emigranti1.jpg"}],"twitter_card":"summary_large_image","twitter_misc":{"Tempo di lettura stimato":"3 minuti"},"schema":{"@context":"https:\/\/schema.org","@graph":[{"@type":"WebPage","@id":"https:\/\/www.diocesi.lodi.it\/archivio\/ricerca-genealogica\/","url":"https:\/\/www.diocesi.lodi.it\/archivio\/ricerca-genealogica\/","name":"Ricerca genealogica - Archivio Storico Diocesano","isPartOf":{"@id":"https:\/\/www.diocesi.lodi.it\/archivio\/#website"},"primaryImageOfPage":{"@id":"https:\/\/www.diocesi.lodi.it\/archivio\/ricerca-genealogica\/#primaryimage"},"image":{"@id":"https:\/\/www.diocesi.lodi.it\/archivio\/ricerca-genealogica\/#primaryimage"},"thumbnailUrl":"https:\/\/www.diocesi.lodi.it\/archivio\/wp-content\/uploads\/sites\/6\/2018\/12\/emigranti1.jpg","datePublished":"2018-10-17T08:03:53+00:00","dateModified":"2018-12-13T14:03:32+00:00","breadcrumb":{"@id":"https:\/\/www.diocesi.lodi.it\/archivio\/ricerca-genealogica\/#breadcrumb"},"inLanguage":"it-IT","potentialAction":[{"@type":"ReadAction","target":["https:\/\/www.diocesi.lodi.it\/archivio\/ricerca-genealogica\/"]}]},{"@type":"ImageObject","inLanguage":"it-IT","@id":"https:\/\/www.diocesi.lodi.it\/archivio\/ricerca-genealogica\/#primaryimage","url":"https:\/\/www.diocesi.lodi.it\/archivio\/wp-content\/uploads\/sites\/6\/2018\/12\/emigranti1.jpg","contentUrl":"https:\/\/www.diocesi.lodi.it\/archivio\/wp-content\/uploads\/sites\/6\/2018\/12\/emigranti1.jpg","width":400,"height":251},{"@type":"BreadcrumbList","@id":"https:\/\/www.diocesi.lodi.it\/archivio\/ricerca-genealogica\/#breadcrumb","itemListElement":[{"@type":"ListItem","position":1,"name":"Home","item":"https:\/\/www.diocesi.lodi.it\/archivio\/"},{"@type":"ListItem","position":2,"name":"Ricerca genealogica"}]},{"@type":"WebSite","@id":"https:\/\/www.diocesi.lodi.it\/archivio\/#website","url":"https:\/\/www.diocesi.lodi.it\/archivio\/","name":"Archivio Storico Diocesano","description":"Diocesi di Lodi","publisher":{"@id":"https:\/\/www.diocesi.lodi.it\/archivio\/#organization"},"potentialAction":[{"@type":"SearchAction","target":{"@type":"EntryPoint","urlTemplate":"https:\/\/www.diocesi.lodi.it\/archivio\/?s={search_term_string}"},"query-input":"required name=search_term_string"}],"inLanguage":"it-IT"},{"@type":"Organization","@id":"https:\/\/www.diocesi.lodi.it\/archivio\/#organization","name":"Archivio Storico Diocesano","url":"https:\/\/www.diocesi.lodi.it\/archivio\/","logo":{"@type":"ImageObject","inLanguage":"it-IT","@id":"https:\/\/www.diocesi.lodi.it\/archivio\/#\/schema\/logo\/image\/","url":"https:\/\/www.diocesi.lodi.it\/archivio\/wp-content\/uploads\/sites\/6\/2023\/10\/lodi-ico.png","contentUrl":"https:\/\/www.diocesi.lodi.it\/archivio\/wp-content\/uploads\/sites\/6\/2023\/10\/lodi-ico.png","width":191,"height":190,"caption":"Archivio Storico Diocesano"},"image":{"@id":"https:\/\/www.diocesi.lodi.it\/archivio\/#\/schema\/logo\/image\/"}}]}},"publishpress_future_action":{"enabled":false,"date":"2026-04-11 15:04:21","action":"change-status","newStatus":"draft","terms":[],"taxonomy":""},"_links":{"self":[{"href":"https:\/\/www.diocesi.lodi.it\/archivio\/wp-json\/wp\/v2\/pages\/293"}],"collection":[{"href":"https:\/\/www.diocesi.lodi.it\/archivio\/wp-json\/wp\/v2\/pages"}],"about":[{"href":"https:\/\/www.diocesi.lodi.it\/archivio\/wp-json\/wp\/v2\/types\/page"}],"author":[{"embeddable":true,"href":"https:\/\/www.diocesi.lodi.it\/archivio\/wp-json\/wp\/v2\/users\/11"}],"replies":[{"embeddable":true,"href":"https:\/\/www.diocesi.lodi.it\/archivio\/wp-json\/wp\/v2\/comments?post=293"}],"version-history":[{"count":1,"href":"https:\/\/www.diocesi.lodi.it\/archivio\/wp-json\/wp\/v2\/pages\/293\/revisions"}],"predecessor-version":[{"id":451,"href":"https:\/\/www.diocesi.lodi.it\/archivio\/wp-json\/wp\/v2\/pages\/293\/revisions\/451"}],"wp:attachment":[{"href":"https:\/\/www.diocesi.lodi.it\/archivio\/wp-json\/wp\/v2\/media?parent=293"}],"curies":[{"name":"wp","href":"https:\/\/api.w.org\/{rel}","templated":true}]}}