{"id":113,"date":"2024-01-26T18:03:48","date_gmt":"2024-01-26T17:03:48","guid":{"rendered":"https:\/\/www.diocesi.lodi.it\/giovani\/?page_id=113"},"modified":"2024-01-26T18:10:23","modified_gmt":"2024-01-26T17:10:23","slug":"lisbona-2023","status":"publish","type":"page","link":"https:\/\/www.diocesi.lodi.it\/giovani\/lisbona-2023\/","title":{"rendered":"Lisbona 2023"},"content":{"rendered":"<div id=\"pl-113\"  class=\"panel-layout\" ><div id=\"pg-113-0\"  class=\"panel-grid panel-no-style\" ><div id=\"pgc-113-0-0\"  class=\"panel-grid-cell\" ><div id=\"panel-113-0-0-0\" class=\"so-panel widget widget_media_video panel-first-child panel-last-child\" data-index=\"0\" ><div style=\"width:100%;\" class=\"wp-video\"><!--[if lt IE 9]><script>document.createElement('video');<\/script><![endif]-->\n<video class=\"wp-video-shortcode\" id=\"video-113-1\" preload=\"metadata\" controls=\"controls\"><source type=\"video\/youtube\" src=\"https:\/\/youtu.be\/H1x2t2EstlI?_=1\" \/><a href=\"https:\/\/youtu.be\/H1x2t2EstlI\">https:\/\/youtu.be\/H1x2t2EstlI<\/a><\/video><\/div><\/div><\/div><\/div><div id=\"pg-113-1\"  class=\"panel-grid panel-no-style\" ><div id=\"pgc-113-1-0\"  class=\"panel-grid-cell\" ><div id=\"panel-113-1-0-0\" class=\"so-panel widget widget_media_audio panel-first-child panel-last-child\" data-index=\"1\" ><h3 class=\"widget-title\">Inno Portoghese<\/h3><!--[if lt IE 9]><script>document.createElement('audio');<\/script><![endif]-->\n<audio class=\"wp-audio-shortcode\" id=\"audio-113-1\" preload=\"none\" style=\"width: 100%;\" controls=\"controls\"><source type=\"audio\/mpeg\" src=\"https:\/\/www.diocesi.lodi.it\/giovani\/wp-content\/uploads\/sites\/16\/2024\/01\/HaPressanoAr_Portugues.mp3?_=1\" \/><source type=\"audio\/mpeg\" src=\"https:\/\/www.diocesi.lodi.it\/giovani\/wp-content\/uploads\/sites\/16\/2024\/01\/HaPressanoAr_Portugues.mp3?_=1\" \/><a href=\"https:\/\/www.diocesi.lodi.it\/giovani\/wp-content\/uploads\/sites\/16\/2024\/01\/HaPressanoAr_Portugues.mp3\">https:\/\/www.diocesi.lodi.it\/giovani\/wp-content\/uploads\/sites\/16\/2024\/01\/HaPressanoAr_Portugues.mp3<\/a><\/audio><\/div><\/div><div id=\"pgc-113-1-1\"  class=\"panel-grid-cell\" ><div id=\"panel-113-1-1-0\" class=\"so-panel widget widget_media_audio panel-first-child panel-last-child\" data-index=\"2\" ><h3 class=\"widget-title\">Inno Internazionale<\/h3><audio class=\"wp-audio-shortcode\" id=\"audio-113-2\" preload=\"none\" style=\"width: 100%;\" controls=\"controls\"><source type=\"audio\/mpeg\" src=\"https:\/\/www.diocesi.lodi.it\/giovani\/wp-content\/uploads\/sites\/16\/2024\/01\/HaPressanoAr_Internacional.mp3?_=2\" \/><source type=\"audio\/mpeg\" src=\"https:\/\/www.diocesi.lodi.it\/giovani\/wp-content\/uploads\/sites\/16\/2024\/01\/HaPressanoAr_Internacional.mp3?_=2\" \/><a href=\"https:\/\/www.diocesi.lodi.it\/giovani\/wp-content\/uploads\/sites\/16\/2024\/01\/HaPressanoAr_Internacional.mp3\">https:\/\/www.diocesi.lodi.it\/giovani\/wp-content\/uploads\/sites\/16\/2024\/01\/HaPressanoAr_Internacional.mp3<\/a><\/audio><\/div><\/div><\/div><div id=\"pg-113-2\"  class=\"panel-grid panel-no-style\" ><div id=\"pgc-113-2-0\"  class=\"panel-grid-cell\" ><div id=\"panel-113-2-0-0\" class=\"so-panel widget widget_sow-button panel-first-child panel-last-child\" data-index=\"3\" ><div\n\t\t\t\n\t\t\tclass=\"so-widget-sow-button so-widget-sow-button-flat-bbd91a7320f6-113\"\n\t\t\t\n\t\t><div class=\"ow-button-base ow-button-align-center\">\n\t<a\n\thref=\"https:\/\/www.diocesi.lodi.it\/giovani\/wp-content\/uploads\/sites\/16\/2024\/01\/Spartito-Inno-Lisbona2023_compressed.pdf\"\n\t\tclass=\"ow-icon-placement-left\" target=\"_blank\" rel=\"noopener noreferrer\" \t>\n\t\t<span>\n\t\t\t<span class=\"sow-icon-fontawesome sow-fas\" data-sow-icon=\"&#xf001;\"\n\t\tstyle=\"color: #ffffff\" \n\t\taria-hidden=\"true\"><\/span>\n\t\t\tScarica lo spartito\t\t<\/span>\n\t<\/a>\n<\/div>\n<\/div><\/div><\/div><\/div><div id=\"pg-113-3\"  class=\"panel-grid panel-no-style\" ><div id=\"pgc-113-3-0\"  class=\"panel-grid-cell\" ><div id=\"panel-113-3-0-0\" class=\"so-panel widget widget_sow-editor panel-first-child panel-last-child\" data-index=\"4\" ><div\n\t\t\t\n\t\t\tclass=\"so-widget-sow-editor so-widget-sow-editor-base\"\n\t\t\t\n\t\t><h3 class=\"widget-title\">Testo<\/h3>\n<div class=\"siteorigin-widget-tinymce textwidget\">\n\t<p>De todo o mundo para este lugar,<br \/>\nPartimos, vo\u00e1mos, cheg\u00e1mos aqui.<br \/>\nCom Maria, ensaiamos um sim.<br \/>\nQueremos servir, fazer a vontade<br \/>\nDo Pai, nosso Pai.<br \/>\nChamados a ser com Cristo Jesus,<br \/>\nQueremos dar, queremos estar,<br \/>\nDispostos ao sim, fazer como a M\u00e3e.<\/p>\n<p>REFR\u00c3O:<br \/>\nTodos v\u00e3o ouvir a nossa voz,<br \/>\nLevantemos bra\u00e7os, h\u00e1 pressa no ar.<br \/>\nJesus vive e n\u00e3o nos deixa s\u00f3s:<br \/>\nN\u00e3o mais deixaremos de amar.<\/p>\n<p>Tu que andas \u00e0 procura de ti<br \/>\nParte \u00e0 descoberta, vem ver o que eu vi.<br \/>\nVem connosco, vem olhar para al\u00e9m<br \/>\nDaquilo que fazes e que n\u00e3o te deixa<br \/>\nSorrir e amar.<br \/>\nN\u00e3o olhes para tr\u00e1s, n\u00e3o digas que n\u00e3o.<br \/>\nOuve o teu cora\u00e7\u00e3o,<br \/>\nE parte, sem medo, nesta miss\u00e3o.<\/p>\n<p>[Refr\u00e3o]<\/p>\n<p>Foi Maria quem primeiro acolheu<br \/>\nA grande surpresa da vida sem fim.<br \/>\nConfiante e simples, quis receber<br \/>\nT\u00e3o grande mist\u00e9rio de um Deus que \u00e9<br \/>\np\u2019ra sempre \/ Por ti e por mim.<br \/>\nN\u00e3o posso calar, n\u00e3o posso deixar<br \/>\nDe dizer: \u201cMeu Senhor,<br \/>\nConta comigo, n\u00e3o mais calarei!\u201d.<\/p>\n<p>[Refr\u00e3o]<\/p>\n<p>Sem ter d\u00favidas da sua miss\u00e3o,<br \/>\nMaria, t\u00e3o jovem, depressa deixou<br \/>\nSua casa e p\u2019la montanha subiu,<br \/>\nP\u2019ra ver Isabel e logo encontrou<br \/>\nSauda\u00e7\u00e3o, comunh\u00e3o.<br \/>\nO fruto \u00e9 bendito, \u00e9 o meu Senhor!<br \/>\nE eu tamb\u00e9m quero ouvir:<br \/>\n\u201cPorque acreditaste, para sempre \u00e9s feliz!\u201d.<\/p>\n<p>[Refr\u00e3o]<\/p>\n<\/div>\n<\/div><\/div><\/div><\/div><\/div>","protected":false},"excerpt":{"rendered":"<p>https:\/\/youtu.be\/H1x2t2EstlIInno Portoghesehttps:\/\/www.diocesi.lodi.it\/giovani\/wp-content\/uploads\/sites\/16\/2024\/01\/HaPressanoAr_Portugues.mp3Inno Internazionalehttps:\/\/www.diocesi.lodi.it\/giovani\/wp-content\/uploads\/sites\/16\/2024\/01\/HaPressanoAr_Internacional.mp3 Scarica lo spartito Testo De todo o mundo para este lugar, Partimos, vo\u00e1mos, cheg\u00e1mos aqui. Com Maria, ensaiamos um sim. Queremos servir, fazer a vontade Do Pai, nosso Pai. Chamados a ser com Cristo Jesus, Queremos dar, queremos estar, Dispostos ao sim, fazer como a M\u00e3e. REFR\u00c3O: Todos v\u00e3o ouvir a nossa [&hellip;]<\/p>\n","protected":false},"author":0,"featured_media":0,"parent":0,"menu_order":0,"comment_status":"closed","ping_status":"closed","template":"","meta":{"_acf_changed":false,"ip_address":"","user_agent":"","level":"","revision":"","cookie_id":"","page_referer":"","html_form":"","footnotes":""},"acf":[],"yoast_head":"<!-- This site is optimized with the Yoast SEO plugin v22.3 - https:\/\/yoast.com\/wordpress\/plugins\/seo\/ -->\n<title>Lisbona 2023 - Pastorale Giovanile<\/title>\n<meta name=\"robots\" content=\"index, follow, max-snippet:-1, max-image-preview:large, max-video-preview:-1\" \/>\n<link rel=\"canonical\" href=\"https:\/\/www.diocesi.lodi.it\/giovani\/lisbona-2023\/\" \/>\n<meta property=\"og:locale\" content=\"it_IT\" \/>\n<meta property=\"og:type\" content=\"article\" \/>\n<meta property=\"og:title\" content=\"Lisbona 2023 - Pastorale Giovanile\" \/>\n<meta property=\"og:description\" content=\"https:\/\/youtu.be\/H1x2t2EstlIInno Portoghesehttps:\/\/www.diocesi.lodi.it\/giovani\/wp-content\/uploads\/sites\/16\/2024\/01\/HaPressanoAr_Portugues.mp3Inno Internazionalehttps:\/\/www.diocesi.lodi.it\/giovani\/wp-content\/uploads\/sites\/16\/2024\/01\/HaPressanoAr_Internacional.mp3 Scarica lo spartito Testo De todo o mundo para este lugar, Partimos, vo\u00e1mos, cheg\u00e1mos aqui. Com Maria, ensaiamos um sim. Queremos servir, fazer a vontade Do Pai, nosso Pai. Chamados a ser com Cristo Jesus, Queremos dar, queremos estar, Dispostos ao sim, fazer como a M\u00e3e. REFR\u00c3O: Todos v\u00e3o ouvir a nossa [&hellip;]\" \/>\n<meta property=\"og:url\" content=\"https:\/\/www.diocesi.lodi.it\/giovani\/lisbona-2023\/\" \/>\n<meta property=\"og:site_name\" content=\"Pastorale Giovanile\" \/>\n<meta property=\"article:modified_time\" content=\"2024-01-26T17:10:23+00:00\" \/>\n<meta name=\"twitter:card\" content=\"summary_large_image\" \/>\n<meta name=\"twitter:label1\" content=\"Tempo di lettura stimato\" \/>\n\t<meta name=\"twitter:data1\" content=\"2 minuti\" \/>\n<script type=\"application\/ld+json\" class=\"yoast-schema-graph\">{\"@context\":\"https:\/\/schema.org\",\"@graph\":[{\"@type\":\"WebPage\",\"@id\":\"https:\/\/www.diocesi.lodi.it\/giovani\/lisbona-2023\/\",\"url\":\"https:\/\/www.diocesi.lodi.it\/giovani\/lisbona-2023\/\",\"name\":\"Lisbona 2023 - Pastorale Giovanile\",\"isPartOf\":{\"@id\":\"https:\/\/www.diocesi.lodi.it\/giovani\/#website\"},\"datePublished\":\"2024-01-26T17:03:48+00:00\",\"dateModified\":\"2024-01-26T17:10:23+00:00\",\"breadcrumb\":{\"@id\":\"https:\/\/www.diocesi.lodi.it\/giovani\/lisbona-2023\/#breadcrumb\"},\"inLanguage\":\"it-IT\",\"potentialAction\":[{\"@type\":\"ReadAction\",\"target\":[\"https:\/\/www.diocesi.lodi.it\/giovani\/lisbona-2023\/\"]}]},{\"@type\":\"BreadcrumbList\",\"@id\":\"https:\/\/www.diocesi.lodi.it\/giovani\/lisbona-2023\/#breadcrumb\",\"itemListElement\":[{\"@type\":\"ListItem\",\"position\":1,\"name\":\"Home\",\"item\":\"https:\/\/www.diocesi.lodi.it\/giovani\/\"},{\"@type\":\"ListItem\",\"position\":2,\"name\":\"Lisbona 2023\"}]},{\"@type\":\"WebSite\",\"@id\":\"https:\/\/www.diocesi.lodi.it\/giovani\/#website\",\"url\":\"https:\/\/www.diocesi.lodi.it\/giovani\/\",\"name\":\"Pastorale Giovanile\",\"description\":\"Diocesi di LODI\",\"publisher\":{\"@id\":\"https:\/\/www.diocesi.lodi.it\/giovani\/#organization\"},\"potentialAction\":[{\"@type\":\"SearchAction\",\"target\":{\"@type\":\"EntryPoint\",\"urlTemplate\":\"https:\/\/www.diocesi.lodi.it\/giovani\/?s={search_term_string}\"},\"query-input\":\"required name=search_term_string\"}],\"inLanguage\":\"it-IT\"},{\"@type\":\"Organization\",\"@id\":\"https:\/\/www.diocesi.lodi.it\/giovani\/#organization\",\"name\":\"Pastorale Giovanile\",\"url\":\"https:\/\/www.diocesi.lodi.it\/giovani\/\",\"logo\":{\"@type\":\"ImageObject\",\"inLanguage\":\"it-IT\",\"@id\":\"https:\/\/www.diocesi.lodi.it\/giovani\/#\/schema\/logo\/image\/\",\"url\":\"https:\/\/www.diocesi.lodi.it\/giovani\/wp-content\/uploads\/sites\/16\/2024\/01\/cropped-cropped-Logo-1.png\",\"contentUrl\":\"https:\/\/www.diocesi.lodi.it\/giovani\/wp-content\/uploads\/sites\/16\/2024\/01\/cropped-cropped-Logo-1.png\",\"width\":156,\"height\":175,\"caption\":\"Pastorale Giovanile\"},\"image\":{\"@id\":\"https:\/\/www.diocesi.lodi.it\/giovani\/#\/schema\/logo\/image\/\"}}]}<\/script>\n<!-- \/ Yoast SEO plugin. -->","yoast_head_json":{"title":"Lisbona 2023 - Pastorale Giovanile","robots":{"index":"index","follow":"follow","max-snippet":"max-snippet:-1","max-image-preview":"max-image-preview:large","max-video-preview":"max-video-preview:-1"},"canonical":"https:\/\/www.diocesi.lodi.it\/giovani\/lisbona-2023\/","og_locale":"it_IT","og_type":"article","og_title":"Lisbona 2023 - Pastorale Giovanile","og_description":"https:\/\/youtu.be\/H1x2t2EstlIInno Portoghesehttps:\/\/www.diocesi.lodi.it\/giovani\/wp-content\/uploads\/sites\/16\/2024\/01\/HaPressanoAr_Portugues.mp3Inno Internazionalehttps:\/\/www.diocesi.lodi.it\/giovani\/wp-content\/uploads\/sites\/16\/2024\/01\/HaPressanoAr_Internacional.mp3 Scarica lo spartito Testo De todo o mundo para este lugar, Partimos, vo\u00e1mos, cheg\u00e1mos aqui. Com Maria, ensaiamos um sim. Queremos servir, fazer a vontade Do Pai, nosso Pai. Chamados a ser com Cristo Jesus, Queremos dar, queremos estar, Dispostos ao sim, fazer como a M\u00e3e. REFR\u00c3O: Todos v\u00e3o ouvir a nossa [&hellip;]","og_url":"https:\/\/www.diocesi.lodi.it\/giovani\/lisbona-2023\/","og_site_name":"Pastorale Giovanile","article_modified_time":"2024-01-26T17:10:23+00:00","twitter_card":"summary_large_image","twitter_misc":{"Tempo di lettura stimato":"2 minuti"},"schema":{"@context":"https:\/\/schema.org","@graph":[{"@type":"WebPage","@id":"https:\/\/www.diocesi.lodi.it\/giovani\/lisbona-2023\/","url":"https:\/\/www.diocesi.lodi.it\/giovani\/lisbona-2023\/","name":"Lisbona 2023 - Pastorale Giovanile","isPartOf":{"@id":"https:\/\/www.diocesi.lodi.it\/giovani\/#website"},"datePublished":"2024-01-26T17:03:48+00:00","dateModified":"2024-01-26T17:10:23+00:00","breadcrumb":{"@id":"https:\/\/www.diocesi.lodi.it\/giovani\/lisbona-2023\/#breadcrumb"},"inLanguage":"it-IT","potentialAction":[{"@type":"ReadAction","target":["https:\/\/www.diocesi.lodi.it\/giovani\/lisbona-2023\/"]}]},{"@type":"BreadcrumbList","@id":"https:\/\/www.diocesi.lodi.it\/giovani\/lisbona-2023\/#breadcrumb","itemListElement":[{"@type":"ListItem","position":1,"name":"Home","item":"https:\/\/www.diocesi.lodi.it\/giovani\/"},{"@type":"ListItem","position":2,"name":"Lisbona 2023"}]},{"@type":"WebSite","@id":"https:\/\/www.diocesi.lodi.it\/giovani\/#website","url":"https:\/\/www.diocesi.lodi.it\/giovani\/","name":"Pastorale Giovanile","description":"Diocesi di LODI","publisher":{"@id":"https:\/\/www.diocesi.lodi.it\/giovani\/#organization"},"potentialAction":[{"@type":"SearchAction","target":{"@type":"EntryPoint","urlTemplate":"https:\/\/www.diocesi.lodi.it\/giovani\/?s={search_term_string}"},"query-input":"required name=search_term_string"}],"inLanguage":"it-IT"},{"@type":"Organization","@id":"https:\/\/www.diocesi.lodi.it\/giovani\/#organization","name":"Pastorale Giovanile","url":"https:\/\/www.diocesi.lodi.it\/giovani\/","logo":{"@type":"ImageObject","inLanguage":"it-IT","@id":"https:\/\/www.diocesi.lodi.it\/giovani\/#\/schema\/logo\/image\/","url":"https:\/\/www.diocesi.lodi.it\/giovani\/wp-content\/uploads\/sites\/16\/2024\/01\/cropped-cropped-Logo-1.png","contentUrl":"https:\/\/www.diocesi.lodi.it\/giovani\/wp-content\/uploads\/sites\/16\/2024\/01\/cropped-cropped-Logo-1.png","width":156,"height":175,"caption":"Pastorale Giovanile"},"image":{"@id":"https:\/\/www.diocesi.lodi.it\/giovani\/#\/schema\/logo\/image\/"}}]}},"_links":{"self":[{"href":"https:\/\/www.diocesi.lodi.it\/giovani\/wp-json\/wp\/v2\/pages\/113"}],"collection":[{"href":"https:\/\/www.diocesi.lodi.it\/giovani\/wp-json\/wp\/v2\/pages"}],"about":[{"href":"https:\/\/www.diocesi.lodi.it\/giovani\/wp-json\/wp\/v2\/types\/page"}],"author":[{"embeddable":true,"href":"https:\/\/www.diocesi.lodi.it\/giovani\/wp-json\/wp\/v2\/users\/14"}],"replies":[{"embeddable":true,"href":"https:\/\/www.diocesi.lodi.it\/giovani\/wp-json\/wp\/v2\/comments?post=113"}],"version-history":[{"count":8,"href":"https:\/\/www.diocesi.lodi.it\/giovani\/wp-json\/wp\/v2\/pages\/113\/revisions"}],"predecessor-version":[{"id":135,"href":"https:\/\/www.diocesi.lodi.it\/giovani\/wp-json\/wp\/v2\/pages\/113\/revisions\/135"}],"wp:attachment":[{"href":"https:\/\/www.diocesi.lodi.it\/giovani\/wp-json\/wp\/v2\/media?parent=113"}],"curies":[{"name":"wp","href":"https:\/\/api.w.org\/{rel}","templated":true}]}}