{"id":137,"date":"2024-11-28T14:02:05","date_gmt":"2024-11-28T13:02:05","guid":{"rendered":"https:\/\/www.diocesi.lodi.it\/giubileo2025\/?page_id=137"},"modified":"2024-12-09T11:19:54","modified_gmt":"2024-12-09T10:19:54","slug":"santuario-di-maria-madre-del-salvatore","status":"publish","type":"page","link":"https:\/\/www.diocesi.lodi.it\/giubileo2025\/chiese-giubilari-diocesane\/santuario-di-maria-madre-del-salvatore\/","title":{"rendered":"Santuario di Maria Madre del Salvatore"},"content":{"rendered":"<p class=\"p1\"><strong>La Chiesa dedicata a San Salvario<\/strong> (dizione popolare di Santissimo Salvatore) <strong>\u00e8 molto antica, viene citata in documenti dell\u2019XI e XII secolo che trattavano di donazioni o elenchi di quote di tassazione<\/strong>. Dopo tali testimonianze non appare pi\u00f9 fino ad un documento del 1368 che elenca le Chiese lodigiane. \u00c8 probabilmente in questo periodo che si inserisce la tradizione sull\u2019origine della statua raffigurante la Madonna con Ges\u00f9 Bambino. Nel tardo medioevo un vasaio del luogo, aiutato da un pellegrino, cre\u00f2 una statua in terracotta raffigurante la Madonna con in braccio Ges\u00f9. L\u2019opera dest\u00f2 molta ammirazione e devozione e si propose di collocarla nella Chiesa di San Salvario. Nel XVI secolo si verific\u00f2 l\u2019evento prodigioso che vide, per quindici sere consecutive, l\u2019apparizione di religiosi in processione a venerare con candele accese l\u2019immagine della Madonna. Tali religiosi si rivelarono essere dei frati Cappuccini, riconoscibili per l\u2019abito, ma non presenti nelle vicinanze di Casalpusterlengo. In seguito a questo avvenimento miracoloso, la devozione intorno alla chiesetta aument\u00f2.<\/p>\n<p class=\"p1\">Il parroco con il consiglio comunale iniziarono le pratiche per ottenere un convento di Cappuccini dove poter custodire l\u2019immagine di Maria. <strong>Il 26 settembre 1574 arrivarono in paese i primi due frati Cappuccini<\/strong>, i quali presero possesso del terreno concesso per erigere il convento sotto la direzione di padre Marco da Bergamo, coadiuvato da fra Fortunato da Milano, nell\u2019arco di soli due anni fu terminato.<\/p>\n<p class=\"p1\"><strong>Questo convento ospitava all\u2019inizio circa una ventina di frati con a capo il padre Domenico da Brescia<\/strong>, primo frate guardiano, e sorgeva di fianco alla chiesa ad una navata, mentre nella parete a destra dell\u2019entrata rimaneva aperta la Cappella con la statua della Madonna. Essa rest\u00f2 in quel luogo fino al 1892, quando fu trasportata nella nuova nicchia sull\u2019altare maggiore. Purtroppo la fretta di costruire gli edifici port\u00f2 in poco tempo a problemi strutturali, che costrinsero ad una nuova costruzione nel XVI secolo, secondo le forme che vediamo noi oggi, consacrata il 5 novembre nel 1624 dal Vescovo di Lodi il domenicano Mons. Michelangelo Seghizzi (1616-1625) e veniva dedicata al Santissimo Salvatore e a San Francesco.<\/p>\n<p class=\"p1\"><strong>Nel XVIII secolo furono aperte nuove cappelle<\/strong>, ma la cappella dell\u2019antica chiesetta di San Salvario rimase sempre presente. La statua della Madonna con il Bambino nel giorno 3 settembre 1780 fu incoronata alla presenza del Vescovo di Lodi Mons. Salvatore Andreani (1765-1784), delegato del Capitolo Vaticano. Da allora la prima domenica di settembre \u00e8 diventata la festa del santuario della Madonna dei Cappuccini. Nel 1805 un decreto napoleonico ordin\u00f2 la soppressione degli ordini religiosi e la conseguente chiusura dei conventi in Lombardia.<\/p>\n<p class=\"p1\"><strong>Anche quello di Casalpusterlengo fu quindi venduto all\u2019asta e gli arredi sacri vennero sequestrati, mentre le corone d\u2019oro scomparvero per sempre<\/strong>. Sar\u00e0 con Francesco I d\u2019Austria che le comunit\u00e0 francescane verranno ripristinate e nel 1844 il convento fu riaperto come ospizio gestito dai Cappuccini. Poco dopo, nel 1858, giunse a Casalpusterlengo padre Carlo d\u2019Abbiategrasso (oggi venerabile), un frate dal grande fervore religioso, a cui accorsero numerose folle di fedeli: mor\u00ec solo dopo un anno. Le difficolt\u00e0 del convento continuarono con l\u2019avvento del Regno d\u2019Italia, che priv\u00f2 del riconoscimento legale le Congregazioni religiose, a cui furono tolti i loro beni. Il convento casalino fu chiuso, ma i frati non lasciarono il paese, facendosi ospitare da alcune famiglie del luogo. Grazie ad un decreto ministeriale nel 1870 fu possibile riaprire il convento con il santuario, verso cui ripresero ad affluire numerosi fedeli. Si avviarono lavori di modifica e decorazione della chiesa affidati al pittore Angelo Prada (1859-1934) \u2013 socio onorario dell\u2019Accademia di Belle Arti di Brera \u2013 che decor\u00f2 la nuova nicchia destinata ad ospitare la statua della Madonna. Vi furono traslate le spoglie di padre Carlo d\u2019Abbiategrasso e il 7 settembre 1930; furono riposte nuove corone d\u2019oro sul capo della statua della Madonna col Bambino alla presenza del Beato Cardinale Alfredo Ildefonso Schuster (1880-1954) Arcivescovo di Milano, attorniato da altri dieci presuli.<\/p>\n<p class=\"p1\"><strong>Nel 1970, il 23 settembre, il Vescovo di Lodi, il carmelitano Mons. Vincenzo Benedetti<\/strong> (1952-1972), eresse canonicamente la nuova Parrocchia di \u201cMaria Madre del Salvatore\u201d e la affid\u00f2 ai Padri Cappuccini della Provincia Lombarda.<\/p>\n<p class=\"p2\"><strong>Degni di nota culturale sono anche la nascita della Biblioteca Mariana che contiene quasi 5.000 volumi e la Pinacoteca<\/strong> che conserva tavolette ex-voto, quadri, medaglie commemorative, arredi di chiesa. E infine un piccolo Museo dedicato al Servo di Dio Padre Carlo d\u2019Abbiategrasso.<\/p>\n<figure id=\"attachment_179\" aria-describedby=\"caption-attachment-179\" style=\"width: 300px\" class=\"wp-caption aligncenter\"><a href=\"https:\/\/www.diocesi.lodi.it\/giubileo2025\/wp-content\/uploads\/sites\/17\/2024\/12\/Sussidio-chiese-giubilari.pdf\" target=\"_blank\" rel=\"noopener\"><img loading=\"lazy\" decoding=\"async\" class=\"wp-image-179 size-medium\" src=\"https:\/\/www.diocesi.lodi.it\/giubileo2025\/wp-content\/uploads\/sites\/17\/2024\/12\/copertina-Sussidio-300x212.png\" alt=\"\" width=\"300\" height=\"212\" srcset=\"https:\/\/www.diocesi.lodi.it\/giubileo2025\/wp-content\/uploads\/sites\/17\/2024\/12\/copertina-Sussidio-300x212.png 300w, https:\/\/www.diocesi.lodi.it\/giubileo2025\/wp-content\/uploads\/sites\/17\/2024\/12\/copertina-Sussidio-768x544.png 768w, https:\/\/www.diocesi.lodi.it\/giubileo2025\/wp-content\/uploads\/sites\/17\/2024\/12\/copertina-Sussidio.png 842w\" sizes=\"(max-width: 300px) 100vw, 300px\" \/><\/a><figcaption id=\"caption-attachment-179\" class=\"wp-caption-text\">Clicca sull\u2019immagine per leggere il sussidio della Diocesi di Lodi per il Giubileo 2025<\/figcaption><\/figure>\n","protected":false},"excerpt":{"rendered":"<p>La Chiesa dedicata a San Salvario (dizione popolare di Santissimo Salvatore) \u00e8 molto antica, viene citata in documenti dell\u2019XI e XII secolo che trattavano di donazioni o elenchi di quote di tassazione. Dopo tali testimonianze non appare pi\u00f9 fino ad un documento del 1368 che elenca le Chiese lodigiane. \u00c8 probabilmente in questo periodo che [&hellip;]<\/p>\n","protected":false},"author":0,"featured_media":0,"parent":115,"menu_order":0,"comment_status":"closed","ping_status":"closed","template":"","meta":{"_acf_changed":false,"ip_address":"","user_agent":"","level":"","revision":"","cookie_id":"","page_referer":"","html_form":"","footnotes":""},"acf":{"seed-localization-paese-cod":"","seed-localization-address":"Via Madonna del Castello, 24031 Almenno San Salvatore, Lombardia Italia","seed-localization-citta":"","seed-localization-regione-cod-istat":"","seed-localization-citta-cod-istat":"","seed-localization-localita":"","seed-localization-cap":"","seed-localization-geo":{"lat":45.1716793,"lng":9.6524253,"zoom":18,"markers":[{"label":"Via San Salvario, 26841 Casalpusterlengo, Lombardia Italia","default_label":"Via San Salvario, 26841 Casalpusterlengo, Lombardia Italia","lat":45.1716793,"lng":9.6524253,"geocode":[{"name":"Via San Salvario, Ducatona, Casalpusterlengo, Lodi, Lombardia, 26841, Italia","html":"Via San Salvario, 26841 Casalpusterlengo, Lombardia Italia","center":{"lat":45.171681050000004,"lng":9.652425392850997},"bbox":{"_southWest":{"lat":45.171681050000004,"lng":9.652425392850997},"_northEast":{"lat":45.171681050000004,"lng":9.652425392850997}},"properties":{"place_id":68556428,"licence":"Data \u00a9 OpenStreetMap contributors, ODbL 1.0. http:\/\/osm.org\/copyright","osm_type":"way","osm_id":389564625,"lat":"45.171681050000004","lon":"9.652425392850997","class":"amenity","type":"parking","place_rank":30,"importance":5.5653467612680515e-5,"addresstype":"amenity","name":"","display_name":"Via San Salvario, Ducatona, Casalpusterlengo, Lodi, Lombardia, 26841, Italia","address":{"road":"Via San Salvario","neighbourhood":"Ducatona","town":"Casalpusterlengo","county":"Lodi","ISO3166-2-lvl6":"IT-LO","state":"Lombardia","ISO3166-2-lvl4":"IT-25","postcode":"26841","country":"Italia","country_code":"it","building":"","house_number":"","city":"","village":"","hamlet":""},"boundingbox":["45.1714887","45.1718658","9.6522206","9.6526395"]}}],"uuid":"marker_67486acf7beef"}],"address":"Via San Salvario, 26841 Casalpusterlengo, Lombardia Italia","layers":["OpenStreetMap.Mapnik"],"version":"1.5.6"},"seed-localization-marker-visibility":false,"seed-localization-children-visibility":false,"seed-localization-kml":"","seed-localization-custom-marker":""},"yoast_head":"<!-- This site is optimized with the Yoast SEO plugin v22.3 - https:\/\/yoast.com\/wordpress\/plugins\/seo\/ -->\n<title>Santuario di Maria Madre del Salvatore - Giubileo 2025<\/title>\n<meta name=\"robots\" content=\"index, follow, max-snippet:-1, max-image-preview:large, max-video-preview:-1\" \/>\n<link rel=\"canonical\" href=\"https:\/\/www.diocesi.lodi.it\/giubileo2025\/chiese-giubilari-diocesane\/santuario-di-maria-madre-del-salvatore\/\" \/>\n<meta property=\"og:locale\" content=\"it_IT\" \/>\n<meta property=\"og:type\" content=\"article\" \/>\n<meta property=\"og:title\" content=\"Santuario di Maria Madre del Salvatore - Giubileo 2025\" \/>\n<meta property=\"og:description\" content=\"La Chiesa dedicata a San Salvario (dizione popolare di Santissimo Salvatore) \u00e8 molto antica, viene citata in documenti dell\u2019XI e XII secolo che trattavano di donazioni o elenchi di quote di tassazione. Dopo tali testimonianze non appare pi\u00f9 fino ad un documento del 1368 che elenca le Chiese lodigiane. \u00c8 probabilmente in questo periodo che [&hellip;]\" \/>\n<meta property=\"og:url\" content=\"https:\/\/www.diocesi.lodi.it\/giubileo2025\/chiese-giubilari-diocesane\/santuario-di-maria-madre-del-salvatore\/\" \/>\n<meta property=\"og:site_name\" content=\"Giubileo 2025\" \/>\n<meta property=\"article:modified_time\" content=\"2024-12-09T10:19:54+00:00\" \/>\n<meta property=\"og:image\" content=\"https:\/\/www.diocesi.lodi.it\/giubileo2025\/wp-content\/uploads\/sites\/17\/2024\/12\/copertina-Sussidio-300x212.png\" \/>\n<meta name=\"twitter:card\" content=\"summary_large_image\" \/>\n<meta name=\"twitter:label1\" content=\"Tempo di lettura stimato\" \/>\n\t<meta name=\"twitter:data1\" content=\"5 minuti\" \/>\n<script type=\"application\/ld+json\" class=\"yoast-schema-graph\">{\"@context\":\"https:\/\/schema.org\",\"@graph\":[{\"@type\":\"WebPage\",\"@id\":\"https:\/\/www.diocesi.lodi.it\/giubileo2025\/chiese-giubilari-diocesane\/santuario-di-maria-madre-del-salvatore\/\",\"url\":\"https:\/\/www.diocesi.lodi.it\/giubileo2025\/chiese-giubilari-diocesane\/santuario-di-maria-madre-del-salvatore\/\",\"name\":\"Santuario di Maria Madre del Salvatore - Giubileo 2025\",\"isPartOf\":{\"@id\":\"https:\/\/www.diocesi.lodi.it\/giubileo2025\/#website\"},\"primaryImageOfPage\":{\"@id\":\"https:\/\/www.diocesi.lodi.it\/giubileo2025\/chiese-giubilari-diocesane\/santuario-di-maria-madre-del-salvatore\/#primaryimage\"},\"image\":{\"@id\":\"https:\/\/www.diocesi.lodi.it\/giubileo2025\/chiese-giubilari-diocesane\/santuario-di-maria-madre-del-salvatore\/#primaryimage\"},\"thumbnailUrl\":\"https:\/\/www.diocesi.lodi.it\/giubileo2025\/wp-content\/uploads\/sites\/17\/2024\/12\/copertina-Sussidio-300x212.png\",\"datePublished\":\"2024-11-28T13:02:05+00:00\",\"dateModified\":\"2024-12-09T10:19:54+00:00\",\"breadcrumb\":{\"@id\":\"https:\/\/www.diocesi.lodi.it\/giubileo2025\/chiese-giubilari-diocesane\/santuario-di-maria-madre-del-salvatore\/#breadcrumb\"},\"inLanguage\":\"it-IT\",\"potentialAction\":[{\"@type\":\"ReadAction\",\"target\":[\"https:\/\/www.diocesi.lodi.it\/giubileo2025\/chiese-giubilari-diocesane\/santuario-di-maria-madre-del-salvatore\/\"]}]},{\"@type\":\"ImageObject\",\"inLanguage\":\"it-IT\",\"@id\":\"https:\/\/www.diocesi.lodi.it\/giubileo2025\/chiese-giubilari-diocesane\/santuario-di-maria-madre-del-salvatore\/#primaryimage\",\"url\":\"https:\/\/www.diocesi.lodi.it\/giubileo2025\/wp-content\/uploads\/sites\/17\/2024\/12\/copertina-Sussidio.png\",\"contentUrl\":\"https:\/\/www.diocesi.lodi.it\/giubileo2025\/wp-content\/uploads\/sites\/17\/2024\/12\/copertina-Sussidio.png\",\"width\":842,\"height\":596},{\"@type\":\"BreadcrumbList\",\"@id\":\"https:\/\/www.diocesi.lodi.it\/giubileo2025\/chiese-giubilari-diocesane\/santuario-di-maria-madre-del-salvatore\/#breadcrumb\",\"itemListElement\":[{\"@type\":\"ListItem\",\"position\":1,\"name\":\"Home\",\"item\":\"https:\/\/www.diocesi.lodi.it\/giubileo2025\/\"},{\"@type\":\"ListItem\",\"position\":2,\"name\":\"Chiese giubilari diocesane\",\"item\":\"https:\/\/www.diocesi.lodi.it\/giubileo2025\/chiese-giubilari-diocesane\/\"},{\"@type\":\"ListItem\",\"position\":3,\"name\":\"Santuario di Maria Madre del Salvatore\"}]},{\"@type\":\"WebSite\",\"@id\":\"https:\/\/www.diocesi.lodi.it\/giubileo2025\/#website\",\"url\":\"https:\/\/www.diocesi.lodi.it\/giubileo2025\/\",\"name\":\"Giubileo 2025\",\"description\":\"Diocesi di Lodi\",\"publisher\":{\"@id\":\"https:\/\/www.diocesi.lodi.it\/giubileo2025\/#organization\"},\"potentialAction\":[{\"@type\":\"SearchAction\",\"target\":{\"@type\":\"EntryPoint\",\"urlTemplate\":\"https:\/\/www.diocesi.lodi.it\/giubileo2025\/?s={search_term_string}\"},\"query-input\":\"required name=search_term_string\"}],\"inLanguage\":\"it-IT\"},{\"@type\":\"Organization\",\"@id\":\"https:\/\/www.diocesi.lodi.it\/giubileo2025\/#organization\",\"name\":\"Giubileo 2025\",\"url\":\"https:\/\/www.diocesi.lodi.it\/giubileo2025\/\",\"logo\":{\"@type\":\"ImageObject\",\"inLanguage\":\"it-IT\",\"@id\":\"https:\/\/www.diocesi.lodi.it\/giubileo2025\/#\/schema\/logo\/image\/\",\"url\":\"https:\/\/www.diocesi.lodi.it\/giubileo2025\/wp-content\/uploads\/sites\/17\/2024\/11\/Logo_Grande_Giubileo_2025_Iubilaeum_A.D._MMXXV.png\",\"contentUrl\":\"https:\/\/www.diocesi.lodi.it\/giubileo2025\/wp-content\/uploads\/sites\/17\/2024\/11\/Logo_Grande_Giubileo_2025_Iubilaeum_A.D._MMXXV.png\",\"width\":220,\"height\":220,\"caption\":\"Giubileo 2025\"},\"image\":{\"@id\":\"https:\/\/www.diocesi.lodi.it\/giubileo2025\/#\/schema\/logo\/image\/\"}}]}<\/script>\n<!-- \/ Yoast SEO plugin. -->","yoast_head_json":{"title":"Santuario di Maria Madre del Salvatore - Giubileo 2025","robots":{"index":"index","follow":"follow","max-snippet":"max-snippet:-1","max-image-preview":"max-image-preview:large","max-video-preview":"max-video-preview:-1"},"canonical":"https:\/\/www.diocesi.lodi.it\/giubileo2025\/chiese-giubilari-diocesane\/santuario-di-maria-madre-del-salvatore\/","og_locale":"it_IT","og_type":"article","og_title":"Santuario di Maria Madre del Salvatore - Giubileo 2025","og_description":"La Chiesa dedicata a San Salvario (dizione popolare di Santissimo Salvatore) \u00e8 molto antica, viene citata in documenti dell\u2019XI e XII secolo che trattavano di donazioni o elenchi di quote di tassazione. Dopo tali testimonianze non appare pi\u00f9 fino ad un documento del 1368 che elenca le Chiese lodigiane. \u00c8 probabilmente in questo periodo che [&hellip;]","og_url":"https:\/\/www.diocesi.lodi.it\/giubileo2025\/chiese-giubilari-diocesane\/santuario-di-maria-madre-del-salvatore\/","og_site_name":"Giubileo 2025","article_modified_time":"2024-12-09T10:19:54+00:00","og_image":[{"url":"https:\/\/www.diocesi.lodi.it\/giubileo2025\/wp-content\/uploads\/sites\/17\/2024\/12\/copertina-Sussidio-300x212.png"}],"twitter_card":"summary_large_image","twitter_misc":{"Tempo di lettura stimato":"5 minuti"},"schema":{"@context":"https:\/\/schema.org","@graph":[{"@type":"WebPage","@id":"https:\/\/www.diocesi.lodi.it\/giubileo2025\/chiese-giubilari-diocesane\/santuario-di-maria-madre-del-salvatore\/","url":"https:\/\/www.diocesi.lodi.it\/giubileo2025\/chiese-giubilari-diocesane\/santuario-di-maria-madre-del-salvatore\/","name":"Santuario di Maria Madre del Salvatore - Giubileo 2025","isPartOf":{"@id":"https:\/\/www.diocesi.lodi.it\/giubileo2025\/#website"},"primaryImageOfPage":{"@id":"https:\/\/www.diocesi.lodi.it\/giubileo2025\/chiese-giubilari-diocesane\/santuario-di-maria-madre-del-salvatore\/#primaryimage"},"image":{"@id":"https:\/\/www.diocesi.lodi.it\/giubileo2025\/chiese-giubilari-diocesane\/santuario-di-maria-madre-del-salvatore\/#primaryimage"},"thumbnailUrl":"https:\/\/www.diocesi.lodi.it\/giubileo2025\/wp-content\/uploads\/sites\/17\/2024\/12\/copertina-Sussidio-300x212.png","datePublished":"2024-11-28T13:02:05+00:00","dateModified":"2024-12-09T10:19:54+00:00","breadcrumb":{"@id":"https:\/\/www.diocesi.lodi.it\/giubileo2025\/chiese-giubilari-diocesane\/santuario-di-maria-madre-del-salvatore\/#breadcrumb"},"inLanguage":"it-IT","potentialAction":[{"@type":"ReadAction","target":["https:\/\/www.diocesi.lodi.it\/giubileo2025\/chiese-giubilari-diocesane\/santuario-di-maria-madre-del-salvatore\/"]}]},{"@type":"ImageObject","inLanguage":"it-IT","@id":"https:\/\/www.diocesi.lodi.it\/giubileo2025\/chiese-giubilari-diocesane\/santuario-di-maria-madre-del-salvatore\/#primaryimage","url":"https:\/\/www.diocesi.lodi.it\/giubileo2025\/wp-content\/uploads\/sites\/17\/2024\/12\/copertina-Sussidio.png","contentUrl":"https:\/\/www.diocesi.lodi.it\/giubileo2025\/wp-content\/uploads\/sites\/17\/2024\/12\/copertina-Sussidio.png","width":842,"height":596},{"@type":"BreadcrumbList","@id":"https:\/\/www.diocesi.lodi.it\/giubileo2025\/chiese-giubilari-diocesane\/santuario-di-maria-madre-del-salvatore\/#breadcrumb","itemListElement":[{"@type":"ListItem","position":1,"name":"Home","item":"https:\/\/www.diocesi.lodi.it\/giubileo2025\/"},{"@type":"ListItem","position":2,"name":"Chiese giubilari diocesane","item":"https:\/\/www.diocesi.lodi.it\/giubileo2025\/chiese-giubilari-diocesane\/"},{"@type":"ListItem","position":3,"name":"Santuario di Maria Madre del Salvatore"}]},{"@type":"WebSite","@id":"https:\/\/www.diocesi.lodi.it\/giubileo2025\/#website","url":"https:\/\/www.diocesi.lodi.it\/giubileo2025\/","name":"Giubileo 2025","description":"Diocesi di Lodi","publisher":{"@id":"https:\/\/www.diocesi.lodi.it\/giubileo2025\/#organization"},"potentialAction":[{"@type":"SearchAction","target":{"@type":"EntryPoint","urlTemplate":"https:\/\/www.diocesi.lodi.it\/giubileo2025\/?s={search_term_string}"},"query-input":"required name=search_term_string"}],"inLanguage":"it-IT"},{"@type":"Organization","@id":"https:\/\/www.diocesi.lodi.it\/giubileo2025\/#organization","name":"Giubileo 2025","url":"https:\/\/www.diocesi.lodi.it\/giubileo2025\/","logo":{"@type":"ImageObject","inLanguage":"it-IT","@id":"https:\/\/www.diocesi.lodi.it\/giubileo2025\/#\/schema\/logo\/image\/","url":"https:\/\/www.diocesi.lodi.it\/giubileo2025\/wp-content\/uploads\/sites\/17\/2024\/11\/Logo_Grande_Giubileo_2025_Iubilaeum_A.D._MMXXV.png","contentUrl":"https:\/\/www.diocesi.lodi.it\/giubileo2025\/wp-content\/uploads\/sites\/17\/2024\/11\/Logo_Grande_Giubileo_2025_Iubilaeum_A.D._MMXXV.png","width":220,"height":220,"caption":"Giubileo 2025"},"image":{"@id":"https:\/\/www.diocesi.lodi.it\/giubileo2025\/#\/schema\/logo\/image\/"}}]}},"_links":{"self":[{"href":"https:\/\/www.diocesi.lodi.it\/giubileo2025\/wp-json\/wp\/v2\/pages\/137"}],"collection":[{"href":"https:\/\/www.diocesi.lodi.it\/giubileo2025\/wp-json\/wp\/v2\/pages"}],"about":[{"href":"https:\/\/www.diocesi.lodi.it\/giubileo2025\/wp-json\/wp\/v2\/types\/page"}],"author":[{"embeddable":true,"href":"https:\/\/www.diocesi.lodi.it\/giubileo2025\/wp-json\/wp\/v2\/users\/1"}],"replies":[{"embeddable":true,"href":"https:\/\/www.diocesi.lodi.it\/giubileo2025\/wp-json\/wp\/v2\/comments?post=137"}],"version-history":[{"count":3,"href":"https:\/\/www.diocesi.lodi.it\/giubileo2025\/wp-json\/wp\/v2\/pages\/137\/revisions"}],"predecessor-version":[{"id":185,"href":"https:\/\/www.diocesi.lodi.it\/giubileo2025\/wp-json\/wp\/v2\/pages\/137\/revisions\/185"}],"up":[{"embeddable":true,"href":"https:\/\/www.diocesi.lodi.it\/giubileo2025\/wp-json\/wp\/v2\/pages\/115"}],"wp:attachment":[{"href":"https:\/\/www.diocesi.lodi.it\/giubileo2025\/wp-json\/wp\/v2\/media?parent=137"}],"curies":[{"name":"wp","href":"https:\/\/api.w.org\/{rel}","templated":true}]}}