{"id":21,"date":"2024-11-15T12:08:21","date_gmt":"2024-11-15T11:08:21","guid":{"rendered":"https:\/\/www.diocesi.lodi.it\/giubileo2025\/?page_id=21"},"modified":"2024-11-19T12:28:28","modified_gmt":"2024-11-19T11:28:28","slug":"logo-giubileo","status":"publish","type":"page","link":"https:\/\/www.diocesi.lodi.it\/giubileo2025\/logo-giubileo\/","title":{"rendered":"Logo Giubileo"},"content":{"rendered":"<div class=\"title left\">\n<p><span style=\"font-size: 16px\"><strong>Il Logo rappresenta quattro figure stilizzate per indicare l\u2019umanit\u00e0 proveniente dai quattro angoli della terra<\/strong>. Sono una abbracciata all\u2019altra, per indicare la solidariet\u00e0 e fratellanza che deve accomunare i popoli. Si noter\u00e0 che l\u2019apri-fila \u00e8 aggrappato alla croce. \u00c8 il segno non solo della fede che abbraccia, ma della speranza che non pu\u00f2 mai essere abbandonata perch\u00e9 ne abbiamo bisogno sempre e soprattutto nei momenti di maggiore necessit\u00e0. \u00c8 utile osservare le onde che sono sottostanti e che sono mosse per indicare che il pellegrinaggio della vita non sempre si muove in acque tranquille. Spesso le vicende personali e gli eventi del mondo impongono con maggiore intensit\u00e0 il richiamo alla speranza. \u00c8 per questo che si dovr\u00e0 sottolineare la parte inferiore della Croce che si prolunga trasformandosi in un\u2019ancora, che si impone sul moto ondoso. Come si sa l\u2019ancora \u00e8 stata spesso utilizzata come metafora della speranza. L\u2019ancora di speranza, infatti, \u00e8 il nome che in gergo marinaresco viene dato all\u2019ancora di riserva, usata dalle imbarcazioni per compiere manovre di emergenza per stabilizzare la nave durante le tempeste. Non si trascuri il fatto che l\u2019immagine mostra quanto il cammino del pellegrino non sia un fatto individuale, ma comunitario con l\u2019impronta di un dinamismo crescente che tende sempre pi\u00f9 verso la Croce. La Croce non \u00e8 affatto statica, ma anch\u2019essa dinamica, si curva verso l\u2019umanit\u00e0 come per andarle incontro e non lasciarla sola, ma offrendo la certezza della presenza e la sicurezza della speranza. \u00c8 ben visibile, infine, con il colore verde, il Motto del Giubileo 2025, <\/span><i style=\"font-size: 16px\">Peregrinantes in Spem<\/i><span style=\"font-size: 16px\">.<\/span><\/p>\n<p><img loading=\"lazy\" decoding=\"async\" class=\"size-medium wp-image-84 aligncenter\" src=\"https:\/\/www.diocesi.lodi.it\/giubileo2025\/wp-content\/uploads\/sites\/17\/2024\/11\/cq5dam.web_.1280.1280-3-300x114.jpg\" alt=\"\" width=\"300\" height=\"114\" srcset=\"https:\/\/www.diocesi.lodi.it\/giubileo2025\/wp-content\/uploads\/sites\/17\/2024\/11\/cq5dam.web_.1280.1280-3-300x114.jpg 300w, https:\/\/www.diocesi.lodi.it\/giubileo2025\/wp-content\/uploads\/sites\/17\/2024\/11\/cq5dam.web_.1280.1280-3-1024x390.jpg 1024w, https:\/\/www.diocesi.lodi.it\/giubileo2025\/wp-content\/uploads\/sites\/17\/2024\/11\/cq5dam.web_.1280.1280-3-768x292.jpg 768w, https:\/\/www.diocesi.lodi.it\/giubileo2025\/wp-content\/uploads\/sites\/17\/2024\/11\/cq5dam.web_.1280.1280-3.jpg 1280w\" sizes=\"(max-width: 300px) 100vw, 300px\" \/><\/p>\n<\/div>\n","protected":false},"excerpt":{"rendered":"<p>Il Logo rappresenta quattro figure stilizzate per indicare l\u2019umanit\u00e0 proveniente dai quattro angoli della terra. Sono una abbracciata all\u2019altra, per indicare la solidariet\u00e0 e fratellanza che deve accomunare i popoli. Si noter\u00e0 che l\u2019apri-fila \u00e8 aggrappato alla croce. \u00c8 il segno non solo della fede che abbraccia, ma della speranza che non pu\u00f2 mai essere [&hellip;]<\/p>\n","protected":false},"author":0,"featured_media":0,"parent":0,"menu_order":0,"comment_status":"closed","ping_status":"closed","template":"","meta":{"_acf_changed":false,"ip_address":"","user_agent":"","level":"","revision":"","cookie_id":"","page_referer":"","html_form":"","footnotes":""},"acf":{"seed-localization-paese-cod":"","seed-localization-address":"","seed-localization-citta":"","seed-localization-regione-cod-istat":"","seed-localization-citta-cod-istat":"","seed-localization-localita":"","seed-localization-cap":"","seed-localization-geo":{"lat":41.90552298770031,"lng":12.509441971778871,"zoom":10,"markers":[],"address":"","layers":["OpenStreetMap.Mapnik"]},"seed-localization-marker-visibility":false,"seed-localization-children-visibility":false,"seed-localization-kml":null,"seed-localization-custom-marker":null},"yoast_head":"<!-- This site is optimized with the Yoast SEO plugin v22.3 - https:\/\/yoast.com\/wordpress\/plugins\/seo\/ -->\n<title>Logo Giubileo - Giubileo 2025<\/title>\n<meta name=\"robots\" content=\"index, follow, max-snippet:-1, max-image-preview:large, max-video-preview:-1\" \/>\n<link rel=\"canonical\" href=\"https:\/\/www.diocesi.lodi.it\/giubileo2025\/logo-giubileo\/\" \/>\n<meta property=\"og:locale\" content=\"it_IT\" \/>\n<meta property=\"og:type\" content=\"article\" \/>\n<meta property=\"og:title\" content=\"Logo Giubileo - Giubileo 2025\" \/>\n<meta property=\"og:description\" content=\"Il Logo rappresenta quattro figure stilizzate per indicare l\u2019umanit\u00e0 proveniente dai quattro angoli della terra. Sono una abbracciata all\u2019altra, per indicare la solidariet\u00e0 e fratellanza che deve accomunare i popoli. Si noter\u00e0 che l\u2019apri-fila \u00e8 aggrappato alla croce. \u00c8 il segno non solo della fede che abbraccia, ma della speranza che non pu\u00f2 mai essere [&hellip;]\" \/>\n<meta property=\"og:url\" content=\"https:\/\/www.diocesi.lodi.it\/giubileo2025\/logo-giubileo\/\" \/>\n<meta property=\"og:site_name\" content=\"Giubileo 2025\" \/>\n<meta property=\"article:modified_time\" content=\"2024-11-19T11:28:28+00:00\" \/>\n<meta property=\"og:image\" content=\"https:\/\/www.diocesi.lodi.it\/giubileo2025\/wp-content\/uploads\/sites\/17\/2024\/11\/cq5dam.web_.1280.1280-3-300x114.jpg\" \/>\n<meta name=\"twitter:card\" content=\"summary_large_image\" \/>\n<meta name=\"twitter:label1\" content=\"Tempo di lettura stimato\" \/>\n\t<meta name=\"twitter:data1\" content=\"2 minuti\" \/>\n<script type=\"application\/ld+json\" class=\"yoast-schema-graph\">{\"@context\":\"https:\/\/schema.org\",\"@graph\":[{\"@type\":\"WebPage\",\"@id\":\"https:\/\/www.diocesi.lodi.it\/giubileo2025\/logo-giubileo\/\",\"url\":\"https:\/\/www.diocesi.lodi.it\/giubileo2025\/logo-giubileo\/\",\"name\":\"Logo Giubileo - Giubileo 2025\",\"isPartOf\":{\"@id\":\"https:\/\/www.diocesi.lodi.it\/giubileo2025\/#website\"},\"primaryImageOfPage\":{\"@id\":\"https:\/\/www.diocesi.lodi.it\/giubileo2025\/logo-giubileo\/#primaryimage\"},\"image\":{\"@id\":\"https:\/\/www.diocesi.lodi.it\/giubileo2025\/logo-giubileo\/#primaryimage\"},\"thumbnailUrl\":\"https:\/\/www.diocesi.lodi.it\/giubileo2025\/wp-content\/uploads\/sites\/17\/2024\/11\/cq5dam.web_.1280.1280-3-300x114.jpg\",\"datePublished\":\"2024-11-15T11:08:21+00:00\",\"dateModified\":\"2024-11-19T11:28:28+00:00\",\"breadcrumb\":{\"@id\":\"https:\/\/www.diocesi.lodi.it\/giubileo2025\/logo-giubileo\/#breadcrumb\"},\"inLanguage\":\"it-IT\",\"potentialAction\":[{\"@type\":\"ReadAction\",\"target\":[\"https:\/\/www.diocesi.lodi.it\/giubileo2025\/logo-giubileo\/\"]}]},{\"@type\":\"ImageObject\",\"inLanguage\":\"it-IT\",\"@id\":\"https:\/\/www.diocesi.lodi.it\/giubileo2025\/logo-giubileo\/#primaryimage\",\"url\":\"https:\/\/www.diocesi.lodi.it\/giubileo2025\/wp-content\/uploads\/sites\/17\/2024\/11\/cq5dam.web_.1280.1280-3.jpg\",\"contentUrl\":\"https:\/\/www.diocesi.lodi.it\/giubileo2025\/wp-content\/uploads\/sites\/17\/2024\/11\/cq5dam.web_.1280.1280-3.jpg\",\"width\":1280,\"height\":487},{\"@type\":\"BreadcrumbList\",\"@id\":\"https:\/\/www.diocesi.lodi.it\/giubileo2025\/logo-giubileo\/#breadcrumb\",\"itemListElement\":[{\"@type\":\"ListItem\",\"position\":1,\"name\":\"Home\",\"item\":\"https:\/\/www.diocesi.lodi.it\/giubileo2025\/\"},{\"@type\":\"ListItem\",\"position\":2,\"name\":\"Logo Giubileo\"}]},{\"@type\":\"WebSite\",\"@id\":\"https:\/\/www.diocesi.lodi.it\/giubileo2025\/#website\",\"url\":\"https:\/\/www.diocesi.lodi.it\/giubileo2025\/\",\"name\":\"Giubileo 2025\",\"description\":\"Diocesi di Lodi\",\"publisher\":{\"@id\":\"https:\/\/www.diocesi.lodi.it\/giubileo2025\/#organization\"},\"potentialAction\":[{\"@type\":\"SearchAction\",\"target\":{\"@type\":\"EntryPoint\",\"urlTemplate\":\"https:\/\/www.diocesi.lodi.it\/giubileo2025\/?s={search_term_string}\"},\"query-input\":\"required name=search_term_string\"}],\"inLanguage\":\"it-IT\"},{\"@type\":\"Organization\",\"@id\":\"https:\/\/www.diocesi.lodi.it\/giubileo2025\/#organization\",\"name\":\"Giubileo 2025\",\"url\":\"https:\/\/www.diocesi.lodi.it\/giubileo2025\/\",\"logo\":{\"@type\":\"ImageObject\",\"inLanguage\":\"it-IT\",\"@id\":\"https:\/\/www.diocesi.lodi.it\/giubileo2025\/#\/schema\/logo\/image\/\",\"url\":\"https:\/\/www.diocesi.lodi.it\/giubileo2025\/wp-content\/uploads\/sites\/17\/2024\/11\/Logo_Grande_Giubileo_2025_Iubilaeum_A.D._MMXXV.png\",\"contentUrl\":\"https:\/\/www.diocesi.lodi.it\/giubileo2025\/wp-content\/uploads\/sites\/17\/2024\/11\/Logo_Grande_Giubileo_2025_Iubilaeum_A.D._MMXXV.png\",\"width\":220,\"height\":220,\"caption\":\"Giubileo 2025\"},\"image\":{\"@id\":\"https:\/\/www.diocesi.lodi.it\/giubileo2025\/#\/schema\/logo\/image\/\"}}]}<\/script>\n<!-- \/ Yoast SEO plugin. -->","yoast_head_json":{"title":"Logo Giubileo - Giubileo 2025","robots":{"index":"index","follow":"follow","max-snippet":"max-snippet:-1","max-image-preview":"max-image-preview:large","max-video-preview":"max-video-preview:-1"},"canonical":"https:\/\/www.diocesi.lodi.it\/giubileo2025\/logo-giubileo\/","og_locale":"it_IT","og_type":"article","og_title":"Logo Giubileo - Giubileo 2025","og_description":"Il Logo rappresenta quattro figure stilizzate per indicare l\u2019umanit\u00e0 proveniente dai quattro angoli della terra. Sono una abbracciata all\u2019altra, per indicare la solidariet\u00e0 e fratellanza che deve accomunare i popoli. Si noter\u00e0 che l\u2019apri-fila \u00e8 aggrappato alla croce. \u00c8 il segno non solo della fede che abbraccia, ma della speranza che non pu\u00f2 mai essere [&hellip;]","og_url":"https:\/\/www.diocesi.lodi.it\/giubileo2025\/logo-giubileo\/","og_site_name":"Giubileo 2025","article_modified_time":"2024-11-19T11:28:28+00:00","og_image":[{"url":"https:\/\/www.diocesi.lodi.it\/giubileo2025\/wp-content\/uploads\/sites\/17\/2024\/11\/cq5dam.web_.1280.1280-3-300x114.jpg"}],"twitter_card":"summary_large_image","twitter_misc":{"Tempo di lettura stimato":"2 minuti"},"schema":{"@context":"https:\/\/schema.org","@graph":[{"@type":"WebPage","@id":"https:\/\/www.diocesi.lodi.it\/giubileo2025\/logo-giubileo\/","url":"https:\/\/www.diocesi.lodi.it\/giubileo2025\/logo-giubileo\/","name":"Logo Giubileo - Giubileo 2025","isPartOf":{"@id":"https:\/\/www.diocesi.lodi.it\/giubileo2025\/#website"},"primaryImageOfPage":{"@id":"https:\/\/www.diocesi.lodi.it\/giubileo2025\/logo-giubileo\/#primaryimage"},"image":{"@id":"https:\/\/www.diocesi.lodi.it\/giubileo2025\/logo-giubileo\/#primaryimage"},"thumbnailUrl":"https:\/\/www.diocesi.lodi.it\/giubileo2025\/wp-content\/uploads\/sites\/17\/2024\/11\/cq5dam.web_.1280.1280-3-300x114.jpg","datePublished":"2024-11-15T11:08:21+00:00","dateModified":"2024-11-19T11:28:28+00:00","breadcrumb":{"@id":"https:\/\/www.diocesi.lodi.it\/giubileo2025\/logo-giubileo\/#breadcrumb"},"inLanguage":"it-IT","potentialAction":[{"@type":"ReadAction","target":["https:\/\/www.diocesi.lodi.it\/giubileo2025\/logo-giubileo\/"]}]},{"@type":"ImageObject","inLanguage":"it-IT","@id":"https:\/\/www.diocesi.lodi.it\/giubileo2025\/logo-giubileo\/#primaryimage","url":"https:\/\/www.diocesi.lodi.it\/giubileo2025\/wp-content\/uploads\/sites\/17\/2024\/11\/cq5dam.web_.1280.1280-3.jpg","contentUrl":"https:\/\/www.diocesi.lodi.it\/giubileo2025\/wp-content\/uploads\/sites\/17\/2024\/11\/cq5dam.web_.1280.1280-3.jpg","width":1280,"height":487},{"@type":"BreadcrumbList","@id":"https:\/\/www.diocesi.lodi.it\/giubileo2025\/logo-giubileo\/#breadcrumb","itemListElement":[{"@type":"ListItem","position":1,"name":"Home","item":"https:\/\/www.diocesi.lodi.it\/giubileo2025\/"},{"@type":"ListItem","position":2,"name":"Logo Giubileo"}]},{"@type":"WebSite","@id":"https:\/\/www.diocesi.lodi.it\/giubileo2025\/#website","url":"https:\/\/www.diocesi.lodi.it\/giubileo2025\/","name":"Giubileo 2025","description":"Diocesi di Lodi","publisher":{"@id":"https:\/\/www.diocesi.lodi.it\/giubileo2025\/#organization"},"potentialAction":[{"@type":"SearchAction","target":{"@type":"EntryPoint","urlTemplate":"https:\/\/www.diocesi.lodi.it\/giubileo2025\/?s={search_term_string}"},"query-input":"required name=search_term_string"}],"inLanguage":"it-IT"},{"@type":"Organization","@id":"https:\/\/www.diocesi.lodi.it\/giubileo2025\/#organization","name":"Giubileo 2025","url":"https:\/\/www.diocesi.lodi.it\/giubileo2025\/","logo":{"@type":"ImageObject","inLanguage":"it-IT","@id":"https:\/\/www.diocesi.lodi.it\/giubileo2025\/#\/schema\/logo\/image\/","url":"https:\/\/www.diocesi.lodi.it\/giubileo2025\/wp-content\/uploads\/sites\/17\/2024\/11\/Logo_Grande_Giubileo_2025_Iubilaeum_A.D._MMXXV.png","contentUrl":"https:\/\/www.diocesi.lodi.it\/giubileo2025\/wp-content\/uploads\/sites\/17\/2024\/11\/Logo_Grande_Giubileo_2025_Iubilaeum_A.D._MMXXV.png","width":220,"height":220,"caption":"Giubileo 2025"},"image":{"@id":"https:\/\/www.diocesi.lodi.it\/giubileo2025\/#\/schema\/logo\/image\/"}}]}},"_links":{"self":[{"href":"https:\/\/www.diocesi.lodi.it\/giubileo2025\/wp-json\/wp\/v2\/pages\/21"}],"collection":[{"href":"https:\/\/www.diocesi.lodi.it\/giubileo2025\/wp-json\/wp\/v2\/pages"}],"about":[{"href":"https:\/\/www.diocesi.lodi.it\/giubileo2025\/wp-json\/wp\/v2\/types\/page"}],"author":[{"embeddable":true,"href":"https:\/\/www.diocesi.lodi.it\/giubileo2025\/wp-json\/wp\/v2\/users\/16"}],"replies":[{"embeddable":true,"href":"https:\/\/www.diocesi.lodi.it\/giubileo2025\/wp-json\/wp\/v2\/comments?post=21"}],"version-history":[{"count":2,"href":"https:\/\/www.diocesi.lodi.it\/giubileo2025\/wp-json\/wp\/v2\/pages\/21\/revisions"}],"predecessor-version":[{"id":85,"href":"https:\/\/www.diocesi.lodi.it\/giubileo2025\/wp-json\/wp\/v2\/pages\/21\/revisions\/85"}],"wp:attachment":[{"href":"https:\/\/www.diocesi.lodi.it\/giubileo2025\/wp-json\/wp\/v2\/media?parent=21"}],"curies":[{"name":"wp","href":"https:\/\/api.w.org\/{rel}","templated":true}]}}