{"id":23,"date":"2024-11-15T12:08:36","date_gmt":"2024-11-15T11:08:36","guid":{"rendered":"https:\/\/www.diocesi.lodi.it\/giubileo2025\/?page_id=23"},"modified":"2024-11-19T11:52:09","modified_gmt":"2024-11-19T10:52:09","slug":"bolla-di-indizione","status":"publish","type":"page","link":"https:\/\/www.diocesi.lodi.it\/giubileo2025\/bolla-di-indizione\/","title":{"rendered":"Bolla di indizione"},"content":{"rendered":"<div class=\"spc-title left\"><\/div>\n<div class=\"spc-textimage\">\n<div class=\"body-text columns-count-1\">\n<p><strong>La tradizione vuole che ogni Giubileo venga proclamato tramite la pubblicazione di una Bolla Papale<\/strong> (o Bolla Pontificia) d\u2019Indizione. Per \u201cBolla\u201d si intende un documento ufficiale, generalmente scritto in latino, con il sigillo del Papa, la forma del quale d\u00e0 nome al documento stesso. All\u2019inizio il sigillo era solitamente di piombo e recava sul fronte l\u2019immagine dei Santi Apostoli Pietro e Paolo, Fondatori della Chiesa di Roma, e sul retro il nome del Pontefice. Pi\u00f9 tardi un timbro d\u2019inchiostro sostituir\u00e0 il sigillo metallico, ma questo continuer\u00e0 ad essere utilizzato per i documenti di maggiore rilievo. Ogni Bolla \u00e8 identificata dalle sue parole iniziali. Per esempio, San Giovanni Paolo II ha indetto il Grande Giubileo dell\u2019Anno 2000 con la Bolla\u00a0<i>Incarnationis mysterium<\/i>\u00a0(\u201cIl Mistero dell\u2019Incarnazione\u201d), mentre Papa Francesco ha indetto il Giubileo Straordinario della Misericordia (2015-2016) con la Bolla\u00a0<i>Misericordiae vultus<\/i> (\u201cIl volto della misericordia\u201d). La Bolla di indizione del Giubileo, in cui si indicano le date dell\u2019inizio e del termine dell\u2019Anno Santo, viene emanata di solito l\u2019anno precedente, in coincidenza con la Solennit\u00e0 dell\u2019Ascensione. <strong>Per il Giubileo del 2025, il Santo Padre, Papa Francesco, ha letto la bolla Spes non confundit, durante la cerimonia di consegna nell\u2019atrio della Basilica di San Pietro in Vaticano, il 9 maggio 2024<\/strong>.<\/p>\n<ul>\n<li>Leggi la Bolla <a href=\"https:\/\/www.vatican.va\/content\/francesco\/it\/bulls\/documents\/20240509_spes-non-confundit_bolla-giubileo2025.html\" target=\"_blank\" rel=\"noopener\">Spes non confundit<\/a><\/li>\n<\/ul>\n<\/div>\n<\/div>\n<div class=\"spc-text\">\n<div class=\"body-text columns-count-1\">\n<p><strong>L\u2019indulgenza, dono senza prezzo della misericordia divina, \u00e8 uno dei \u201csegni\u201d peculiari degli Anni giubilari<\/strong>. Luned\u00ec 13 maggio la\u00a0Penitenzieria Apostolica\u00a0ha reso note le\u00a0Norme sulla concessione dell\u2019Indulgenza durante il Giubileo 2025.\u00a0Questa, scrivono citando quanto affermato da Papa Francesco nella Bolla d\u2019Indizione del Giubileo,\u00a0<i>Spes non confundit<\/i>, \u00e8 \u00abuna grazia giubilare\u00bb che \u00abpermette di scoprire quanto sia illimitata la misericordia di Dio\u00bb. Anche in occasione del prossimo Giubileo, per volont\u00e0 del Santo Padre, la Penitenzieria \u00abintende spronare gli animi dei fedeli a desiderare e alimentare il pio desiderio di ottenere l\u2019indulgenza\u00bb e per questo ha stabilito alcune prescrizioni e linee guida per i pellegrini.<\/p>\n<\/div>\n<\/div>\n","protected":false},"excerpt":{"rendered":"<p>La tradizione vuole che ogni Giubileo venga proclamato tramite la pubblicazione di una Bolla Papale (o Bolla Pontificia) d\u2019Indizione. Per \u201cBolla\u201d si intende un documento ufficiale, generalmente scritto in latino, con il sigillo del Papa, la forma del quale d\u00e0 nome al documento stesso. All\u2019inizio il sigillo era solitamente di piombo e recava sul fronte [&hellip;]<\/p>\n","protected":false},"author":0,"featured_media":61,"parent":0,"menu_order":0,"comment_status":"closed","ping_status":"closed","template":"","meta":{"_acf_changed":false,"ip_address":"","user_agent":"","level":"","revision":"","cookie_id":"","page_referer":"","html_form":"","footnotes":""},"acf":{"seed-localization-paese-cod":"","seed-localization-address":"","seed-localization-citta":"","seed-localization-regione-cod-istat":"","seed-localization-citta-cod-istat":"","seed-localization-localita":"","seed-localization-cap":"","seed-localization-geo":{"lat":41.90552298770031,"lng":12.509441971778871,"zoom":10,"markers":[],"address":"","layers":["OpenStreetMap.Mapnik"]},"seed-localization-marker-visibility":false,"seed-localization-children-visibility":false,"seed-localization-kml":null,"seed-localization-custom-marker":null},"yoast_head":"<!-- This site is optimized with the Yoast SEO plugin v22.3 - https:\/\/yoast.com\/wordpress\/plugins\/seo\/ -->\n<title>Bolla di indizione - Giubileo 2025<\/title>\n<meta name=\"robots\" content=\"index, follow, max-snippet:-1, max-image-preview:large, max-video-preview:-1\" \/>\n<link rel=\"canonical\" href=\"https:\/\/www.diocesi.lodi.it\/giubileo2025\/bolla-di-indizione\/\" \/>\n<meta property=\"og:locale\" content=\"it_IT\" \/>\n<meta property=\"og:type\" content=\"article\" \/>\n<meta property=\"og:title\" content=\"Bolla di indizione - Giubileo 2025\" \/>\n<meta property=\"og:description\" content=\"La tradizione vuole che ogni Giubileo venga proclamato tramite la pubblicazione di una Bolla Papale (o Bolla Pontificia) d\u2019Indizione. Per \u201cBolla\u201d si intende un documento ufficiale, generalmente scritto in latino, con il sigillo del Papa, la forma del quale d\u00e0 nome al documento stesso. All\u2019inizio il sigillo era solitamente di piombo e recava sul fronte [&hellip;]\" \/>\n<meta property=\"og:url\" content=\"https:\/\/www.diocesi.lodi.it\/giubileo2025\/bolla-di-indizione\/\" \/>\n<meta property=\"og:site_name\" content=\"Giubileo 2025\" \/>\n<meta property=\"article:modified_time\" content=\"2024-11-19T10:52:09+00:00\" \/>\n<meta property=\"og:image\" content=\"https:\/\/www.diocesi.lodi.it\/giubileo2025\/wp-content\/uploads\/sites\/17\/2024\/11\/cq5dam.web_.1280.1280.jpg\" \/>\n\t<meta property=\"og:image:width\" content=\"1280\" \/>\n\t<meta property=\"og:image:height\" content=\"852\" \/>\n\t<meta property=\"og:image:type\" content=\"image\/jpeg\" \/>\n<meta name=\"twitter:card\" content=\"summary_large_image\" \/>\n<meta name=\"twitter:label1\" content=\"Tempo di lettura stimato\" \/>\n\t<meta name=\"twitter:data1\" content=\"2 minuti\" \/>\n<script type=\"application\/ld+json\" class=\"yoast-schema-graph\">{\"@context\":\"https:\/\/schema.org\",\"@graph\":[{\"@type\":\"WebPage\",\"@id\":\"https:\/\/www.diocesi.lodi.it\/giubileo2025\/bolla-di-indizione\/\",\"url\":\"https:\/\/www.diocesi.lodi.it\/giubileo2025\/bolla-di-indizione\/\",\"name\":\"Bolla di indizione - Giubileo 2025\",\"isPartOf\":{\"@id\":\"https:\/\/www.diocesi.lodi.it\/giubileo2025\/#website\"},\"primaryImageOfPage\":{\"@id\":\"https:\/\/www.diocesi.lodi.it\/giubileo2025\/bolla-di-indizione\/#primaryimage\"},\"image\":{\"@id\":\"https:\/\/www.diocesi.lodi.it\/giubileo2025\/bolla-di-indizione\/#primaryimage\"},\"thumbnailUrl\":\"https:\/\/www.diocesi.lodi.it\/giubileo2025\/wp-content\/uploads\/sites\/17\/2024\/11\/cq5dam.web_.1280.1280.jpg\",\"datePublished\":\"2024-11-15T11:08:36+00:00\",\"dateModified\":\"2024-11-19T10:52:09+00:00\",\"breadcrumb\":{\"@id\":\"https:\/\/www.diocesi.lodi.it\/giubileo2025\/bolla-di-indizione\/#breadcrumb\"},\"inLanguage\":\"it-IT\",\"potentialAction\":[{\"@type\":\"ReadAction\",\"target\":[\"https:\/\/www.diocesi.lodi.it\/giubileo2025\/bolla-di-indizione\/\"]}]},{\"@type\":\"ImageObject\",\"inLanguage\":\"it-IT\",\"@id\":\"https:\/\/www.diocesi.lodi.it\/giubileo2025\/bolla-di-indizione\/#primaryimage\",\"url\":\"https:\/\/www.diocesi.lodi.it\/giubileo2025\/wp-content\/uploads\/sites\/17\/2024\/11\/cq5dam.web_.1280.1280.jpg\",\"contentUrl\":\"https:\/\/www.diocesi.lodi.it\/giubileo2025\/wp-content\/uploads\/sites\/17\/2024\/11\/cq5dam.web_.1280.1280.jpg\",\"width\":1280,\"height\":852},{\"@type\":\"BreadcrumbList\",\"@id\":\"https:\/\/www.diocesi.lodi.it\/giubileo2025\/bolla-di-indizione\/#breadcrumb\",\"itemListElement\":[{\"@type\":\"ListItem\",\"position\":1,\"name\":\"Home\",\"item\":\"https:\/\/www.diocesi.lodi.it\/giubileo2025\/\"},{\"@type\":\"ListItem\",\"position\":2,\"name\":\"Bolla di indizione\"}]},{\"@type\":\"WebSite\",\"@id\":\"https:\/\/www.diocesi.lodi.it\/giubileo2025\/#website\",\"url\":\"https:\/\/www.diocesi.lodi.it\/giubileo2025\/\",\"name\":\"Giubileo 2025\",\"description\":\"Diocesi di Lodi\",\"publisher\":{\"@id\":\"https:\/\/www.diocesi.lodi.it\/giubileo2025\/#organization\"},\"potentialAction\":[{\"@type\":\"SearchAction\",\"target\":{\"@type\":\"EntryPoint\",\"urlTemplate\":\"https:\/\/www.diocesi.lodi.it\/giubileo2025\/?s={search_term_string}\"},\"query-input\":\"required name=search_term_string\"}],\"inLanguage\":\"it-IT\"},{\"@type\":\"Organization\",\"@id\":\"https:\/\/www.diocesi.lodi.it\/giubileo2025\/#organization\",\"name\":\"Giubileo 2025\",\"url\":\"https:\/\/www.diocesi.lodi.it\/giubileo2025\/\",\"logo\":{\"@type\":\"ImageObject\",\"inLanguage\":\"it-IT\",\"@id\":\"https:\/\/www.diocesi.lodi.it\/giubileo2025\/#\/schema\/logo\/image\/\",\"url\":\"https:\/\/www.diocesi.lodi.it\/giubileo2025\/wp-content\/uploads\/sites\/17\/2024\/11\/Logo_Grande_Giubileo_2025_Iubilaeum_A.D._MMXXV.png\",\"contentUrl\":\"https:\/\/www.diocesi.lodi.it\/giubileo2025\/wp-content\/uploads\/sites\/17\/2024\/11\/Logo_Grande_Giubileo_2025_Iubilaeum_A.D._MMXXV.png\",\"width\":220,\"height\":220,\"caption\":\"Giubileo 2025\"},\"image\":{\"@id\":\"https:\/\/www.diocesi.lodi.it\/giubileo2025\/#\/schema\/logo\/image\/\"}}]}<\/script>\n<!-- \/ Yoast SEO plugin. -->","yoast_head_json":{"title":"Bolla di indizione - Giubileo 2025","robots":{"index":"index","follow":"follow","max-snippet":"max-snippet:-1","max-image-preview":"max-image-preview:large","max-video-preview":"max-video-preview:-1"},"canonical":"https:\/\/www.diocesi.lodi.it\/giubileo2025\/bolla-di-indizione\/","og_locale":"it_IT","og_type":"article","og_title":"Bolla di indizione - Giubileo 2025","og_description":"La tradizione vuole che ogni Giubileo venga proclamato tramite la pubblicazione di una Bolla Papale (o Bolla Pontificia) d\u2019Indizione. Per \u201cBolla\u201d si intende un documento ufficiale, generalmente scritto in latino, con il sigillo del Papa, la forma del quale d\u00e0 nome al documento stesso. All\u2019inizio il sigillo era solitamente di piombo e recava sul fronte [&hellip;]","og_url":"https:\/\/www.diocesi.lodi.it\/giubileo2025\/bolla-di-indizione\/","og_site_name":"Giubileo 2025","article_modified_time":"2024-11-19T10:52:09+00:00","og_image":[{"width":1280,"height":852,"url":"https:\/\/www.diocesi.lodi.it\/giubileo2025\/wp-content\/uploads\/sites\/17\/2024\/11\/cq5dam.web_.1280.1280.jpg","type":"image\/jpeg"}],"twitter_card":"summary_large_image","twitter_misc":{"Tempo di lettura stimato":"2 minuti"},"schema":{"@context":"https:\/\/schema.org","@graph":[{"@type":"WebPage","@id":"https:\/\/www.diocesi.lodi.it\/giubileo2025\/bolla-di-indizione\/","url":"https:\/\/www.diocesi.lodi.it\/giubileo2025\/bolla-di-indizione\/","name":"Bolla di indizione - Giubileo 2025","isPartOf":{"@id":"https:\/\/www.diocesi.lodi.it\/giubileo2025\/#website"},"primaryImageOfPage":{"@id":"https:\/\/www.diocesi.lodi.it\/giubileo2025\/bolla-di-indizione\/#primaryimage"},"image":{"@id":"https:\/\/www.diocesi.lodi.it\/giubileo2025\/bolla-di-indizione\/#primaryimage"},"thumbnailUrl":"https:\/\/www.diocesi.lodi.it\/giubileo2025\/wp-content\/uploads\/sites\/17\/2024\/11\/cq5dam.web_.1280.1280.jpg","datePublished":"2024-11-15T11:08:36+00:00","dateModified":"2024-11-19T10:52:09+00:00","breadcrumb":{"@id":"https:\/\/www.diocesi.lodi.it\/giubileo2025\/bolla-di-indizione\/#breadcrumb"},"inLanguage":"it-IT","potentialAction":[{"@type":"ReadAction","target":["https:\/\/www.diocesi.lodi.it\/giubileo2025\/bolla-di-indizione\/"]}]},{"@type":"ImageObject","inLanguage":"it-IT","@id":"https:\/\/www.diocesi.lodi.it\/giubileo2025\/bolla-di-indizione\/#primaryimage","url":"https:\/\/www.diocesi.lodi.it\/giubileo2025\/wp-content\/uploads\/sites\/17\/2024\/11\/cq5dam.web_.1280.1280.jpg","contentUrl":"https:\/\/www.diocesi.lodi.it\/giubileo2025\/wp-content\/uploads\/sites\/17\/2024\/11\/cq5dam.web_.1280.1280.jpg","width":1280,"height":852},{"@type":"BreadcrumbList","@id":"https:\/\/www.diocesi.lodi.it\/giubileo2025\/bolla-di-indizione\/#breadcrumb","itemListElement":[{"@type":"ListItem","position":1,"name":"Home","item":"https:\/\/www.diocesi.lodi.it\/giubileo2025\/"},{"@type":"ListItem","position":2,"name":"Bolla di indizione"}]},{"@type":"WebSite","@id":"https:\/\/www.diocesi.lodi.it\/giubileo2025\/#website","url":"https:\/\/www.diocesi.lodi.it\/giubileo2025\/","name":"Giubileo 2025","description":"Diocesi di Lodi","publisher":{"@id":"https:\/\/www.diocesi.lodi.it\/giubileo2025\/#organization"},"potentialAction":[{"@type":"SearchAction","target":{"@type":"EntryPoint","urlTemplate":"https:\/\/www.diocesi.lodi.it\/giubileo2025\/?s={search_term_string}"},"query-input":"required name=search_term_string"}],"inLanguage":"it-IT"},{"@type":"Organization","@id":"https:\/\/www.diocesi.lodi.it\/giubileo2025\/#organization","name":"Giubileo 2025","url":"https:\/\/www.diocesi.lodi.it\/giubileo2025\/","logo":{"@type":"ImageObject","inLanguage":"it-IT","@id":"https:\/\/www.diocesi.lodi.it\/giubileo2025\/#\/schema\/logo\/image\/","url":"https:\/\/www.diocesi.lodi.it\/giubileo2025\/wp-content\/uploads\/sites\/17\/2024\/11\/Logo_Grande_Giubileo_2025_Iubilaeum_A.D._MMXXV.png","contentUrl":"https:\/\/www.diocesi.lodi.it\/giubileo2025\/wp-content\/uploads\/sites\/17\/2024\/11\/Logo_Grande_Giubileo_2025_Iubilaeum_A.D._MMXXV.png","width":220,"height":220,"caption":"Giubileo 2025"},"image":{"@id":"https:\/\/www.diocesi.lodi.it\/giubileo2025\/#\/schema\/logo\/image\/"}}]}},"_links":{"self":[{"href":"https:\/\/www.diocesi.lodi.it\/giubileo2025\/wp-json\/wp\/v2\/pages\/23"}],"collection":[{"href":"https:\/\/www.diocesi.lodi.it\/giubileo2025\/wp-json\/wp\/v2\/pages"}],"about":[{"href":"https:\/\/www.diocesi.lodi.it\/giubileo2025\/wp-json\/wp\/v2\/types\/page"}],"author":[{"embeddable":true,"href":"https:\/\/www.diocesi.lodi.it\/giubileo2025\/wp-json\/wp\/v2\/users\/16"}],"replies":[{"embeddable":true,"href":"https:\/\/www.diocesi.lodi.it\/giubileo2025\/wp-json\/wp\/v2\/comments?post=23"}],"version-history":[{"count":3,"href":"https:\/\/www.diocesi.lodi.it\/giubileo2025\/wp-json\/wp\/v2\/pages\/23\/revisions"}],"predecessor-version":[{"id":63,"href":"https:\/\/www.diocesi.lodi.it\/giubileo2025\/wp-json\/wp\/v2\/pages\/23\/revisions\/63"}],"wp:featuredmedia":[{"embeddable":true,"href":"https:\/\/www.diocesi.lodi.it\/giubileo2025\/wp-json\/wp\/v2\/media\/61"}],"wp:attachment":[{"href":"https:\/\/www.diocesi.lodi.it\/giubileo2025\/wp-json\/wp\/v2\/media?parent=23"}],"curies":[{"name":"wp","href":"https:\/\/api.w.org\/{rel}","templated":true}]}}