{"id":29,"date":"2024-11-15T12:10:01","date_gmt":"2024-11-15T11:10:01","guid":{"rendered":"https:\/\/www.diocesi.lodi.it\/giubileo2025\/?page_id=29"},"modified":"2024-11-19T12:20:44","modified_gmt":"2024-11-19T11:20:44","slug":"che-cose-il-giubileo","status":"publish","type":"page","link":"https:\/\/www.diocesi.lodi.it\/giubileo2025\/che-cose-il-giubileo\/","title":{"rendered":"Che cos&#8217;\u00e8 il Giubileo"},"content":{"rendered":"<p><strong>&#8220;Giubileo&#8221; \u00e8 il nome di un anno particolare<\/strong>: sembra derivare dallo strumento utilizzato per indicarne l\u2019inizio; si tratta dello\u00a0<i>yobel<\/i>, il corno di montone, il cui suono annuncia il Giorno dell\u2019Espiazione (<i>Yom Kippur<\/i>). Questa festa ricorre ogni anno, ma assume un significato particolare quando coincide con l\u2019inizio dell\u2019anno giubilare. Ne ritroviamo una prima idea nella Bibbia: doveva essere convocato ogni 50 anni, poich\u00e9 era l\u2019anno \u2018in pi\u00f9\u2019, da vivere ogni sette settimane di anni (cfr. Lev 25,8-13). Anche se difficile da realizzare, era proposto come l\u2019occasione nella quale ristabilire il corretto rapporto nei confronti di Dio, tra le persone e con la creazione, e comportava la remissione dei debiti, la restituzione dei terreni alienati e il riposo della terra.<\/p>\n<p><img loading=\"lazy\" decoding=\"async\" class=\"size-medium wp-image-77 aligncenter\" src=\"https:\/\/www.diocesi.lodi.it\/giubileo2025\/wp-content\/uploads\/sites\/17\/2024\/11\/cq5dam.web_.1280.1280-1-300x200.jpg\" alt=\"\" width=\"300\" height=\"200\" srcset=\"https:\/\/www.diocesi.lodi.it\/giubileo2025\/wp-content\/uploads\/sites\/17\/2024\/11\/cq5dam.web_.1280.1280-1-300x200.jpg 300w, https:\/\/www.diocesi.lodi.it\/giubileo2025\/wp-content\/uploads\/sites\/17\/2024\/11\/cq5dam.web_.1280.1280-1-1024x682.jpg 1024w, https:\/\/www.diocesi.lodi.it\/giubileo2025\/wp-content\/uploads\/sites\/17\/2024\/11\/cq5dam.web_.1280.1280-1-768x512.jpg 768w, https:\/\/www.diocesi.lodi.it\/giubileo2025\/wp-content\/uploads\/sites\/17\/2024\/11\/cq5dam.web_.1280.1280-1-272x182.jpg 272w, https:\/\/www.diocesi.lodi.it\/giubileo2025\/wp-content\/uploads\/sites\/17\/2024\/11\/cq5dam.web_.1280.1280-1.jpg 1280w\" sizes=\"(max-width: 300px) 100vw, 300px\" \/><\/p>\n<p>Citando il profeta Isaia, il vangelo secondo Luca descrive in questo modo anche la missione di Ges\u00f9: \u00abLo Spirito del Signore \u00e8 sopra di me; per questo mi ha consacrato con l\u2019unzione e mi ha mandato a portare ai poveri il lieto annuncio, a proclamare ai prigionieri la liberazione e ai ciechi la vista; a rimettere in libert\u00e0 gli oppressi, a proclamare l\u2019anno di grazia del Signore\u00bb (Lc 4,18-19; cfr. Is 61,1-2). Queste parole di Ges\u00f9 sono diventate anche azioni di liberazione e di conversione nella quotidianit\u00e0 dei suoi incontri e delle sue relazioni.<\/p>\n<p><strong>Bonifacio VIII nel 1300 ha indetto il primo Giubileo, chiamato anche \u201cAnno Santo\u201d<\/strong>, perch\u00e9 \u00e8 un tempo nel quale si sperimenta che la santit\u00e0 di Dio ci trasforma. La cadenza \u00e8 cambiata nel tempo: all\u2019inizio era ogni 100 anni; viene ridotta a 50 anni nel 1343 da Clemente VI e a 25 nel 1470 da Paolo II. Vi sono anche momenti \u2018straordinari\u2019: per esempio, nel 1933 Pio XI ha voluto ricordare l\u2019anniversario della Redenzione e nel 2015 papa Francesco ha indetto l\u2019Anno della Misericordia. Diverso \u00e8 stato anche il modo di celebrare tale anno: all\u2019origine coincideva con la visita alle Basiliche romane di S. Pietro e di S. Paolo, quindi con il pellegrinaggio, successivamente si sono aggiunti altri segni, come quello della Porta Santa. Partecipando all\u2019Anno Santo si vive l\u2019indulgenza plenaria.<\/p>\n<ul>\n<li>Per approfondire visita il sito ufficiale del sito <a href=\"https:\/\/www.iubilaeum2025.va\/it\/giubileo-2025\/segni-del-giubileo.html\" target=\"_blank\" rel=\"noopener\">Giubileo 2025<\/a><\/li>\n<\/ul>\n","protected":false},"excerpt":{"rendered":"<p>&#8220;Giubileo&#8221; \u00e8 il nome di un anno particolare: sembra derivare dallo strumento utilizzato per indicarne l\u2019inizio; si tratta dello\u00a0yobel, il corno di montone, il cui suono annuncia il Giorno dell\u2019Espiazione (Yom Kippur). Questa festa ricorre ogni anno, ma assume un significato particolare quando coincide con l\u2019inizio dell\u2019anno giubilare. Ne ritroviamo una prima idea nella Bibbia: [&hellip;]<\/p>\n","protected":false},"author":0,"featured_media":0,"parent":0,"menu_order":0,"comment_status":"closed","ping_status":"closed","template":"","meta":{"_acf_changed":false,"ip_address":"","user_agent":"","level":"","revision":"","cookie_id":"","page_referer":"","html_form":"","footnotes":""},"acf":{"seed-localization-paese-cod":"","seed-localization-address":"","seed-localization-citta":"","seed-localization-regione-cod-istat":"","seed-localization-citta-cod-istat":"","seed-localization-localita":"","seed-localization-cap":"","seed-localization-geo":{"lat":41.90552298770031,"lng":12.509441971778871,"zoom":10,"markers":[],"address":"","layers":["OpenStreetMap.Mapnik"]},"seed-localization-marker-visibility":false,"seed-localization-children-visibility":false,"seed-localization-kml":null,"seed-localization-custom-marker":null},"yoast_head":"<!-- This site is optimized with the Yoast SEO plugin v22.3 - https:\/\/yoast.com\/wordpress\/plugins\/seo\/ -->\n<title>Che cos&#039;\u00e8 il Giubileo - Giubileo 2025<\/title>\n<meta name=\"robots\" content=\"index, follow, max-snippet:-1, max-image-preview:large, max-video-preview:-1\" \/>\n<link rel=\"canonical\" href=\"https:\/\/www.diocesi.lodi.it\/giubileo2025\/che-cose-il-giubileo\/\" \/>\n<meta property=\"og:locale\" content=\"it_IT\" \/>\n<meta property=\"og:type\" content=\"article\" \/>\n<meta property=\"og:title\" content=\"Che cos&#039;\u00e8 il Giubileo - Giubileo 2025\" \/>\n<meta property=\"og:description\" content=\"&#8220;Giubileo&#8221; \u00e8 il nome di un anno particolare: sembra derivare dallo strumento utilizzato per indicarne l\u2019inizio; si tratta dello\u00a0yobel, il corno di montone, il cui suono annuncia il Giorno dell\u2019Espiazione (Yom Kippur). Questa festa ricorre ogni anno, ma assume un significato particolare quando coincide con l\u2019inizio dell\u2019anno giubilare. Ne ritroviamo una prima idea nella Bibbia: [&hellip;]\" \/>\n<meta property=\"og:url\" content=\"https:\/\/www.diocesi.lodi.it\/giubileo2025\/che-cose-il-giubileo\/\" \/>\n<meta property=\"og:site_name\" content=\"Giubileo 2025\" \/>\n<meta property=\"article:modified_time\" content=\"2024-11-19T11:20:44+00:00\" \/>\n<meta property=\"og:image\" content=\"https:\/\/www.diocesi.lodi.it\/giubileo2025\/wp-content\/uploads\/sites\/17\/2024\/11\/cq5dam.web_.1280.1280-1-300x200.jpg\" \/>\n<meta name=\"twitter:card\" content=\"summary_large_image\" \/>\n<meta name=\"twitter:label1\" content=\"Tempo di lettura stimato\" \/>\n\t<meta name=\"twitter:data1\" content=\"3 minuti\" \/>\n<script type=\"application\/ld+json\" class=\"yoast-schema-graph\">{\"@context\":\"https:\/\/schema.org\",\"@graph\":[{\"@type\":\"WebPage\",\"@id\":\"https:\/\/www.diocesi.lodi.it\/giubileo2025\/che-cose-il-giubileo\/\",\"url\":\"https:\/\/www.diocesi.lodi.it\/giubileo2025\/che-cose-il-giubileo\/\",\"name\":\"Che cos'\u00e8 il Giubileo - Giubileo 2025\",\"isPartOf\":{\"@id\":\"https:\/\/www.diocesi.lodi.it\/giubileo2025\/#website\"},\"primaryImageOfPage\":{\"@id\":\"https:\/\/www.diocesi.lodi.it\/giubileo2025\/che-cose-il-giubileo\/#primaryimage\"},\"image\":{\"@id\":\"https:\/\/www.diocesi.lodi.it\/giubileo2025\/che-cose-il-giubileo\/#primaryimage\"},\"thumbnailUrl\":\"https:\/\/www.diocesi.lodi.it\/giubileo2025\/wp-content\/uploads\/sites\/17\/2024\/11\/cq5dam.web_.1280.1280-1-300x200.jpg\",\"datePublished\":\"2024-11-15T11:10:01+00:00\",\"dateModified\":\"2024-11-19T11:20:44+00:00\",\"breadcrumb\":{\"@id\":\"https:\/\/www.diocesi.lodi.it\/giubileo2025\/che-cose-il-giubileo\/#breadcrumb\"},\"inLanguage\":\"it-IT\",\"potentialAction\":[{\"@type\":\"ReadAction\",\"target\":[\"https:\/\/www.diocesi.lodi.it\/giubileo2025\/che-cose-il-giubileo\/\"]}]},{\"@type\":\"ImageObject\",\"inLanguage\":\"it-IT\",\"@id\":\"https:\/\/www.diocesi.lodi.it\/giubileo2025\/che-cose-il-giubileo\/#primaryimage\",\"url\":\"https:\/\/www.diocesi.lodi.it\/giubileo2025\/wp-content\/uploads\/sites\/17\/2024\/11\/cq5dam.web_.1280.1280-1.jpg\",\"contentUrl\":\"https:\/\/www.diocesi.lodi.it\/giubileo2025\/wp-content\/uploads\/sites\/17\/2024\/11\/cq5dam.web_.1280.1280-1.jpg\",\"width\":1280,\"height\":853},{\"@type\":\"BreadcrumbList\",\"@id\":\"https:\/\/www.diocesi.lodi.it\/giubileo2025\/che-cose-il-giubileo\/#breadcrumb\",\"itemListElement\":[{\"@type\":\"ListItem\",\"position\":1,\"name\":\"Home\",\"item\":\"https:\/\/www.diocesi.lodi.it\/giubileo2025\/\"},{\"@type\":\"ListItem\",\"position\":2,\"name\":\"Che cos&#8217;\u00e8 il Giubileo\"}]},{\"@type\":\"WebSite\",\"@id\":\"https:\/\/www.diocesi.lodi.it\/giubileo2025\/#website\",\"url\":\"https:\/\/www.diocesi.lodi.it\/giubileo2025\/\",\"name\":\"Giubileo 2025\",\"description\":\"Diocesi di Lodi\",\"publisher\":{\"@id\":\"https:\/\/www.diocesi.lodi.it\/giubileo2025\/#organization\"},\"potentialAction\":[{\"@type\":\"SearchAction\",\"target\":{\"@type\":\"EntryPoint\",\"urlTemplate\":\"https:\/\/www.diocesi.lodi.it\/giubileo2025\/?s={search_term_string}\"},\"query-input\":\"required name=search_term_string\"}],\"inLanguage\":\"it-IT\"},{\"@type\":\"Organization\",\"@id\":\"https:\/\/www.diocesi.lodi.it\/giubileo2025\/#organization\",\"name\":\"Giubileo 2025\",\"url\":\"https:\/\/www.diocesi.lodi.it\/giubileo2025\/\",\"logo\":{\"@type\":\"ImageObject\",\"inLanguage\":\"it-IT\",\"@id\":\"https:\/\/www.diocesi.lodi.it\/giubileo2025\/#\/schema\/logo\/image\/\",\"url\":\"https:\/\/www.diocesi.lodi.it\/giubileo2025\/wp-content\/uploads\/sites\/17\/2024\/11\/Logo_Grande_Giubileo_2025_Iubilaeum_A.D._MMXXV.png\",\"contentUrl\":\"https:\/\/www.diocesi.lodi.it\/giubileo2025\/wp-content\/uploads\/sites\/17\/2024\/11\/Logo_Grande_Giubileo_2025_Iubilaeum_A.D._MMXXV.png\",\"width\":220,\"height\":220,\"caption\":\"Giubileo 2025\"},\"image\":{\"@id\":\"https:\/\/www.diocesi.lodi.it\/giubileo2025\/#\/schema\/logo\/image\/\"}}]}<\/script>\n<!-- \/ Yoast SEO plugin. -->","yoast_head_json":{"title":"Che cos'\u00e8 il Giubileo - Giubileo 2025","robots":{"index":"index","follow":"follow","max-snippet":"max-snippet:-1","max-image-preview":"max-image-preview:large","max-video-preview":"max-video-preview:-1"},"canonical":"https:\/\/www.diocesi.lodi.it\/giubileo2025\/che-cose-il-giubileo\/","og_locale":"it_IT","og_type":"article","og_title":"Che cos'\u00e8 il Giubileo - Giubileo 2025","og_description":"&#8220;Giubileo&#8221; \u00e8 il nome di un anno particolare: sembra derivare dallo strumento utilizzato per indicarne l\u2019inizio; si tratta dello\u00a0yobel, il corno di montone, il cui suono annuncia il Giorno dell\u2019Espiazione (Yom Kippur). Questa festa ricorre ogni anno, ma assume un significato particolare quando coincide con l\u2019inizio dell\u2019anno giubilare. Ne ritroviamo una prima idea nella Bibbia: [&hellip;]","og_url":"https:\/\/www.diocesi.lodi.it\/giubileo2025\/che-cose-il-giubileo\/","og_site_name":"Giubileo 2025","article_modified_time":"2024-11-19T11:20:44+00:00","og_image":[{"url":"https:\/\/www.diocesi.lodi.it\/giubileo2025\/wp-content\/uploads\/sites\/17\/2024\/11\/cq5dam.web_.1280.1280-1-300x200.jpg"}],"twitter_card":"summary_large_image","twitter_misc":{"Tempo di lettura stimato":"3 minuti"},"schema":{"@context":"https:\/\/schema.org","@graph":[{"@type":"WebPage","@id":"https:\/\/www.diocesi.lodi.it\/giubileo2025\/che-cose-il-giubileo\/","url":"https:\/\/www.diocesi.lodi.it\/giubileo2025\/che-cose-il-giubileo\/","name":"Che cos'\u00e8 il Giubileo - Giubileo 2025","isPartOf":{"@id":"https:\/\/www.diocesi.lodi.it\/giubileo2025\/#website"},"primaryImageOfPage":{"@id":"https:\/\/www.diocesi.lodi.it\/giubileo2025\/che-cose-il-giubileo\/#primaryimage"},"image":{"@id":"https:\/\/www.diocesi.lodi.it\/giubileo2025\/che-cose-il-giubileo\/#primaryimage"},"thumbnailUrl":"https:\/\/www.diocesi.lodi.it\/giubileo2025\/wp-content\/uploads\/sites\/17\/2024\/11\/cq5dam.web_.1280.1280-1-300x200.jpg","datePublished":"2024-11-15T11:10:01+00:00","dateModified":"2024-11-19T11:20:44+00:00","breadcrumb":{"@id":"https:\/\/www.diocesi.lodi.it\/giubileo2025\/che-cose-il-giubileo\/#breadcrumb"},"inLanguage":"it-IT","potentialAction":[{"@type":"ReadAction","target":["https:\/\/www.diocesi.lodi.it\/giubileo2025\/che-cose-il-giubileo\/"]}]},{"@type":"ImageObject","inLanguage":"it-IT","@id":"https:\/\/www.diocesi.lodi.it\/giubileo2025\/che-cose-il-giubileo\/#primaryimage","url":"https:\/\/www.diocesi.lodi.it\/giubileo2025\/wp-content\/uploads\/sites\/17\/2024\/11\/cq5dam.web_.1280.1280-1.jpg","contentUrl":"https:\/\/www.diocesi.lodi.it\/giubileo2025\/wp-content\/uploads\/sites\/17\/2024\/11\/cq5dam.web_.1280.1280-1.jpg","width":1280,"height":853},{"@type":"BreadcrumbList","@id":"https:\/\/www.diocesi.lodi.it\/giubileo2025\/che-cose-il-giubileo\/#breadcrumb","itemListElement":[{"@type":"ListItem","position":1,"name":"Home","item":"https:\/\/www.diocesi.lodi.it\/giubileo2025\/"},{"@type":"ListItem","position":2,"name":"Che cos&#8217;\u00e8 il Giubileo"}]},{"@type":"WebSite","@id":"https:\/\/www.diocesi.lodi.it\/giubileo2025\/#website","url":"https:\/\/www.diocesi.lodi.it\/giubileo2025\/","name":"Giubileo 2025","description":"Diocesi di Lodi","publisher":{"@id":"https:\/\/www.diocesi.lodi.it\/giubileo2025\/#organization"},"potentialAction":[{"@type":"SearchAction","target":{"@type":"EntryPoint","urlTemplate":"https:\/\/www.diocesi.lodi.it\/giubileo2025\/?s={search_term_string}"},"query-input":"required name=search_term_string"}],"inLanguage":"it-IT"},{"@type":"Organization","@id":"https:\/\/www.diocesi.lodi.it\/giubileo2025\/#organization","name":"Giubileo 2025","url":"https:\/\/www.diocesi.lodi.it\/giubileo2025\/","logo":{"@type":"ImageObject","inLanguage":"it-IT","@id":"https:\/\/www.diocesi.lodi.it\/giubileo2025\/#\/schema\/logo\/image\/","url":"https:\/\/www.diocesi.lodi.it\/giubileo2025\/wp-content\/uploads\/sites\/17\/2024\/11\/Logo_Grande_Giubileo_2025_Iubilaeum_A.D._MMXXV.png","contentUrl":"https:\/\/www.diocesi.lodi.it\/giubileo2025\/wp-content\/uploads\/sites\/17\/2024\/11\/Logo_Grande_Giubileo_2025_Iubilaeum_A.D._MMXXV.png","width":220,"height":220,"caption":"Giubileo 2025"},"image":{"@id":"https:\/\/www.diocesi.lodi.it\/giubileo2025\/#\/schema\/logo\/image\/"}}]}},"_links":{"self":[{"href":"https:\/\/www.diocesi.lodi.it\/giubileo2025\/wp-json\/wp\/v2\/pages\/29"}],"collection":[{"href":"https:\/\/www.diocesi.lodi.it\/giubileo2025\/wp-json\/wp\/v2\/pages"}],"about":[{"href":"https:\/\/www.diocesi.lodi.it\/giubileo2025\/wp-json\/wp\/v2\/types\/page"}],"author":[{"embeddable":true,"href":"https:\/\/www.diocesi.lodi.it\/giubileo2025\/wp-json\/wp\/v2\/users\/16"}],"replies":[{"embeddable":true,"href":"https:\/\/www.diocesi.lodi.it\/giubileo2025\/wp-json\/wp\/v2\/comments?post=29"}],"version-history":[{"count":3,"href":"https:\/\/www.diocesi.lodi.it\/giubileo2025\/wp-json\/wp\/v2\/pages\/29\/revisions"}],"predecessor-version":[{"id":79,"href":"https:\/\/www.diocesi.lodi.it\/giubileo2025\/wp-json\/wp\/v2\/pages\/29\/revisions\/79"}],"wp:attachment":[{"href":"https:\/\/www.diocesi.lodi.it\/giubileo2025\/wp-json\/wp\/v2\/media?parent=29"}],"curies":[{"name":"wp","href":"https:\/\/api.w.org\/{rel}","templated":true}]}}