{"id":31,"date":"2024-11-15T12:10:32","date_gmt":"2024-11-15T11:10:32","guid":{"rendered":"https:\/\/www.diocesi.lodi.it\/giubileo2025\/?page_id=31"},"modified":"2024-11-19T12:21:57","modified_gmt":"2024-11-19T11:21:57","slug":"lettera-di-papa-francesco","status":"publish","type":"page","link":"https:\/\/www.diocesi.lodi.it\/giubileo2025\/lettera-di-papa-francesco\/","title":{"rendered":"Lettera di Papa Francesco"},"content":{"rendered":"<p style=\"text-align: center\"><b><i>LETTERA DEL SANTO PADRE FRANCESCO<br \/>\nA S.E. MONS. RINO FISICHELLA PER IL GIUBILEO 2025<\/i><\/b><\/p>\n<p>&nbsp;<\/p>\n<p style=\"text-align: right\"><em>Al caro Fratello<\/em><br \/>\n<em>Mons. RINO FISICHELLA<\/em><br \/>\n<em>Presidente del Pontificio Consiglio<\/em><br \/>\n<em>per la Promozione della Nuova Evangelizzazione<\/em><\/p>\n<p>Il Giubileo ha sempre rappresentato nella vita della Chiesa un evento di grande rilevanza spirituale, ecclesiale e sociale. Da quando Bonifacio VIII, nel 1300, istitu\u00ec il primo Anno Santo \u2013 con ricorrenza secolare, divenuta poi, sul modello biblico, cinquantennale e quindi fissata ogni venticinque anni \u2013, il santo popolo fedele di Dio ha vissuto questa celebrazione come uno speciale dono di grazia, caratterizzato dal perdono dei peccati e, in particolare, dall\u2019indulgenza, espressione piena della misericordia di Dio. I fedeli, spesso al termine di un lungo pellegrinaggio, attingono al tesoro spirituale della Chiesa attraversando la Porta Santa e venerando le reliquie degli Apostoli Pietro e Paolo custodite nelle Basiliche romane. Milioni e milioni di pellegrini, nel corso dei secoli, hanno raggiunto questi luoghi santi dando testimonianza viva della fede di sempre.<\/p>\n<p>Il Grande Giubileo dell\u2019anno 2000 ha introdotto la Chiesa nel terzo millennio della sua storia. San Giovanni Paolo II lo aveva tanto atteso e desiderato, nella speranza che tutti i cristiani, superate le storiche divisioni, potessero celebrare insieme i duemila anni della nascita di Ges\u00f9 Cristo il Salvatore dell\u2019umanit\u00e0. Ora \u00e8 ormai vicino il traguardo dei primi venticinque anni del secolo XXI, e siamo chiamati a mettere in atto una preparazione che permetta al popolo cristiano di vivere l\u2019Anno Santo in tutta la sua pregnanza pastorale. Una tappa significativa, in tal senso, \u00e8 stata quella del Giubileo straordinario della Misericordia, che ci ha permesso di riscoprire tutta la forza e la tenerezza dell\u2019amore misericordioso del Padre, per esserne a nostra volta testimoni.<\/p>\n<p>Negli ultimi due anni, tuttavia, non c\u2019\u00e8 stato un Paese che non sia stato sconvolto dall\u2019improvvisa epidemia che, oltre ad aver fatto toccare con mano il dramma della morte in solitudine, l\u2019incertezza e la provvisoriet\u00e0 dell\u2019esistenza, ha modificato il nostro modo di vivere. Come cristiani abbiamo patito insieme con tutti i fratelli e le sorelle le stesse sofferenze e limitazioni. Le nostre chiese sono rimaste chiuse, cos\u00ec come le scuole, le fabbriche, gli uffici, i negozi e i luoghi dedicati al tempo libero. Tutti abbiamo visto limitate alcune libert\u00e0 e la pandemia, oltre al dolore, ha suscitato talvolta nel nostro animo il dubbio, la paura, lo smarrimento. Gli uomini e le donne di scienza, con grande tempestivit\u00e0, hanno trovato un primo rimedio che progressivamente permette di ritornare alla vita quotidiana. Abbiamo piena fiducia che l\u2019epidemia possa essere superata e il mondo ritrovare i suoi ritmi di relazioni personali e di vita sociale. Questo sar\u00e0 pi\u00f9 facilmente raggiungibile nella misura in cui si agir\u00e0 con fattiva solidariet\u00e0, in modo che non vengano trascurate le popolazioni pi\u00f9 indigenti, ma si possa condividere con tutti sia i ritrovati della scienza sia i medicinali necessari.<\/p>\n<p>Dobbiamo tenere accesa la fiaccola della speranza che ci \u00e8 stata donata, e fare di tutto perch\u00e9 ognuno riacquisti la forza e la certezza di guardare al futuro con animo aperto, cuore fiducioso e mente lungimirante. Il prossimo Giubileo potr\u00e0 favorire molto la ricomposizione di un clima di speranza e di fiducia, come segno di una rinnovata rinascita di cui tutti sentiamo l\u2019urgenza. Per questo ho scelto il motto\u00a0<i>Pellegrini di speranza<\/i>. Tutto ci\u00f2 per\u00f2 sar\u00e0 possibile se saremo capaci di recuperare il senso di fraternit\u00e0 universale, se non chiuderemo gli occhi davanti al dramma della povert\u00e0 dilagante che impedisce a milioni di uomini, donne, giovani e bambini di vivere in maniera degna di esseri umani. Penso specialmente ai tanti profughi costretti ad abbandonare le loro terre. Le voci dei poveri siano ascoltate in questo tempo di preparazione al Giubileo che, secondo il comando biblico, restituisce a ciascuno l\u2019accesso ai frutti della terra: \u00abCi\u00f2 che la terra produrr\u00e0 durante il suo riposo servir\u00e0 di nutrimento a te, al tuo schiavo, alla tua schiava, al tuo bracciante e all&#8217;ospite che si trover\u00e0 presso di te; anche al tuo bestiame e agli animali che sono nella tua terra servir\u00e0 di nutrimento quanto essa produrr\u00e0\u00bb (<i>Lv<\/i>\u00a025,6-7).<\/p>\n<p>Pertanto, la dimensione spirituale del Giubileo, che invita alla conversione, si coniughi con questi aspetti fondamentali del vivere sociale, per costituire \u00a0un\u2019unit\u00e0 coerente. Sentendoci tutti pellegrini sulla terra in cui il Signore ci ha posto perch\u00e9 la coltiviamo e la custodiamo (cfr Gen 2,15), non trascuriamo, lungo il cammino, di contemplare la bellezza del creato e di prenderci cura della nostra casa comune. Auspico che il prossimo Anno giubilare sia celebrato e vissuto anche con questa intenzione. In effetti, un numero sempre crescente di persone, tra cui molti giovani e giovanissimi, riconosce che la cura per il creato \u00e8 espressione essenziale della fede in Dio e dell\u2019obbedienza alla sua volont\u00e0.<\/p>\n<p>Affido a Lei, caro Confratello, la responsabilit\u00e0 di trovare le forme adeguate perch\u00e9 l\u2019Anno Santo possa essere preparato e celebrato con fede intensa, speranza viva e carit\u00e0 operosa. Il Dicastero che promuove la nuova evangelizzazione sapr\u00e0 fare di questo momento di grazia una tappa significativa per la pastorale delle Chiese particolari, latine ed orientali, che in questi anni sono chiamate a intensificare l\u2019impegno sinodale. In tale prospettiva, il pellegrinaggio verso il Giubileo potr\u00e0 rafforzare ed esprimere il comune cammino che la Chiesa \u00e8 chiamata a compiere per essere sempre pi\u00f9 e sempre meglio segno e strumento di unit\u00e0 nell\u2019armonia delle diversit\u00e0. Sar\u00e0 importante aiutare a riscoprire le esigenze della chiamata universale alla partecipazione responsabile, nella valorizzazione dei carismi e dei ministeri che lo Spirito Santo non cessa mai di elargire per la costruzione dell\u2019unica Chiesa. Le quattro Costituzioni del Concilio Ecumenico Vaticano II, unitamente al magistero di questi decenni, continueranno ad orientare e guidare il popolo santo di Dio, affinch\u00e9 progredisca nella missione di portare a tutti il gioioso annuncio del Vangelo.<\/p>\n<p>Secondo la consuetudine, la Bolla di indizione, che a tempo debito sar\u00e0 emanata, conterr\u00e0 le indicazioni necessarie per celebrare il Giubileo del 2025. In questo tempo di preparazione, fin da ora mi rallegra pensare che si potr\u00e0 dedicare l\u2019anno precedente l\u2019evento giubilare, il 2024, a una grande \u201csinfonia\u201d di preghiera. Anzitutto per recuperare il desiderio di stare alla presenza del Signore, ascoltarlo e adorarlo. Preghiera, inoltre, per ringraziare Dio dei tanti doni del suo amore per noi e lodare la sua opera nella creazione, che impegna tutti al rispetto e all\u2019azione concreta e responsabile per la sua salvaguardia. Preghiera come voce \u201cdel cuore solo e dell\u2019anima sola\u201d (cfr\u00a0<i>At<\/i>\u00a04,32), che si traduce nella solidariet\u00e0 e nella condivisione del pane quotidiano. Preghiera che permette ad ogni uomo e donna di questo mondo di rivolgersi all\u2019unico Dio, per esprimergli quanto \u00e8 riposto nel segreto del cuore. Preghiera come via maestra verso la santit\u00e0, che conduce a vivere la contemplazione anche in mezzo all\u2019azione. Insomma, un intenso anno di preghiera, in cui i cuori si aprano a ricevere l\u2019abbondanza della grazia, facendo del \u201cPadre nostro\u201d, l\u2019orazione che Ges\u00f9 ci ha insegnato, il programma di vita di ogni suo discepolo.<\/p>\n<p>Chiedo alla Vergine Maria di accompagnare la Chiesa nel cammino di preparazione all\u2019evento di grazia del Giubileo, e con gratitudine invio di cuore a Lei e ai collaboratori la mia Benedizione.<\/p>\n<p style=\"text-align: right\"><i>Roma, San Giovanni in Laterano, 11 febbraio 2022, memoria della Beata Vergine Maria di Lourdes<\/i><\/p>\n<p style=\"text-align: right\"><em>FRANCESCO<\/em><\/p>\n","protected":false},"excerpt":{"rendered":"<p>LETTERA DEL SANTO PADRE FRANCESCO A S.E. MONS. RINO FISICHELLA PER IL GIUBILEO 2025 &nbsp; Al caro Fratello Mons. RINO FISICHELLA Presidente del Pontificio Consiglio per la Promozione della Nuova Evangelizzazione Il Giubileo ha sempre rappresentato nella vita della Chiesa un evento di grande rilevanza spirituale, ecclesiale e sociale. Da quando Bonifacio VIII, nel 1300, [&hellip;]<\/p>\n","protected":false},"author":0,"featured_media":0,"parent":0,"menu_order":0,"comment_status":"closed","ping_status":"closed","template":"","meta":{"_acf_changed":false,"ip_address":"","user_agent":"","level":"","revision":"","cookie_id":"","page_referer":"","html_form":"","footnotes":""},"acf":{"seed-localization-paese-cod":"","seed-localization-address":"","seed-localization-citta":"","seed-localization-regione-cod-istat":"","seed-localization-citta-cod-istat":"","seed-localization-localita":"","seed-localization-cap":"","seed-localization-geo":{"lat":41.90552298770031,"lng":12.509441971778871,"zoom":10,"markers":[],"address":"","layers":["OpenStreetMap.Mapnik"]},"seed-localization-marker-visibility":false,"seed-localization-children-visibility":false,"seed-localization-kml":null,"seed-localization-custom-marker":null},"yoast_head":"<!-- This site is optimized with the Yoast SEO plugin v22.3 - https:\/\/yoast.com\/wordpress\/plugins\/seo\/ -->\n<title>Lettera di Papa Francesco - Giubileo 2025<\/title>\n<meta name=\"robots\" content=\"index, follow, max-snippet:-1, max-image-preview:large, max-video-preview:-1\" \/>\n<link rel=\"canonical\" href=\"https:\/\/www.diocesi.lodi.it\/giubileo2025\/lettera-di-papa-francesco\/\" \/>\n<meta property=\"og:locale\" content=\"it_IT\" \/>\n<meta property=\"og:type\" content=\"article\" \/>\n<meta property=\"og:title\" content=\"Lettera di Papa Francesco - Giubileo 2025\" \/>\n<meta property=\"og:description\" content=\"LETTERA DEL SANTO PADRE FRANCESCO A S.E. MONS. RINO FISICHELLA PER IL GIUBILEO 2025 &nbsp; Al caro Fratello Mons. RINO FISICHELLA Presidente del Pontificio Consiglio per la Promozione della Nuova Evangelizzazione Il Giubileo ha sempre rappresentato nella vita della Chiesa un evento di grande rilevanza spirituale, ecclesiale e sociale. Da quando Bonifacio VIII, nel 1300, [&hellip;]\" \/>\n<meta property=\"og:url\" content=\"https:\/\/www.diocesi.lodi.it\/giubileo2025\/lettera-di-papa-francesco\/\" \/>\n<meta property=\"og:site_name\" content=\"Giubileo 2025\" \/>\n<meta property=\"article:modified_time\" content=\"2024-11-19T11:21:57+00:00\" \/>\n<meta name=\"twitter:card\" content=\"summary_large_image\" \/>\n<meta name=\"twitter:label1\" content=\"Tempo di lettura stimato\" \/>\n\t<meta name=\"twitter:data1\" content=\"7 minuti\" \/>\n<script type=\"application\/ld+json\" class=\"yoast-schema-graph\">{\"@context\":\"https:\/\/schema.org\",\"@graph\":[{\"@type\":\"WebPage\",\"@id\":\"https:\/\/www.diocesi.lodi.it\/giubileo2025\/lettera-di-papa-francesco\/\",\"url\":\"https:\/\/www.diocesi.lodi.it\/giubileo2025\/lettera-di-papa-francesco\/\",\"name\":\"Lettera di Papa Francesco - Giubileo 2025\",\"isPartOf\":{\"@id\":\"https:\/\/www.diocesi.lodi.it\/giubileo2025\/#website\"},\"datePublished\":\"2024-11-15T11:10:32+00:00\",\"dateModified\":\"2024-11-19T11:21:57+00:00\",\"breadcrumb\":{\"@id\":\"https:\/\/www.diocesi.lodi.it\/giubileo2025\/lettera-di-papa-francesco\/#breadcrumb\"},\"inLanguage\":\"it-IT\",\"potentialAction\":[{\"@type\":\"ReadAction\",\"target\":[\"https:\/\/www.diocesi.lodi.it\/giubileo2025\/lettera-di-papa-francesco\/\"]}]},{\"@type\":\"BreadcrumbList\",\"@id\":\"https:\/\/www.diocesi.lodi.it\/giubileo2025\/lettera-di-papa-francesco\/#breadcrumb\",\"itemListElement\":[{\"@type\":\"ListItem\",\"position\":1,\"name\":\"Home\",\"item\":\"https:\/\/www.diocesi.lodi.it\/giubileo2025\/\"},{\"@type\":\"ListItem\",\"position\":2,\"name\":\"Lettera di Papa Francesco\"}]},{\"@type\":\"WebSite\",\"@id\":\"https:\/\/www.diocesi.lodi.it\/giubileo2025\/#website\",\"url\":\"https:\/\/www.diocesi.lodi.it\/giubileo2025\/\",\"name\":\"Giubileo 2025\",\"description\":\"Diocesi di Lodi\",\"publisher\":{\"@id\":\"https:\/\/www.diocesi.lodi.it\/giubileo2025\/#organization\"},\"potentialAction\":[{\"@type\":\"SearchAction\",\"target\":{\"@type\":\"EntryPoint\",\"urlTemplate\":\"https:\/\/www.diocesi.lodi.it\/giubileo2025\/?s={search_term_string}\"},\"query-input\":\"required name=search_term_string\"}],\"inLanguage\":\"it-IT\"},{\"@type\":\"Organization\",\"@id\":\"https:\/\/www.diocesi.lodi.it\/giubileo2025\/#organization\",\"name\":\"Giubileo 2025\",\"url\":\"https:\/\/www.diocesi.lodi.it\/giubileo2025\/\",\"logo\":{\"@type\":\"ImageObject\",\"inLanguage\":\"it-IT\",\"@id\":\"https:\/\/www.diocesi.lodi.it\/giubileo2025\/#\/schema\/logo\/image\/\",\"url\":\"https:\/\/www.diocesi.lodi.it\/giubileo2025\/wp-content\/uploads\/sites\/17\/2024\/11\/Logo_Grande_Giubileo_2025_Iubilaeum_A.D._MMXXV.png\",\"contentUrl\":\"https:\/\/www.diocesi.lodi.it\/giubileo2025\/wp-content\/uploads\/sites\/17\/2024\/11\/Logo_Grande_Giubileo_2025_Iubilaeum_A.D._MMXXV.png\",\"width\":220,\"height\":220,\"caption\":\"Giubileo 2025\"},\"image\":{\"@id\":\"https:\/\/www.diocesi.lodi.it\/giubileo2025\/#\/schema\/logo\/image\/\"}}]}<\/script>\n<!-- \/ Yoast SEO plugin. -->","yoast_head_json":{"title":"Lettera di Papa Francesco - Giubileo 2025","robots":{"index":"index","follow":"follow","max-snippet":"max-snippet:-1","max-image-preview":"max-image-preview:large","max-video-preview":"max-video-preview:-1"},"canonical":"https:\/\/www.diocesi.lodi.it\/giubileo2025\/lettera-di-papa-francesco\/","og_locale":"it_IT","og_type":"article","og_title":"Lettera di Papa Francesco - Giubileo 2025","og_description":"LETTERA DEL SANTO PADRE FRANCESCO A S.E. MONS. RINO FISICHELLA PER IL GIUBILEO 2025 &nbsp; Al caro Fratello Mons. RINO FISICHELLA Presidente del Pontificio Consiglio per la Promozione della Nuova Evangelizzazione Il Giubileo ha sempre rappresentato nella vita della Chiesa un evento di grande rilevanza spirituale, ecclesiale e sociale. Da quando Bonifacio VIII, nel 1300, [&hellip;]","og_url":"https:\/\/www.diocesi.lodi.it\/giubileo2025\/lettera-di-papa-francesco\/","og_site_name":"Giubileo 2025","article_modified_time":"2024-11-19T11:21:57+00:00","twitter_card":"summary_large_image","twitter_misc":{"Tempo di lettura stimato":"7 minuti"},"schema":{"@context":"https:\/\/schema.org","@graph":[{"@type":"WebPage","@id":"https:\/\/www.diocesi.lodi.it\/giubileo2025\/lettera-di-papa-francesco\/","url":"https:\/\/www.diocesi.lodi.it\/giubileo2025\/lettera-di-papa-francesco\/","name":"Lettera di Papa Francesco - Giubileo 2025","isPartOf":{"@id":"https:\/\/www.diocesi.lodi.it\/giubileo2025\/#website"},"datePublished":"2024-11-15T11:10:32+00:00","dateModified":"2024-11-19T11:21:57+00:00","breadcrumb":{"@id":"https:\/\/www.diocesi.lodi.it\/giubileo2025\/lettera-di-papa-francesco\/#breadcrumb"},"inLanguage":"it-IT","potentialAction":[{"@type":"ReadAction","target":["https:\/\/www.diocesi.lodi.it\/giubileo2025\/lettera-di-papa-francesco\/"]}]},{"@type":"BreadcrumbList","@id":"https:\/\/www.diocesi.lodi.it\/giubileo2025\/lettera-di-papa-francesco\/#breadcrumb","itemListElement":[{"@type":"ListItem","position":1,"name":"Home","item":"https:\/\/www.diocesi.lodi.it\/giubileo2025\/"},{"@type":"ListItem","position":2,"name":"Lettera di Papa Francesco"}]},{"@type":"WebSite","@id":"https:\/\/www.diocesi.lodi.it\/giubileo2025\/#website","url":"https:\/\/www.diocesi.lodi.it\/giubileo2025\/","name":"Giubileo 2025","description":"Diocesi di Lodi","publisher":{"@id":"https:\/\/www.diocesi.lodi.it\/giubileo2025\/#organization"},"potentialAction":[{"@type":"SearchAction","target":{"@type":"EntryPoint","urlTemplate":"https:\/\/www.diocesi.lodi.it\/giubileo2025\/?s={search_term_string}"},"query-input":"required name=search_term_string"}],"inLanguage":"it-IT"},{"@type":"Organization","@id":"https:\/\/www.diocesi.lodi.it\/giubileo2025\/#organization","name":"Giubileo 2025","url":"https:\/\/www.diocesi.lodi.it\/giubileo2025\/","logo":{"@type":"ImageObject","inLanguage":"it-IT","@id":"https:\/\/www.diocesi.lodi.it\/giubileo2025\/#\/schema\/logo\/image\/","url":"https:\/\/www.diocesi.lodi.it\/giubileo2025\/wp-content\/uploads\/sites\/17\/2024\/11\/Logo_Grande_Giubileo_2025_Iubilaeum_A.D._MMXXV.png","contentUrl":"https:\/\/www.diocesi.lodi.it\/giubileo2025\/wp-content\/uploads\/sites\/17\/2024\/11\/Logo_Grande_Giubileo_2025_Iubilaeum_A.D._MMXXV.png","width":220,"height":220,"caption":"Giubileo 2025"},"image":{"@id":"https:\/\/www.diocesi.lodi.it\/giubileo2025\/#\/schema\/logo\/image\/"}}]}},"_links":{"self":[{"href":"https:\/\/www.diocesi.lodi.it\/giubileo2025\/wp-json\/wp\/v2\/pages\/31"}],"collection":[{"href":"https:\/\/www.diocesi.lodi.it\/giubileo2025\/wp-json\/wp\/v2\/pages"}],"about":[{"href":"https:\/\/www.diocesi.lodi.it\/giubileo2025\/wp-json\/wp\/v2\/types\/page"}],"author":[{"embeddable":true,"href":"https:\/\/www.diocesi.lodi.it\/giubileo2025\/wp-json\/wp\/v2\/users\/16"}],"replies":[{"embeddable":true,"href":"https:\/\/www.diocesi.lodi.it\/giubileo2025\/wp-json\/wp\/v2\/comments?post=31"}],"version-history":[{"count":2,"href":"https:\/\/www.diocesi.lodi.it\/giubileo2025\/wp-json\/wp\/v2\/pages\/31\/revisions"}],"predecessor-version":[{"id":80,"href":"https:\/\/www.diocesi.lodi.it\/giubileo2025\/wp-json\/wp\/v2\/pages\/31\/revisions\/80"}],"wp:attachment":[{"href":"https:\/\/www.diocesi.lodi.it\/giubileo2025\/wp-json\/wp\/v2\/media?parent=31"}],"curies":[{"name":"wp","href":"https:\/\/api.w.org\/{rel}","templated":true}]}}