{"id":35,"date":"2024-11-15T12:15:58","date_gmt":"2024-11-15T11:15:58","guid":{"rendered":"https:\/\/www.diocesi.lodi.it\/giubileo2025\/?page_id=35"},"modified":"2024-11-19T12:18:11","modified_gmt":"2024-11-19T11:18:11","slug":"diventa-volontario-a-roma","status":"publish","type":"page","link":"https:\/\/www.diocesi.lodi.it\/giubileo2025\/diventa-volontario-a-roma\/","title":{"rendered":"Diventa volontario a Roma"},"content":{"rendered":"<div class=\"spc-textimage\">\n<div class=\"body-text columns-count-1\">\n<figure class=\"article-image text_e_image__center\"><strong>Se sei maggiorenne e vuoi vivere il prossimo Anno Santo in forma attiva<\/strong>, aiutando i numerosi pellegrini che verranno a Roma per attraversare la Porta Santa, questa \u00e8 la tua occasione! <strong>Potrai offrire la tua disponibilit\u00e0 per una o pi\u00f9 settimane e per eventi giubilari specifici<\/strong>, vivendo esperienze uniche aiutando chi ha bisogno di assistenza e di informazioni lungo le vie di pellegrinaggio che portano alle Porte Sante delle quattro Basiliche Pontificie.<\/figure>\n<\/div>\n<div class=\"body-text columns-count-1\"><img loading=\"lazy\" decoding=\"async\" class=\"lazyloaded aligncenter\" title=\"\" src=\"https:\/\/www.iubilaeum2025.va\/content\/dam\/iubilaeum2025\/diventa-volontario\/italiano.png\/_jcr_content\/renditions\/cq5dam.web.1280.1280.png\" alt=\"Diventa Volontario del Giubileo 2025\" width=\"666\" height=\"375\" data-src=\"\/content\/dam\/iubilaeum2025\/diventa-volontario\/italiano.png\/_jcr_content\/renditions\/cq5dam.web.1280.1280.png\" \/>Per presentare la tua disponibilit\u00e0 ti invitiamo a compilare\u00a0<a href=\"https:\/\/register.iubilaeum2025.va\/volunteer\">il relativo modulo qui presente<\/a>.\u00a0Dopo aver inserito i dati richiesti, sar\u00e0 possibile accedere all&#8217;area riservata tramite la propria email e la password scelta.<\/p>\n<p>Nell&#8217;area riservata dovrai caricare:<\/p>\n<ul>\n<li>\u00a0<b>Documento<\/b>:\u00a0<i>caricando la foto del proprio\u00a0documento, in corso di validit\u00e0, scansionato in modo chiaro e leggibile &#8211; (NO SFONDI COME TAVOLI O ALTRI OGGETTI)<\/i><\/li>\n<li><b>Fototessera<\/b>: \u00a0<i>La foto deve essere recente,a colori, chiara e nitida, con il soggetto rappresentato in modo frontale e con gli occhi ben visibili.\u00a0 Il volto non deve essere coperto, deve essere completamente visibile e non altri oggetti in sfondo. Sfondo neutro o bianco.\u00a0<\/i><\/li>\n<li><b>Lettera di presentazione<\/b>:\u00a0<i>deve essere sottoscritta debitamente dal proprio Parroco o del responsabile della realt\u00e0 ecclesiale a cui appartieni (<a href=\"https:\/\/www.iubilaeum2025.va\/content\/dam\/iubilaeum2025\/diventa-volontario\/moduli-lettere-presentazione-parroco\/Modulo-di-presentazione-ITA.pdf\">come da allegato scaricabile<\/a>).\u00a0<\/i><\/li>\n<\/ul>\n<p><i>\u00a0<\/i>Nell&#8217;area riservata potrai indicare le settimane e gli eventi giubilari per i quali sei disponibile al servizio, solamente in seguito al caricamento di tutti i documenti richiesti.<\/p>\n<p>Potrai indicare anche pi\u00f9 settimane, ma sempre comprese fra sabato e sabato. Se preferisci offrire la tua disponibilit\u00e0 per eventi giubilari specifici, questa verr\u00e0 considerata per tutti i giorni dell\u2019evento, che possono variare da giubileo a giubileo. Ti invitiamo a consultare previamente il calendario giubilare. Potrai comunque ritirare la tua disponibilit\u00e0 in qualsiasi momento, fino a sette giorni prima dell\u2019inizio del servizio.<\/p>\n<p>Sempre nell&#8217;area riservata, infine, potrai seguire lo stato di avanzamento della tua candidatura e verificare se \u00e8 stata accettata. Si specifica che l\u2019accettazione della propria disponibilit\u00e0 resta prerogativa unica della Segreteria Organizzativa del Giubileo 2025.<\/p>\n<ul>\n<li>Per maggiori informazioni contattaci inviando una mail a\u00a0<a href=\"mailto:volunteers@iubilaeum2025.va\">volunteers@iubilaeum2025.va<\/a> o leggi le <a href=\"https:\/\/www.iubilaeum2025.va\/it\/pellegrinaggio\/volontari-del-giubileo\/diventa-volontario.html\" target=\"_blank\" rel=\"noopener\">FAQ<\/a> sul sito ufficiale del Giubielo.<\/li>\n<\/ul>\n<\/div>\n<div class=\"clean\"><\/div>\n<\/div>\n<div id=\"spc-button\"><\/div>\n","protected":false},"excerpt":{"rendered":"<p>Se sei maggiorenne e vuoi vivere il prossimo Anno Santo in forma attiva, aiutando i numerosi pellegrini che verranno a Roma per attraversare la Porta Santa, questa \u00e8 la tua occasione! Potrai offrire la tua disponibilit\u00e0 per una o pi\u00f9 settimane e per eventi giubilari specifici, vivendo esperienze uniche aiutando chi ha bisogno di assistenza [&hellip;]<\/p>\n","protected":false},"author":0,"featured_media":0,"parent":0,"menu_order":0,"comment_status":"closed","ping_status":"closed","template":"","meta":{"_acf_changed":false,"ip_address":"","user_agent":"","level":"","revision":"","cookie_id":"","page_referer":"","html_form":"","footnotes":""},"acf":{"seed-localization-paese-cod":"","seed-localization-address":"","seed-localization-citta":"","seed-localization-regione-cod-istat":"","seed-localization-citta-cod-istat":"","seed-localization-localita":"","seed-localization-cap":"","seed-localization-geo":{"lat":41.90552298770031,"lng":12.509441971778871,"zoom":10,"markers":[],"address":"","layers":["OpenStreetMap.Mapnik"]},"seed-localization-marker-visibility":false,"seed-localization-children-visibility":false,"seed-localization-kml":null,"seed-localization-custom-marker":null},"yoast_head":"<!-- This site is optimized with the Yoast SEO plugin v22.3 - https:\/\/yoast.com\/wordpress\/plugins\/seo\/ -->\n<title>Diventa volontario a Roma - Giubileo 2025<\/title>\n<meta name=\"robots\" content=\"index, follow, max-snippet:-1, max-image-preview:large, max-video-preview:-1\" \/>\n<link rel=\"canonical\" href=\"https:\/\/www.diocesi.lodi.it\/giubileo2025\/diventa-volontario-a-roma\/\" \/>\n<meta property=\"og:locale\" content=\"it_IT\" \/>\n<meta property=\"og:type\" content=\"article\" \/>\n<meta property=\"og:title\" content=\"Diventa volontario a Roma - Giubileo 2025\" \/>\n<meta property=\"og:description\" content=\"Se sei maggiorenne e vuoi vivere il prossimo Anno Santo in forma attiva, aiutando i numerosi pellegrini che verranno a Roma per attraversare la Porta Santa, questa \u00e8 la tua occasione! Potrai offrire la tua disponibilit\u00e0 per una o pi\u00f9 settimane e per eventi giubilari specifici, vivendo esperienze uniche aiutando chi ha bisogno di assistenza [&hellip;]\" \/>\n<meta property=\"og:url\" content=\"https:\/\/www.diocesi.lodi.it\/giubileo2025\/diventa-volontario-a-roma\/\" \/>\n<meta property=\"og:site_name\" content=\"Giubileo 2025\" \/>\n<meta property=\"article:modified_time\" content=\"2024-11-19T11:18:11+00:00\" \/>\n<meta property=\"og:image\" content=\"https:\/\/www.iubilaeum2025.va\/content\/dam\/iubilaeum2025\/diventa-volontario\/italiano.png\/_jcr_content\/renditions\/cq5dam.web.1280.1280.png\" \/>\n<meta name=\"twitter:card\" content=\"summary_large_image\" \/>\n<meta name=\"twitter:label1\" content=\"Tempo di lettura stimato\" \/>\n\t<meta name=\"twitter:data1\" content=\"3 minuti\" \/>\n<script type=\"application\/ld+json\" class=\"yoast-schema-graph\">{\"@context\":\"https:\/\/schema.org\",\"@graph\":[{\"@type\":\"WebPage\",\"@id\":\"https:\/\/www.diocesi.lodi.it\/giubileo2025\/diventa-volontario-a-roma\/\",\"url\":\"https:\/\/www.diocesi.lodi.it\/giubileo2025\/diventa-volontario-a-roma\/\",\"name\":\"Diventa volontario a Roma - Giubileo 2025\",\"isPartOf\":{\"@id\":\"https:\/\/www.diocesi.lodi.it\/giubileo2025\/#website\"},\"primaryImageOfPage\":{\"@id\":\"https:\/\/www.diocesi.lodi.it\/giubileo2025\/diventa-volontario-a-roma\/#primaryimage\"},\"image\":{\"@id\":\"https:\/\/www.diocesi.lodi.it\/giubileo2025\/diventa-volontario-a-roma\/#primaryimage\"},\"thumbnailUrl\":\"https:\/\/www.iubilaeum2025.va\/content\/dam\/iubilaeum2025\/diventa-volontario\/italiano.png\/_jcr_content\/renditions\/cq5dam.web.1280.1280.png\",\"datePublished\":\"2024-11-15T11:15:58+00:00\",\"dateModified\":\"2024-11-19T11:18:11+00:00\",\"breadcrumb\":{\"@id\":\"https:\/\/www.diocesi.lodi.it\/giubileo2025\/diventa-volontario-a-roma\/#breadcrumb\"},\"inLanguage\":\"it-IT\",\"potentialAction\":[{\"@type\":\"ReadAction\",\"target\":[\"https:\/\/www.diocesi.lodi.it\/giubileo2025\/diventa-volontario-a-roma\/\"]}]},{\"@type\":\"ImageObject\",\"inLanguage\":\"it-IT\",\"@id\":\"https:\/\/www.diocesi.lodi.it\/giubileo2025\/diventa-volontario-a-roma\/#primaryimage\",\"url\":\"https:\/\/www.iubilaeum2025.va\/content\/dam\/iubilaeum2025\/diventa-volontario\/italiano.png\/_jcr_content\/renditions\/cq5dam.web.1280.1280.png\",\"contentUrl\":\"https:\/\/www.iubilaeum2025.va\/content\/dam\/iubilaeum2025\/diventa-volontario\/italiano.png\/_jcr_content\/renditions\/cq5dam.web.1280.1280.png\"},{\"@type\":\"BreadcrumbList\",\"@id\":\"https:\/\/www.diocesi.lodi.it\/giubileo2025\/diventa-volontario-a-roma\/#breadcrumb\",\"itemListElement\":[{\"@type\":\"ListItem\",\"position\":1,\"name\":\"Home\",\"item\":\"https:\/\/www.diocesi.lodi.it\/giubileo2025\/\"},{\"@type\":\"ListItem\",\"position\":2,\"name\":\"Diventa volontario a Roma\"}]},{\"@type\":\"WebSite\",\"@id\":\"https:\/\/www.diocesi.lodi.it\/giubileo2025\/#website\",\"url\":\"https:\/\/www.diocesi.lodi.it\/giubileo2025\/\",\"name\":\"Giubileo 2025\",\"description\":\"Diocesi di Lodi\",\"publisher\":{\"@id\":\"https:\/\/www.diocesi.lodi.it\/giubileo2025\/#organization\"},\"potentialAction\":[{\"@type\":\"SearchAction\",\"target\":{\"@type\":\"EntryPoint\",\"urlTemplate\":\"https:\/\/www.diocesi.lodi.it\/giubileo2025\/?s={search_term_string}\"},\"query-input\":\"required name=search_term_string\"}],\"inLanguage\":\"it-IT\"},{\"@type\":\"Organization\",\"@id\":\"https:\/\/www.diocesi.lodi.it\/giubileo2025\/#organization\",\"name\":\"Giubileo 2025\",\"url\":\"https:\/\/www.diocesi.lodi.it\/giubileo2025\/\",\"logo\":{\"@type\":\"ImageObject\",\"inLanguage\":\"it-IT\",\"@id\":\"https:\/\/www.diocesi.lodi.it\/giubileo2025\/#\/schema\/logo\/image\/\",\"url\":\"https:\/\/www.diocesi.lodi.it\/giubileo2025\/wp-content\/uploads\/sites\/17\/2024\/11\/Logo_Grande_Giubileo_2025_Iubilaeum_A.D._MMXXV.png\",\"contentUrl\":\"https:\/\/www.diocesi.lodi.it\/giubileo2025\/wp-content\/uploads\/sites\/17\/2024\/11\/Logo_Grande_Giubileo_2025_Iubilaeum_A.D._MMXXV.png\",\"width\":220,\"height\":220,\"caption\":\"Giubileo 2025\"},\"image\":{\"@id\":\"https:\/\/www.diocesi.lodi.it\/giubileo2025\/#\/schema\/logo\/image\/\"}}]}<\/script>\n<!-- \/ Yoast SEO plugin. -->","yoast_head_json":{"title":"Diventa volontario a Roma - Giubileo 2025","robots":{"index":"index","follow":"follow","max-snippet":"max-snippet:-1","max-image-preview":"max-image-preview:large","max-video-preview":"max-video-preview:-1"},"canonical":"https:\/\/www.diocesi.lodi.it\/giubileo2025\/diventa-volontario-a-roma\/","og_locale":"it_IT","og_type":"article","og_title":"Diventa volontario a Roma - Giubileo 2025","og_description":"Se sei maggiorenne e vuoi vivere il prossimo Anno Santo in forma attiva, aiutando i numerosi pellegrini che verranno a Roma per attraversare la Porta Santa, questa \u00e8 la tua occasione! Potrai offrire la tua disponibilit\u00e0 per una o pi\u00f9 settimane e per eventi giubilari specifici, vivendo esperienze uniche aiutando chi ha bisogno di assistenza [&hellip;]","og_url":"https:\/\/www.diocesi.lodi.it\/giubileo2025\/diventa-volontario-a-roma\/","og_site_name":"Giubileo 2025","article_modified_time":"2024-11-19T11:18:11+00:00","og_image":[{"url":"https:\/\/www.iubilaeum2025.va\/content\/dam\/iubilaeum2025\/diventa-volontario\/italiano.png\/_jcr_content\/renditions\/cq5dam.web.1280.1280.png"}],"twitter_card":"summary_large_image","twitter_misc":{"Tempo di lettura stimato":"3 minuti"},"schema":{"@context":"https:\/\/schema.org","@graph":[{"@type":"WebPage","@id":"https:\/\/www.diocesi.lodi.it\/giubileo2025\/diventa-volontario-a-roma\/","url":"https:\/\/www.diocesi.lodi.it\/giubileo2025\/diventa-volontario-a-roma\/","name":"Diventa volontario a Roma - Giubileo 2025","isPartOf":{"@id":"https:\/\/www.diocesi.lodi.it\/giubileo2025\/#website"},"primaryImageOfPage":{"@id":"https:\/\/www.diocesi.lodi.it\/giubileo2025\/diventa-volontario-a-roma\/#primaryimage"},"image":{"@id":"https:\/\/www.diocesi.lodi.it\/giubileo2025\/diventa-volontario-a-roma\/#primaryimage"},"thumbnailUrl":"https:\/\/www.iubilaeum2025.va\/content\/dam\/iubilaeum2025\/diventa-volontario\/italiano.png\/_jcr_content\/renditions\/cq5dam.web.1280.1280.png","datePublished":"2024-11-15T11:15:58+00:00","dateModified":"2024-11-19T11:18:11+00:00","breadcrumb":{"@id":"https:\/\/www.diocesi.lodi.it\/giubileo2025\/diventa-volontario-a-roma\/#breadcrumb"},"inLanguage":"it-IT","potentialAction":[{"@type":"ReadAction","target":["https:\/\/www.diocesi.lodi.it\/giubileo2025\/diventa-volontario-a-roma\/"]}]},{"@type":"ImageObject","inLanguage":"it-IT","@id":"https:\/\/www.diocesi.lodi.it\/giubileo2025\/diventa-volontario-a-roma\/#primaryimage","url":"https:\/\/www.iubilaeum2025.va\/content\/dam\/iubilaeum2025\/diventa-volontario\/italiano.png\/_jcr_content\/renditions\/cq5dam.web.1280.1280.png","contentUrl":"https:\/\/www.iubilaeum2025.va\/content\/dam\/iubilaeum2025\/diventa-volontario\/italiano.png\/_jcr_content\/renditions\/cq5dam.web.1280.1280.png"},{"@type":"BreadcrumbList","@id":"https:\/\/www.diocesi.lodi.it\/giubileo2025\/diventa-volontario-a-roma\/#breadcrumb","itemListElement":[{"@type":"ListItem","position":1,"name":"Home","item":"https:\/\/www.diocesi.lodi.it\/giubileo2025\/"},{"@type":"ListItem","position":2,"name":"Diventa volontario a Roma"}]},{"@type":"WebSite","@id":"https:\/\/www.diocesi.lodi.it\/giubileo2025\/#website","url":"https:\/\/www.diocesi.lodi.it\/giubileo2025\/","name":"Giubileo 2025","description":"Diocesi di Lodi","publisher":{"@id":"https:\/\/www.diocesi.lodi.it\/giubileo2025\/#organization"},"potentialAction":[{"@type":"SearchAction","target":{"@type":"EntryPoint","urlTemplate":"https:\/\/www.diocesi.lodi.it\/giubileo2025\/?s={search_term_string}"},"query-input":"required name=search_term_string"}],"inLanguage":"it-IT"},{"@type":"Organization","@id":"https:\/\/www.diocesi.lodi.it\/giubileo2025\/#organization","name":"Giubileo 2025","url":"https:\/\/www.diocesi.lodi.it\/giubileo2025\/","logo":{"@type":"ImageObject","inLanguage":"it-IT","@id":"https:\/\/www.diocesi.lodi.it\/giubileo2025\/#\/schema\/logo\/image\/","url":"https:\/\/www.diocesi.lodi.it\/giubileo2025\/wp-content\/uploads\/sites\/17\/2024\/11\/Logo_Grande_Giubileo_2025_Iubilaeum_A.D._MMXXV.png","contentUrl":"https:\/\/www.diocesi.lodi.it\/giubileo2025\/wp-content\/uploads\/sites\/17\/2024\/11\/Logo_Grande_Giubileo_2025_Iubilaeum_A.D._MMXXV.png","width":220,"height":220,"caption":"Giubileo 2025"},"image":{"@id":"https:\/\/www.diocesi.lodi.it\/giubileo2025\/#\/schema\/logo\/image\/"}}]}},"_links":{"self":[{"href":"https:\/\/www.diocesi.lodi.it\/giubileo2025\/wp-json\/wp\/v2\/pages\/35"}],"collection":[{"href":"https:\/\/www.diocesi.lodi.it\/giubileo2025\/wp-json\/wp\/v2\/pages"}],"about":[{"href":"https:\/\/www.diocesi.lodi.it\/giubileo2025\/wp-json\/wp\/v2\/types\/page"}],"author":[{"embeddable":true,"href":"https:\/\/www.diocesi.lodi.it\/giubileo2025\/wp-json\/wp\/v2\/users\/16"}],"replies":[{"embeddable":true,"href":"https:\/\/www.diocesi.lodi.it\/giubileo2025\/wp-json\/wp\/v2\/comments?post=35"}],"version-history":[{"count":2,"href":"https:\/\/www.diocesi.lodi.it\/giubileo2025\/wp-json\/wp\/v2\/pages\/35\/revisions"}],"predecessor-version":[{"id":76,"href":"https:\/\/www.diocesi.lodi.it\/giubileo2025\/wp-json\/wp\/v2\/pages\/35\/revisions\/76"}],"wp:attachment":[{"href":"https:\/\/www.diocesi.lodi.it\/giubileo2025\/wp-json\/wp\/v2\/media?parent=35"}],"curies":[{"name":"wp","href":"https:\/\/api.w.org\/{rel}","templated":true}]}}