{"id":61,"date":"2016-07-21T10:40:44","date_gmt":"2016-07-21T08:40:44","guid":{"rendered":"https:\/\/www.diocesi.lodi.it\/missioni\/?page_id=61"},"modified":"2025-12-13T10:27:57","modified_gmt":"2025-12-13T09:27:57","slug":"religiose","status":"publish","type":"page","link":"https:\/\/www.diocesi.lodi.it\/missioni\/religiose\/","title":{"rendered":"Le Religiose"},"content":{"rendered":"<p style=\"text-align: justify\"><img loading=\"lazy\" decoding=\"async\" class=\"wp-image-1136 size-full alignleft\" src=\"https:\/\/www.diocesi.lodi.it\/missioni\/wp-content\/uploads\/sites\/3\/2019\/12\/IMG_Suora.png\" alt=\"\" width=\"156\" height=\"156\" srcset=\"https:\/\/www.diocesi.lodi.it\/missioni\/wp-content\/uploads\/sites\/3\/2019\/12\/IMG_Suora.png 156w, https:\/\/www.diocesi.lodi.it\/missioni\/wp-content\/uploads\/sites\/3\/2019\/12\/IMG_Suora-150x150.png 150w, https:\/\/www.diocesi.lodi.it\/missioni\/wp-content\/uploads\/sites\/3\/2019\/12\/IMG_Suora-125x125.png 125w\" sizes=\"(max-width: 156px) 100vw, 156px\" \/><strong>Barbiano Belgioioso Suor Teresa<\/strong> &#8211;\u00a0Originaria di San Fiorano, appartenente all&#8217;Istituto delle Marcelline, \u00e8 missionaria in Canada da circa trent&#8217;anni\u00a0e\u00a0impegnata nell&#8217;educazione della giovent\u00f9.<br \/>\nPer contattarla: <em><a href=\"mailto:srteresa@college.marcelline.qc.ca\">srteresa@college.marcelline.qc.ca<\/a><\/em><\/p>\n<p>&nbsp;<\/p>\n<p>&nbsp;<\/p>\n<p>&nbsp;<\/p>\n<ul>\n<li><\/li>\n<\/ul>\n<p style=\"text-align: justify\"><img loading=\"lazy\" decoding=\"async\" class=\"alignleft wp-image-2143 size-thumbnail\" src=\"https:\/\/www.diocesi.lodi.it\/missioni\/wp-content\/uploads\/sites\/3\/2024\/02\/Bricchi-sr-Adriana-wp-150x150.jpg\" alt=\"Bricchi suor Adriana\" width=\"150\" height=\"150\" srcset=\"https:\/\/www.diocesi.lodi.it\/missioni\/wp-content\/uploads\/sites\/3\/2024\/02\/Bricchi-sr-Adriana-wp-150x150.jpg 150w, https:\/\/www.diocesi.lodi.it\/missioni\/wp-content\/uploads\/sites\/3\/2024\/02\/Bricchi-sr-Adriana-wp-200x200.jpg 200w\" sizes=\"(max-width: 150px) 100vw, 150px\" \/><strong>Bricchi Suor Adriana<\/strong> &#8211;\u00a0Originaria di Zelo Buon Persico, dell&#8217;Istituto delle Figlie di Maria Ausliatrice, \u00e8 in Corea da circa cinquant&#8217;anni dove, in diverse missioni, ha svolto\u00a0molteplici attivit\u00e0 in campo educativo. Da quando\u00a0la sua Congregazione ha aperto\u00a0una nuova missione in Mongolia (2008) Suor Adriana si \u00e8 impegnata anche in questa nazione per\u00a0realizzare\u00a0una scuola destinata\u00a0ai bambini\u00a0che qui\u00a0vivono numerosi.<br \/>\nPer contattarla:\u00a0<em><a href=\"mailto:ciao-kor@hanmail.it\">gioiafma@yahoo.co.kr<\/a><\/em><\/p>\n<p style=\"text-align: right\"><a href=\"https:\/\/www.diocesi.lodi.it\/missioni\/wp-content\/uploads\/sites\/3\/2017\/01\/2018.12.08_Bricchi_Sr_Adriana.pdf\" target=\"_blank\" rel=\"noopener noreferrer\"><em><strong>Pagina de Il Cittadino del 08.12.2018<\/strong><\/em><\/a><br \/>\n<a href=\"https:\/\/www.diocesi.lodi.it\/missioni\/wp-content\/uploads\/sites\/3\/2022\/12\/2022.12.24_CoreaDio_bambino.pdf\" target=\"_blank\" rel=\"noopener\"><em><strong>Pagina de Il Cittadino del 24.12.2022<\/strong><\/em><\/a><\/p>\n<ul>\n<li><\/li>\n<\/ul>\n<p style=\"text-align: justify\"><strong><img loading=\"lazy\" decoding=\"async\" class=\"alignleft size-thumbnail wp-image-101\" src=\"https:\/\/www.diocesi.lodi.it\/missioni\/wp-content\/uploads\/sites\/3\/2016\/07\/Mascheroni-2-150x150.jpg\" alt=\"Mascheroni 2\" width=\"150\" height=\"150\" srcset=\"https:\/\/www.diocesi.lodi.it\/missioni\/wp-content\/uploads\/sites\/3\/2016\/07\/Mascheroni-2-150x150.jpg 150w, https:\/\/www.diocesi.lodi.it\/missioni\/wp-content\/uploads\/sites\/3\/2016\/07\/Mascheroni-2-200x200.jpg 200w, https:\/\/www.diocesi.lodi.it\/missioni\/wp-content\/uploads\/sites\/3\/2016\/07\/Mascheroni-2-125x125.jpg 125w\" sizes=\"(max-width: 150px) 100vw, 150px\" \/>Mascheroni Sr Giuseppina<\/strong> &#8211;\u00a0Nativa di Boffalora d&#8217;Adda, della Congregazione delle Carmelitane di Santa Teresa d&#8217;Avila, dopo essere stata\u00a0missionaria per\u00a015 anni\u00a0nella Repubblica Centroafricana \u00e8 rientrata in Italia, per un incarico nella Comunit\u00e0 di Torino, ma nel novembre 2012 \u00e8 ripartita di nuovo\u00a0per il Centrafrica (Bossentele).<br \/>\nPer contattarla: <em><a href=\"mailto:sr.m.giuseppina@gmail.com\" target=\"_blank\" rel=\"noopener noreferrer\">sr.m.giuseppina@gmail.com<\/a><br \/>\n<\/em><\/p>\n<p style=\"text-align: right\"><a href=\"https:\/\/www.diocesi.lodi.it\/missioni\/wp-content\/uploads\/sites\/3\/2017\/01\/2019.02.23_Mascheroni_Sr_Giuseppina.pdf\" target=\"_blank\" rel=\"noopener noreferrer\"><em><strong>Pagina de Il Cittadino del 23.02.2019<\/strong><\/em><\/a><br \/>\n<a href=\"https:\/\/www.diocesi.lodi.it\/missioni\/wp-content\/uploads\/sites\/3\/2020\/10\/2020.10.31-Centrafrica-Mascheroni-Sr-Giuseppina.pdf\" target=\"_blank\" rel=\"noopener noreferrer\"><em><strong>Pagina de Il Cittadino del 31.10.2020<\/strong><\/em><\/a><\/p>\n<ul>\n<li><\/li>\n<\/ul>\n<p style=\"text-align: justify\"><img loading=\"lazy\" decoding=\"async\" class=\"alignleft size-thumbnail wp-image-104\" src=\"https:\/\/www.diocesi.lodi.it\/missioni\/wp-content\/uploads\/sites\/3\/2016\/07\/Palladini-suor-Giuseppina-web-150x150.jpg\" alt=\"Palladini suor Giuseppina web\" width=\"150\" height=\"150\" srcset=\"https:\/\/www.diocesi.lodi.it\/missioni\/wp-content\/uploads\/sites\/3\/2016\/07\/Palladini-suor-Giuseppina-web-150x150.jpg 150w, https:\/\/www.diocesi.lodi.it\/missioni\/wp-content\/uploads\/sites\/3\/2016\/07\/Palladini-suor-Giuseppina-web-200x200.jpg 200w, https:\/\/www.diocesi.lodi.it\/missioni\/wp-content\/uploads\/sites\/3\/2016\/07\/Palladini-suor-Giuseppina-web-125x125.jpg 125w\" sizes=\"(max-width: 150px) 100vw, 150px\" \/><strong>Palladini Suor Giuseppina<\/strong>\u00a0&#8211;\u00a0Originaria di Crespiatica, dell&#8217;Istituto delle Figlie di Maria Ausiliatrice, si trova a Quito, in Ecuador.<br \/>\nPer contattarla: <a href=\"mailto:josefinapalladini@gmail.com\"><em>josefinapalladini@gmail.com<\/em><\/a><\/p>\n<p style=\"text-align: right\"><em><strong><a href=\"https:\/\/www.diocesi.lodi.it\/missioni\/wp-content\/uploads\/sites\/3\/2016\/07\/2014.10.11-Ecuador-Sr-Giuseppina-Palladini.pdf\">Pagina de Il Cittadino dell&#8217;11.10. 2014<\/a><\/strong><\/em><\/p>\n<p>&nbsp;<\/p>\n<ul>\n<li><\/li>\n<\/ul>\n<p style=\"text-align: justify\"><strong><img loading=\"lazy\" decoding=\"async\" class=\"size-thumbnail wp-image-833 alignleft\" src=\"https:\/\/www.diocesi.lodi.it\/missioni\/wp-content\/uploads\/sites\/3\/2018\/06\/Rocca_Sr_Raffaella-150x150.jpg\" alt=\"\" width=\"150\" height=\"150\" srcset=\"https:\/\/www.diocesi.lodi.it\/missioni\/wp-content\/uploads\/sites\/3\/2018\/06\/Rocca_Sr_Raffaella-150x150.jpg 150w, https:\/\/www.diocesi.lodi.it\/missioni\/wp-content\/uploads\/sites\/3\/2018\/06\/Rocca_Sr_Raffaella-200x200.jpg 200w, https:\/\/www.diocesi.lodi.it\/missioni\/wp-content\/uploads\/sites\/3\/2018\/06\/Rocca_Sr_Raffaella-125x125.jpg 125w\" sizes=\"(max-width: 150px) 100vw, 150px\" \/>Rocca Suor Raffaella<\/strong> &#8211;\u00a0Originaria di Cavacurta, della Congregazione delle Figlie di Ges\u00f9 Buon Pastore, da oltre vent&#8217;anni si trova in Messico nella citt\u00e0 di Guadalajara, alla periferia della citt\u00e0 dove le necessit\u00e0 sono molte: famiglie povere e numerose, disoccupazione, adolescenti e giovani vittime della droga.<br \/>\nPer contattarla: <em><strong>C<\/strong><\/em><strong><em>olonia Huentitan al Bajo &#8211; Calle Volcan Telica 5140 &#8211; 44250 &#8211; Guadalajara &#8211; Jal &#8211; MESSICO<\/em><\/strong><\/p>\n<p>&nbsp;<\/p>\n<ul>\n<li><strong>\u00a0<\/strong><\/li>\n<\/ul>\n","protected":false},"excerpt":{"rendered":"<p>Barbiano Belgioioso Suor Teresa &#8211;\u00a0Originaria di San Fiorano, appartenente all&#8217;Istituto delle Marcelline, \u00e8 missionaria in Canada da circa trent&#8217;anni\u00a0e\u00a0impegnata nell&#8217;educazione della giovent\u00f9. Per contattarla: srteresa@college.marcelline.qc.ca &nbsp; &nbsp; &nbsp; Bricchi Suor Adriana &#8211;\u00a0Originaria di Zelo Buon Persico, dell&#8217;Istituto delle Figlie di Maria Ausliatrice, \u00e8 in Corea da circa cinquant&#8217;anni dove, in diverse missioni, ha svolto\u00a0molteplici attivit\u00e0 [&hellip;]<\/p>\n","protected":false},"author":0,"featured_media":0,"parent":0,"menu_order":0,"comment_status":"closed","ping_status":"closed","template":"","meta":{"_acf_changed":false,"ip_address":"","user_agent":"","level":"","revision":"","cookie_id":"","page_referer":"","html_form":"","footnotes":""},"acf":[],"yoast_head":"<!-- This site is optimized with the Yoast SEO plugin v22.3 - https:\/\/yoast.com\/wordpress\/plugins\/seo\/ -->\n<title>Le Religiose - Centro Missionario<\/title>\n<meta name=\"robots\" content=\"index, follow, max-snippet:-1, max-image-preview:large, max-video-preview:-1\" \/>\n<link rel=\"canonical\" href=\"https:\/\/www.diocesi.lodi.it\/missioni\/religiose\/\" \/>\n<meta property=\"og:locale\" content=\"it_IT\" \/>\n<meta property=\"og:type\" content=\"article\" \/>\n<meta property=\"og:title\" content=\"Le Religiose - Centro Missionario\" \/>\n<meta property=\"og:description\" content=\"Barbiano Belgioioso Suor Teresa &#8211;\u00a0Originaria di San Fiorano, appartenente all&#8217;Istituto delle Marcelline, \u00e8 missionaria in Canada da circa trent&#8217;anni\u00a0e\u00a0impegnata nell&#8217;educazione della giovent\u00f9. Per contattarla: srteresa@college.marcelline.qc.ca &nbsp; &nbsp; &nbsp; Bricchi Suor Adriana &#8211;\u00a0Originaria di Zelo Buon Persico, dell&#8217;Istituto delle Figlie di Maria Ausliatrice, \u00e8 in Corea da circa cinquant&#8217;anni dove, in diverse missioni, ha svolto\u00a0molteplici attivit\u00e0 [&hellip;]\" \/>\n<meta property=\"og:url\" content=\"https:\/\/www.diocesi.lodi.it\/missioni\/religiose\/\" \/>\n<meta property=\"og:site_name\" content=\"Centro Missionario\" \/>\n<meta property=\"article:modified_time\" content=\"2025-12-13T09:27:57+00:00\" \/>\n<meta property=\"og:image\" content=\"https:\/\/www.diocesi.lodi.it\/missioni\/wp-content\/uploads\/sites\/3\/2019\/12\/IMG_Suora.png\" \/>\n<meta name=\"twitter:card\" content=\"summary_large_image\" \/>\n<meta name=\"twitter:label1\" content=\"Tempo di lettura stimato\" \/>\n\t<meta name=\"twitter:data1\" content=\"4 minuti\" \/>\n<script type=\"application\/ld+json\" class=\"yoast-schema-graph\">{\"@context\":\"https:\/\/schema.org\",\"@graph\":[{\"@type\":\"WebPage\",\"@id\":\"https:\/\/www.diocesi.lodi.it\/missioni\/religiose\/\",\"url\":\"https:\/\/www.diocesi.lodi.it\/missioni\/religiose\/\",\"name\":\"Le Religiose - Centro Missionario\",\"isPartOf\":{\"@id\":\"https:\/\/www.diocesi.lodi.it\/missioni\/#website\"},\"primaryImageOfPage\":{\"@id\":\"https:\/\/www.diocesi.lodi.it\/missioni\/religiose\/#primaryimage\"},\"image\":{\"@id\":\"https:\/\/www.diocesi.lodi.it\/missioni\/religiose\/#primaryimage\"},\"thumbnailUrl\":\"https:\/\/www.diocesi.lodi.it\/missioni\/wp-content\/uploads\/sites\/3\/2019\/12\/IMG_Suora.png\",\"datePublished\":\"2016-07-21T08:40:44+00:00\",\"dateModified\":\"2025-12-13T09:27:57+00:00\",\"breadcrumb\":{\"@id\":\"https:\/\/www.diocesi.lodi.it\/missioni\/religiose\/#breadcrumb\"},\"inLanguage\":\"it-IT\",\"potentialAction\":[{\"@type\":\"ReadAction\",\"target\":[\"https:\/\/www.diocesi.lodi.it\/missioni\/religiose\/\"]}]},{\"@type\":\"ImageObject\",\"inLanguage\":\"it-IT\",\"@id\":\"https:\/\/www.diocesi.lodi.it\/missioni\/religiose\/#primaryimage\",\"url\":\"https:\/\/www.diocesi.lodi.it\/missioni\/wp-content\/uploads\/sites\/3\/2019\/12\/IMG_Suora.png\",\"contentUrl\":\"https:\/\/www.diocesi.lodi.it\/missioni\/wp-content\/uploads\/sites\/3\/2019\/12\/IMG_Suora.png\",\"width\":156,\"height\":156},{\"@type\":\"BreadcrumbList\",\"@id\":\"https:\/\/www.diocesi.lodi.it\/missioni\/religiose\/#breadcrumb\",\"itemListElement\":[{\"@type\":\"ListItem\",\"position\":1,\"name\":\"Home\",\"item\":\"https:\/\/www.diocesi.lodi.it\/missioni\/\"},{\"@type\":\"ListItem\",\"position\":2,\"name\":\"Le Religiose\"}]},{\"@type\":\"WebSite\",\"@id\":\"https:\/\/www.diocesi.lodi.it\/missioni\/#website\",\"url\":\"https:\/\/www.diocesi.lodi.it\/missioni\/\",\"name\":\"Centro Missionario\",\"description\":\"Diocesi di Lodi\",\"publisher\":{\"@id\":\"https:\/\/www.diocesi.lodi.it\/missioni\/#organization\"},\"potentialAction\":[{\"@type\":\"SearchAction\",\"target\":{\"@type\":\"EntryPoint\",\"urlTemplate\":\"https:\/\/www.diocesi.lodi.it\/missioni\/?s={search_term_string}\"},\"query-input\":\"required name=search_term_string\"}],\"inLanguage\":\"it-IT\"},{\"@type\":\"Organization\",\"@id\":\"https:\/\/www.diocesi.lodi.it\/missioni\/#organization\",\"name\":\"Centro Missionario\",\"url\":\"https:\/\/www.diocesi.lodi.it\/missioni\/\",\"logo\":{\"@type\":\"ImageObject\",\"inLanguage\":\"it-IT\",\"@id\":\"https:\/\/www.diocesi.lodi.it\/missioni\/#\/schema\/logo\/image\/\",\"url\":\"https:\/\/www.diocesi.lodi.it\/missioni\/wp-content\/uploads\/sites\/3\/2023\/10\/lodi-ico.png\",\"contentUrl\":\"https:\/\/www.diocesi.lodi.it\/missioni\/wp-content\/uploads\/sites\/3\/2023\/10\/lodi-ico.png\",\"width\":191,\"height\":190,\"caption\":\"Centro Missionario\"},\"image\":{\"@id\":\"https:\/\/www.diocesi.lodi.it\/missioni\/#\/schema\/logo\/image\/\"}}]}<\/script>\n<!-- \/ Yoast SEO plugin. -->","yoast_head_json":{"title":"Le Religiose - Centro Missionario","robots":{"index":"index","follow":"follow","max-snippet":"max-snippet:-1","max-image-preview":"max-image-preview:large","max-video-preview":"max-video-preview:-1"},"canonical":"https:\/\/www.diocesi.lodi.it\/missioni\/religiose\/","og_locale":"it_IT","og_type":"article","og_title":"Le Religiose - Centro Missionario","og_description":"Barbiano Belgioioso Suor Teresa &#8211;\u00a0Originaria di San Fiorano, appartenente all&#8217;Istituto delle Marcelline, \u00e8 missionaria in Canada da circa trent&#8217;anni\u00a0e\u00a0impegnata nell&#8217;educazione della giovent\u00f9. Per contattarla: srteresa@college.marcelline.qc.ca &nbsp; &nbsp; &nbsp; Bricchi Suor Adriana &#8211;\u00a0Originaria di Zelo Buon Persico, dell&#8217;Istituto delle Figlie di Maria Ausliatrice, \u00e8 in Corea da circa cinquant&#8217;anni dove, in diverse missioni, ha svolto\u00a0molteplici attivit\u00e0 [&hellip;]","og_url":"https:\/\/www.diocesi.lodi.it\/missioni\/religiose\/","og_site_name":"Centro Missionario","article_modified_time":"2025-12-13T09:27:57+00:00","og_image":[{"url":"https:\/\/www.diocesi.lodi.it\/missioni\/wp-content\/uploads\/sites\/3\/2019\/12\/IMG_Suora.png"}],"twitter_card":"summary_large_image","twitter_misc":{"Tempo di lettura stimato":"4 minuti"},"schema":{"@context":"https:\/\/schema.org","@graph":[{"@type":"WebPage","@id":"https:\/\/www.diocesi.lodi.it\/missioni\/religiose\/","url":"https:\/\/www.diocesi.lodi.it\/missioni\/religiose\/","name":"Le Religiose - Centro Missionario","isPartOf":{"@id":"https:\/\/www.diocesi.lodi.it\/missioni\/#website"},"primaryImageOfPage":{"@id":"https:\/\/www.diocesi.lodi.it\/missioni\/religiose\/#primaryimage"},"image":{"@id":"https:\/\/www.diocesi.lodi.it\/missioni\/religiose\/#primaryimage"},"thumbnailUrl":"https:\/\/www.diocesi.lodi.it\/missioni\/wp-content\/uploads\/sites\/3\/2019\/12\/IMG_Suora.png","datePublished":"2016-07-21T08:40:44+00:00","dateModified":"2025-12-13T09:27:57+00:00","breadcrumb":{"@id":"https:\/\/www.diocesi.lodi.it\/missioni\/religiose\/#breadcrumb"},"inLanguage":"it-IT","potentialAction":[{"@type":"ReadAction","target":["https:\/\/www.diocesi.lodi.it\/missioni\/religiose\/"]}]},{"@type":"ImageObject","inLanguage":"it-IT","@id":"https:\/\/www.diocesi.lodi.it\/missioni\/religiose\/#primaryimage","url":"https:\/\/www.diocesi.lodi.it\/missioni\/wp-content\/uploads\/sites\/3\/2019\/12\/IMG_Suora.png","contentUrl":"https:\/\/www.diocesi.lodi.it\/missioni\/wp-content\/uploads\/sites\/3\/2019\/12\/IMG_Suora.png","width":156,"height":156},{"@type":"BreadcrumbList","@id":"https:\/\/www.diocesi.lodi.it\/missioni\/religiose\/#breadcrumb","itemListElement":[{"@type":"ListItem","position":1,"name":"Home","item":"https:\/\/www.diocesi.lodi.it\/missioni\/"},{"@type":"ListItem","position":2,"name":"Le Religiose"}]},{"@type":"WebSite","@id":"https:\/\/www.diocesi.lodi.it\/missioni\/#website","url":"https:\/\/www.diocesi.lodi.it\/missioni\/","name":"Centro Missionario","description":"Diocesi di Lodi","publisher":{"@id":"https:\/\/www.diocesi.lodi.it\/missioni\/#organization"},"potentialAction":[{"@type":"SearchAction","target":{"@type":"EntryPoint","urlTemplate":"https:\/\/www.diocesi.lodi.it\/missioni\/?s={search_term_string}"},"query-input":"required name=search_term_string"}],"inLanguage":"it-IT"},{"@type":"Organization","@id":"https:\/\/www.diocesi.lodi.it\/missioni\/#organization","name":"Centro Missionario","url":"https:\/\/www.diocesi.lodi.it\/missioni\/","logo":{"@type":"ImageObject","inLanguage":"it-IT","@id":"https:\/\/www.diocesi.lodi.it\/missioni\/#\/schema\/logo\/image\/","url":"https:\/\/www.diocesi.lodi.it\/missioni\/wp-content\/uploads\/sites\/3\/2023\/10\/lodi-ico.png","contentUrl":"https:\/\/www.diocesi.lodi.it\/missioni\/wp-content\/uploads\/sites\/3\/2023\/10\/lodi-ico.png","width":191,"height":190,"caption":"Centro Missionario"},"image":{"@id":"https:\/\/www.diocesi.lodi.it\/missioni\/#\/schema\/logo\/image\/"}}]}},"publishpress_future_action":{"enabled":false,"date":"2026-04-22 20:54:01","action":"change-status","newStatus":"draft","terms":[],"taxonomy":""},"_links":{"self":[{"href":"https:\/\/www.diocesi.lodi.it\/missioni\/wp-json\/wp\/v2\/pages\/61"}],"collection":[{"href":"https:\/\/www.diocesi.lodi.it\/missioni\/wp-json\/wp\/v2\/pages"}],"about":[{"href":"https:\/\/www.diocesi.lodi.it\/missioni\/wp-json\/wp\/v2\/types\/page"}],"author":[{"embeddable":true,"href":"https:\/\/www.diocesi.lodi.it\/missioni\/wp-json\/wp\/v2\/users\/7"}],"replies":[{"embeddable":true,"href":"https:\/\/www.diocesi.lodi.it\/missioni\/wp-json\/wp\/v2\/comments?post=61"}],"version-history":[{"count":23,"href":"https:\/\/www.diocesi.lodi.it\/missioni\/wp-json\/wp\/v2\/pages\/61\/revisions"}],"predecessor-version":[{"id":3431,"href":"https:\/\/www.diocesi.lodi.it\/missioni\/wp-json\/wp\/v2\/pages\/61\/revisions\/3431"}],"wp:attachment":[{"href":"https:\/\/www.diocesi.lodi.it\/missioni\/wp-json\/wp\/v2\/media?parent=61"}],"curies":[{"name":"wp","href":"https:\/\/api.w.org\/{rel}","templated":true}]}}