{"id":76,"date":"2016-07-21T16:47:45","date_gmt":"2016-07-21T14:47:45","guid":{"rendered":"https:\/\/www.diocesi.lodi.it\/missioni\/?page_id=76"},"modified":"2026-02-03T11:26:51","modified_gmt":"2026-02-03T10:26:51","slug":"religiosi","status":"publish","type":"page","link":"https:\/\/www.diocesi.lodi.it\/missioni\/religiosi\/","title":{"rendered":"I Religiosi"},"content":{"rendered":"<ul>\n<li><\/li>\n<\/ul>\n<p style=\"text-align: justify\"><strong><img loading=\"lazy\" decoding=\"async\" class=\"alignleft size-thumbnail wp-image-86\" src=\"https:\/\/www.diocesi.lodi.it\/missioni\/wp-content\/uploads\/sites\/3\/2016\/07\/Cambielli-padre-Daniele-1-150x150.jpg\" alt=\"Cambielli padre Daniele 1\" width=\"150\" height=\"150\" srcset=\"https:\/\/www.diocesi.lodi.it\/missioni\/wp-content\/uploads\/sites\/3\/2016\/07\/Cambielli-padre-Daniele-1-150x150.jpg 150w, https:\/\/www.diocesi.lodi.it\/missioni\/wp-content\/uploads\/sites\/3\/2016\/07\/Cambielli-padre-Daniele-1-200x200.jpg 200w, https:\/\/www.diocesi.lodi.it\/missioni\/wp-content\/uploads\/sites\/3\/2016\/07\/Cambielli-padre-Daniele-1-125x125.jpg 125w\" sizes=\"(max-width: 150px) 100vw, 150px\" \/>Cambielli Padre Daniele<\/strong> &#8211;\u00a0Originario di Sant&#8217;Angelo Lodigiano,\u00a0Saveriano, \u00e8 missionario in Indonesia dal 1975. Dal 1999 si trova a Jakarta impegnato nella formazione di giovani che,\u00a0provenienti\u00a0da diverse parti dell&#8217;Indonesia, si preparano a\u00a0 diventare Saveriani. Inoltre, periodicamente, aiuta le\u00a0parrocchie nello\u00a0svolgere corsi biblici. Nella sua lunga permanenza in Indonesia, Padre Daniele ha vissuto prima con gli indigeni, nelle foreste delle isole Mentawai, e in seguito a Padang impegnato nella commissione giovani di quella diocesi.<br \/>\nPer contattarlo: <em><a href=\"mailto:pdaniele@bit.net.id\">pdaniele@bit.net.id<\/a><\/em><\/p>\n<p style=\"text-align: right\"><strong><em><a href=\"https:\/\/www.diocesi.lodi.it\/missioni\/wp-content\/uploads\/sites\/3\/2016\/12\/2016.11.12-Cambielli-Padre-Daniele.pdf\" target=\"_blank\" rel=\"noopener noreferrer\">Pagina de Il Cittadino del 12.11.2016<\/a>\u00a0(parte 1)<br \/>\n<a href=\"https:\/\/www.diocesi.lodi.it\/missioni\/wp-content\/uploads\/sites\/3\/2016\/12\/2016.11.26-Cambielli-Padre-Daniele.pdf\" target=\"_blank\" rel=\"noopener noreferrer\">Pagina de Il Cittadino del 26.11.2016<\/a>\u00a0(parte 2)\u00a0<\/em><\/strong><\/p>\n<ul>\n<li><\/li>\n<\/ul>\n<p><img loading=\"lazy\" decoding=\"async\" class=\"alignleft wp-image-1643 size-thumbnail\" src=\"https:\/\/www.diocesi.lodi.it\/missioni\/wp-content\/uploads\/sites\/3\/2022\/07\/1Marchesi_Giuseppe-150x150.jpg\" alt=\"\" width=\"150\" height=\"150\" srcset=\"https:\/\/www.diocesi.lodi.it\/missioni\/wp-content\/uploads\/sites\/3\/2022\/07\/1Marchesi_Giuseppe-150x150.jpg 150w, https:\/\/www.diocesi.lodi.it\/missioni\/wp-content\/uploads\/sites\/3\/2022\/07\/1Marchesi_Giuseppe-300x300.jpg 300w, https:\/\/www.diocesi.lodi.it\/missioni\/wp-content\/uploads\/sites\/3\/2022\/07\/1Marchesi_Giuseppe-200x200.jpg 200w, https:\/\/www.diocesi.lodi.it\/missioni\/wp-content\/uploads\/sites\/3\/2022\/07\/1Marchesi_Giuseppe-280x280.jpg 280w, https:\/\/www.diocesi.lodi.it\/missioni\/wp-content\/uploads\/sites\/3\/2022\/07\/1Marchesi_Giuseppe-125x125.jpg 125w, https:\/\/www.diocesi.lodi.it\/missioni\/wp-content\/uploads\/sites\/3\/2022\/07\/1Marchesi_Giuseppe.jpg 329w\" sizes=\"(max-width: 150px) 100vw, 150px\" \/><\/p>\n<p style=\"text-align: justify\"><strong>Marchesi Padre Giuseppe<\/strong> &#8211; Originario di Livraga, missionario del PIME \u00e8 ripartito nel luglio 2022 per il Brasile dopo una permanenza di sei anni in Italia in cui ha svolto un servizio per il suo Istituto nel campo della formazione. Gi\u00e0 partito per il Brasile nel 1990 fino al 2016, per padre Giuseppe questo \u00e8 un ritorno in una terra a cui \u00e8 molto legato e dove ben presto gli verr\u00e0 assegnato un nuovo incarico pastorale.<br \/>\nPer contattarlo: <em><a href=\"mailto:giusmarc.ap@gmail.com\" target=\"_blank\" rel=\"noopener\">giusmarc.ap@gmail.com<\/a><\/em><\/p>\n<p>&nbsp;<\/p>\n<ul>\n<li><\/li>\n<\/ul>\n<p style=\"text-align: justify\"><strong><img loading=\"lazy\" decoding=\"async\" class=\"alignleft size-thumbnail wp-image-91\" src=\"https:\/\/www.diocesi.lodi.it\/missioni\/wp-content\/uploads\/sites\/3\/2016\/07\/Mazzucchi-P.-Orazio-2-150x150.jpg\" alt=\"Mazzucchi P. Orazio 2\" width=\"150\" height=\"150\" srcset=\"https:\/\/www.diocesi.lodi.it\/missioni\/wp-content\/uploads\/sites\/3\/2016\/07\/Mazzucchi-P.-Orazio-2-150x150.jpg 150w, https:\/\/www.diocesi.lodi.it\/missioni\/wp-content\/uploads\/sites\/3\/2016\/07\/Mazzucchi-P.-Orazio-2-200x200.jpg 200w, https:\/\/www.diocesi.lodi.it\/missioni\/wp-content\/uploads\/sites\/3\/2016\/07\/Mazzucchi-P.-Orazio-2-125x125.jpg 125w\" sizes=\"(max-width: 150px) 100vw, 150px\" \/>Mazzucchi Padre Orazio<\/strong> &#8211; Originario di Mairago, missionario della Consolata, \u00e8\u00a0partito per il Kenia nel 1974 e, da allora, vi \u00e8 rimasto, tranne che per brevi periodi passati in Italia. E&#8217; stato nella missione di Matiri e successivamente a Isiolo.<br \/>\nPer contattarlo: <em><a href=\"mailto:oramazzu@gmail.com\">oramazzu@gmail.com<\/a><strong><a href=\"mailto:oramazzu@gmail.com\"><br \/>\n<\/a><\/strong><\/em><\/p>\n<p style=\"text-align: right\"><strong><em><a href=\"https:\/\/www.diocesi.lodi.it\/missioni\/wp-content\/uploads\/sites\/3\/2016\/07\/2011.10.08-Mazzucchi-P.-Orazio.pdf\" target=\"_blank\" rel=\"noopener noreferrer\">Pagina de Il Cittadino\u00a0del 08.10.2011<br \/>\n<\/a><a href=\"https:\/\/www.diocesi.lodi.it\/missioni\/wp-content\/uploads\/sites\/3\/2017\/10\/2017.10.07-Mazzucchi-P.-Orazio.pdf\" target=\"_blank\" rel=\"noopener noreferrer\">Pagina de Il Cittadino\u00a0del 07.10.2017<\/a><\/em><\/strong><\/p>\n<ul>\n<li><\/li>\n<\/ul>\n<p style=\"text-align: justify\"><strong><img loading=\"lazy\" decoding=\"async\" class=\"alignleft wp-image-1228 size-thumbnail\" src=\"https:\/\/www.diocesi.lodi.it\/missioni\/wp-content\/uploads\/sites\/3\/2020\/06\/MellaPadreFranco-150x150.jpg\" alt=\"\" width=\"150\" height=\"150\" srcset=\"https:\/\/www.diocesi.lodi.it\/missioni\/wp-content\/uploads\/sites\/3\/2020\/06\/MellaPadreFranco-150x150.jpg 150w, https:\/\/www.diocesi.lodi.it\/missioni\/wp-content\/uploads\/sites\/3\/2020\/06\/MellaPadreFranco-300x300.jpg 300w, https:\/\/www.diocesi.lodi.it\/missioni\/wp-content\/uploads\/sites\/3\/2020\/06\/MellaPadreFranco-200x200.jpg 200w, https:\/\/www.diocesi.lodi.it\/missioni\/wp-content\/uploads\/sites\/3\/2020\/06\/MellaPadreFranco-279x280.jpg 279w, https:\/\/www.diocesi.lodi.it\/missioni\/wp-content\/uploads\/sites\/3\/2020\/06\/MellaPadreFranco-125x125.jpg 125w, https:\/\/www.diocesi.lodi.it\/missioni\/wp-content\/uploads\/sites\/3\/2020\/06\/MellaPadreFranco.jpg 312w\" sizes=\"(max-width: 150px) 100vw, 150px\" \/>Mella Padre Franco<\/strong> &#8211; Nato a Milano, missionario del PIME, ma\u00a0la sua famiglia \u00e8\u00a0di\u00a0origine\u00a0lodigiana. Nel 1974 \u00e8 partito per Hong Kong dove vi \u00e8 rimasto per 17 anni; nel 1991 si \u00e8 trasferito nella Cina del Sud e\u00a0dal 2000 \u00e8 a Kaifeng, nella Cina del nord.<br \/>\nPer contattarlo: <a href=\"mailto:kamciai@yahoo.it\"><em>kamciai@yahoo.it<\/em><\/a><\/p>\n<p>&nbsp;<\/p>\n<p>&nbsp;<\/p>\n<p><em><strong><a href=\"https:\/\/www.diocesi.lodi.it\/missioni\/wp-content\/uploads\/sites\/3\/2016\/07\/Mella-padre-Franco.pdf\" target=\"_blank\" rel=\"noopener noreferrer\">Pagina de Il Cittadino del 05.12.2009<\/a><\/strong><\/em><\/p>\n<p><strong><em><a href=\"https:\/\/www.diocesi.lodi.it\/missioni\/wp-content\/uploads\/sites\/3\/2016\/07\/2015.12.24-Mella-Padre-Franco.pdf\" target=\"_blank\" rel=\"noopener noreferrer\">Pagina de Il Cittadino del 24.12.2015<\/a><\/em><\/strong><\/p>\n<p><strong><em><a href=\"https:\/\/www.diocesi.lodi.it\/missioni\/wp-content\/uploads\/sites\/3\/2016\/12\/2016.11.05-Mella-Padre-Franco.pdf\" target=\"_blank\" rel=\"noopener noreferrer\">Pagina de Il Cittadino del 05.11.2016<\/a><\/em><\/strong><\/p>\n<p><strong><em><a href=\"https:\/\/www.diocesi.lodi.it\/missioni\/wp-content\/uploads\/sites\/3\/2016\/11\/20161224_riflessone_Natale.pdf\" target=\"_blank\" rel=\"noopener noreferrer\">Pagina de Il Cittadino del 24.12.2016<\/a><\/em><\/strong><\/p>\n<p><strong><em><a href=\"https:\/\/www.diocesi.lodi.it\/missioni\/wp-content\/uploads\/sites\/3\/2017\/01\/2017.05.2020Mella20P.20Franco.pdf\" target=\"_blank\" rel=\"noopener noreferrer\">Pagina de Il Cittadino del 20.05.2017<\/a><\/em><\/strong><\/p>\n<p><strong><em><a href=\"https:\/\/www.diocesi.lodi.it\/missioni\/wp-content\/uploads\/sites\/3\/2016\/07\/20171028_Mella_P_Franco.pdf\" target=\"_blank\" rel=\"noopener noreferrer\">Pagina de Il Cittadino del 28.10.2017<\/a><\/em><\/strong><\/p>\n<p><strong><em><a href=\"https:\/\/www.diocesi.lodi.it\/missioni\/wp-content\/uploads\/sites\/3\/2019\/05\/2019.05.18_HONG-KONG_Mella.pdf\" target=\"_blank\" rel=\"noopener noreferrer\">Pagina de Il Cittadino del 18.05.2019<\/a><\/em><\/strong><\/p>\n<p><strong><em><a href=\"https:\/\/www.diocesi.lodi.it\/missioni\/wp-content\/uploads\/sites\/3\/2019\/10\/2016.10.26_Hong_Kong_Mella.pdf\" target=\"_blank\" rel=\"noopener noreferrer\">Pagina de Il Cittadino del 26.10.2019<\/a><\/em><\/strong><\/p>\n<p><strong><em><a href=\"https:\/\/www.diocesi.lodi.it\/missioni\/wp-content\/uploads\/sites\/3\/2020\/11\/2020.11.21_HongKong_Mella.pdf\" target=\"_blank\" rel=\"noopener noreferrer\">Pagina de Il Cittadino del 21.11.2020<\/a><\/em><\/strong><\/p>\n<p><strong><em><a href=\"https:\/\/www.diocesi.lodi.it\/missioni\/wp-content\/uploads\/sites\/3\/2023\/01\/20230107lodi_32.pdf\">Pagina de Il Cittadino del 07.01.2023<\/a><\/em><\/strong><\/p>\n<p><a href=\"https:\/\/www.diocesi.lodi.it\/missioni\/wp-content\/uploads\/sites\/3\/2023\/10\/2023.10.21-Hong-Kong-Cerco-di-tenere-sveglie-le-coscienze-e-non-far-sentire-nessuno-solo.pdf\" target=\"_blank\" rel=\"noopener\"><em><strong>Pagina de Il Cittadino del 21.10.2023<\/strong><\/em><\/a><\/p>\n<p><strong><a href=\"https:\/\/www.diocesi.lodi.it\/missioni\/wp-content\/uploads\/sites\/3\/2023\/10\/28-OTTOBRE-2023-HONG-KONG-PADRE-MELLA-E-IL-VIAGGIO-DELLA-MEMORIA.pdf\"><em>Pagina de Il Cittadino del 28.10.2023<\/em><\/a><\/strong><\/p>\n<p><em><strong><a href=\"https:\/\/www.diocesi.lodi.it\/missioni\/wp-content\/uploads\/sites\/3\/2025\/01\/2025.01.18-Cina-I-missionari-qui-sono-sempre-sotto-la-lente-di-ingrandimento.pdf\" target=\"_blank\" rel=\"noopener\">Pagina del Il Cittadino del 18.01.2025<\/a><\/strong><\/em><\/p>\n<p><em><strong><a href=\"https:\/\/www.diocesi.lodi.it\/missioni\/wp-content\/uploads\/sites\/3\/2026\/01\/2026.01.10-Hong-Kong-tra-repressioni-e-ingiustizie.pdf\" target=\"_blank\" rel=\"noopener\">Pagina del Il Cittadino del 10.01.2026<\/a><\/strong><\/em><\/p>\n<ul>\n<li><\/li>\n<\/ul>\n<p><strong style=\"text-align: justify\"><img loading=\"lazy\" decoding=\"async\" class=\"size-thumbnail wp-image-656 alignleft\" src=\"https:\/\/www.diocesi.lodi.it\/missioni\/wp-content\/uploads\/sites\/3\/2016\/07\/Montanari20don20Egidio-150x150.jpg\" alt=\"\" width=\"150\" height=\"150\" srcset=\"https:\/\/www.diocesi.lodi.it\/missioni\/wp-content\/uploads\/sites\/3\/2016\/07\/Montanari20don20Egidio-150x150.jpg 150w, https:\/\/www.diocesi.lodi.it\/missioni\/wp-content\/uploads\/sites\/3\/2016\/07\/Montanari20don20Egidio-200x200.jpg 200w, https:\/\/www.diocesi.lodi.it\/missioni\/wp-content\/uploads\/sites\/3\/2016\/07\/Montanari20don20Egidio-125x125.jpg 125w\" sizes=\"(max-width: 150px) 100vw, 150px\" \/><\/strong><\/p>\n<p style=\"text-align: justify\"><strong>Montanari Padre Egidio<\/strong> &#8211; Della Comunit\u00e0 di Don Orione, dal 2001 si trova nella citt\u00e0 di L&#8217;Viv in Ucraina.<br \/>\nPer contattarlo: <a href=\"mailto:donegidio@hotmail.com\"><em>donegidio@hotmail.com<strong><br \/>\n<\/strong><\/em><\/a><\/p>\n<p>&nbsp;<\/p>\n<p>&nbsp;<\/p>\n<ul>\n<li><\/li>\n<\/ul>\n<p style=\"text-align: justify\"><strong><img loading=\"lazy\" decoding=\"async\" class=\"alignleft size-thumbnail wp-image-96\" src=\"https:\/\/www.diocesi.lodi.it\/missioni\/wp-content\/uploads\/sites\/3\/2016\/07\/Tei-P.-Carlo-5-150x150.jpg\" alt=\"Tei P. Carlo 5\" width=\"150\" height=\"150\" srcset=\"https:\/\/www.diocesi.lodi.it\/missioni\/wp-content\/uploads\/sites\/3\/2016\/07\/Tei-P.-Carlo-5-150x150.jpg 150w, https:\/\/www.diocesi.lodi.it\/missioni\/wp-content\/uploads\/sites\/3\/2016\/07\/Tei-P.-Carlo-5-200x200.jpg 200w, https:\/\/www.diocesi.lodi.it\/missioni\/wp-content\/uploads\/sites\/3\/2016\/07\/Tei-P.-Carlo-5-125x125.jpg 125w\" sizes=\"(max-width: 150px) 100vw, 150px\" \/>Tei Padre Carlo<\/strong> &#8211; Nativo di S. Stefano Lodigiano, missionario del PIME, se si eccettuano due brevi parentesi italiane di tre anni ciascuna, a partire dal 1962 vive a Hong Kong, citt\u00e0 situata alle porte della Cina. Diversi i servizi svolti e gli incarichi ricoperti nella sua lunga vita missionaria: annuncio della Parola, insegnante e vice-rettore nel Seminario diocesano di Hong Kong, operaio in una fabbrica tessile e infine parrocco. Attualmente P. Carlo si trova nella parrocchia del S. Cuore nella zona di Sai Kung, sempre ad Hong Kong.<br \/>\nPer contattarlo: <a href=\"mailto:carlotei1935@gmail.com\" target=\"_blank\" rel=\"noopener\"><em>carlotei1935@gmail.com<\/em><\/a><\/p>\n<ul>\n<li><\/li>\n<\/ul>\n<p style=\"text-align: justify\"><strong><img loading=\"lazy\" decoding=\"async\" class=\"alignleft size-thumbnail wp-image-97\" src=\"https:\/\/www.diocesi.lodi.it\/missioni\/wp-content\/uploads\/sites\/3\/2016\/07\/Ugg\u00e9-padre-Enrico-0-150x150.jpg\" alt=\"Ugg\u00e9 padre Enrico 0\" width=\"150\" height=\"150\" srcset=\"https:\/\/www.diocesi.lodi.it\/missioni\/wp-content\/uploads\/sites\/3\/2016\/07\/Ugg\u00e9-padre-Enrico-0-150x150.jpg 150w, https:\/\/www.diocesi.lodi.it\/missioni\/wp-content\/uploads\/sites\/3\/2016\/07\/Ugg\u00e9-padre-Enrico-0-200x200.jpg 200w, https:\/\/www.diocesi.lodi.it\/missioni\/wp-content\/uploads\/sites\/3\/2016\/07\/Ugg\u00e9-padre-Enrico-0-125x125.jpg 125w\" sizes=\"(max-width: 150px) 100vw, 150px\" \/><\/strong><\/p>\n<p style=\"text-align: justify\"><strong>Ugg\u00e8 Padre Enrico<\/strong> &#8211; Originario di Castiglione d&#8217;Adda, missionario del PIME, P. Enrico vive in Brasile dal 1971 dove ha speso tutta la sua vita al servizio degli Indios nella regione dell&#8217;Amazzonia. Tra le\u00a0attivit\u00e0 di P. Enrico, c&#8217;\u00e8 da ricordare Radio Alvorada (che significa &#8220;radio del sorgere del sole&#8221;), una preziosa emittente radiofonica che permette anche agli abitanti dei pi\u00f9 sperduti villaggi intorno a Parintis di tenersi in contatto con il resto del mondo attraverso informazioni, notizie ed anche programmi di formazione.<br \/>\nPer contattarlo: <em><a href=\"mailto:ugge.enrico@pime.org\">ugge.enrico@pime.org<br \/>\n<\/a><\/em><\/p>\n<p style=\"text-align: right\"><a href=\"https:\/\/www.diocesi.lodi.it\/missioni\/wp-content\/uploads\/sites\/3\/2021\/12\/2021.12.11-Brasile_P_Ugge_lanciaRadioAlvorada.pdf\" target=\"_blank\" rel=\"noopener\"><strong><em>Pagina de Il Cittadino dell&#8217;11.12.2021<\/em><\/strong><\/a><br \/>\n<a href=\"https:\/\/www.diocesi.lodi.it\/missioni\/wp-content\/uploads\/sites\/3\/2019\/11\/2019.11.09_Brasile_Ugge.pdf\" target=\"_blank\" rel=\"noopener noreferrer\"><strong><em>Pagina de Il Cittadino del 09.11.2019<\/em><\/strong><\/a><br \/>\n<strong><em><a href=\"https:\/\/www.diocesi.lodi.it\/missioni\/wp-content\/uploads\/sites\/3\/2016\/07\/2012.10.13.Ugg\u00e8-P.-Enrico.pdf\" target=\"_blank\" rel=\"noopener noreferrer\">Pagina de Il Cittadino del 13.10.2012<\/a><\/em><\/strong><\/p>\n<p style=\"text-align: right\"><em><strong><a href=\"https:\/\/www.diocesi.lodi.it\/missioni\/wp-content\/uploads\/sites\/3\/2025\/01\/2025.01.25-Brasile-La-scoperta-del-volto-di-Dio-guardando-negli-occhi-di-un-popolo-sorprendente.pdf\" target=\"_blank\" rel=\"noopener\">Pagina de Il Cittadino del 25.01.2025<\/a><\/strong><\/em><\/p>\n<ul>\n<li><\/li>\n<\/ul>\n","protected":false},"excerpt":{"rendered":"<p>Cambielli Padre Daniele &#8211;\u00a0Originario di Sant&#8217;Angelo Lodigiano,\u00a0Saveriano, \u00e8 missionario in Indonesia dal 1975. Dal 1999 si trova a Jakarta impegnato nella formazione di giovani che,\u00a0provenienti\u00a0da diverse parti dell&#8217;Indonesia, si preparano a\u00a0 diventare Saveriani. Inoltre, periodicamente, aiuta le\u00a0parrocchie nello\u00a0svolgere corsi biblici. Nella sua lunga permanenza in Indonesia, Padre Daniele ha vissuto prima con gli indigeni, nelle [&hellip;]<\/p>\n","protected":false},"author":0,"featured_media":0,"parent":0,"menu_order":0,"comment_status":"closed","ping_status":"closed","template":"","meta":{"_acf_changed":false,"ip_address":"","user_agent":"","level":"","revision":"","cookie_id":"","page_referer":"","html_form":"","footnotes":""},"acf":[],"yoast_head":"<!-- This site is optimized with the Yoast SEO plugin v22.3 - https:\/\/yoast.com\/wordpress\/plugins\/seo\/ -->\n<title>I Religiosi - Centro Missionario<\/title>\n<meta name=\"robots\" content=\"index, follow, max-snippet:-1, max-image-preview:large, max-video-preview:-1\" \/>\n<link rel=\"canonical\" href=\"https:\/\/www.diocesi.lodi.it\/missioni\/religiosi\/\" \/>\n<meta property=\"og:locale\" content=\"it_IT\" \/>\n<meta property=\"og:type\" content=\"article\" \/>\n<meta property=\"og:title\" content=\"I Religiosi - Centro Missionario\" \/>\n<meta property=\"og:description\" content=\"Cambielli Padre Daniele &#8211;\u00a0Originario di Sant&#8217;Angelo Lodigiano,\u00a0Saveriano, \u00e8 missionario in Indonesia dal 1975. Dal 1999 si trova a Jakarta impegnato nella formazione di giovani che,\u00a0provenienti\u00a0da diverse parti dell&#8217;Indonesia, si preparano a\u00a0 diventare Saveriani. Inoltre, periodicamente, aiuta le\u00a0parrocchie nello\u00a0svolgere corsi biblici. Nella sua lunga permanenza in Indonesia, Padre Daniele ha vissuto prima con gli indigeni, nelle [&hellip;]\" \/>\n<meta property=\"og:url\" content=\"https:\/\/www.diocesi.lodi.it\/missioni\/religiosi\/\" \/>\n<meta property=\"og:site_name\" content=\"Centro Missionario\" \/>\n<meta property=\"article:modified_time\" content=\"2026-02-03T10:26:51+00:00\" \/>\n<meta property=\"og:image\" content=\"https:\/\/www.diocesi.lodi.it\/missioni\/wp-content\/uploads\/sites\/3\/2016\/07\/Cambielli-padre-Daniele-1-150x150.jpg\" \/>\n<meta name=\"twitter:card\" content=\"summary_large_image\" \/>\n<meta name=\"twitter:label1\" content=\"Tempo di lettura stimato\" \/>\n\t<meta name=\"twitter:data1\" content=\"6 minuti\" \/>\n<script type=\"application\/ld+json\" class=\"yoast-schema-graph\">{\"@context\":\"https:\/\/schema.org\",\"@graph\":[{\"@type\":\"WebPage\",\"@id\":\"https:\/\/www.diocesi.lodi.it\/missioni\/religiosi\/\",\"url\":\"https:\/\/www.diocesi.lodi.it\/missioni\/religiosi\/\",\"name\":\"I Religiosi - Centro Missionario\",\"isPartOf\":{\"@id\":\"https:\/\/www.diocesi.lodi.it\/missioni\/#website\"},\"primaryImageOfPage\":{\"@id\":\"https:\/\/www.diocesi.lodi.it\/missioni\/religiosi\/#primaryimage\"},\"image\":{\"@id\":\"https:\/\/www.diocesi.lodi.it\/missioni\/religiosi\/#primaryimage\"},\"thumbnailUrl\":\"https:\/\/www.diocesi.lodi.it\/missioni\/wp-content\/uploads\/sites\/3\/2016\/07\/Cambielli-padre-Daniele-1-150x150.jpg\",\"datePublished\":\"2016-07-21T14:47:45+00:00\",\"dateModified\":\"2026-02-03T10:26:51+00:00\",\"breadcrumb\":{\"@id\":\"https:\/\/www.diocesi.lodi.it\/missioni\/religiosi\/#breadcrumb\"},\"inLanguage\":\"it-IT\",\"potentialAction\":[{\"@type\":\"ReadAction\",\"target\":[\"https:\/\/www.diocesi.lodi.it\/missioni\/religiosi\/\"]}]},{\"@type\":\"ImageObject\",\"inLanguage\":\"it-IT\",\"@id\":\"https:\/\/www.diocesi.lodi.it\/missioni\/religiosi\/#primaryimage\",\"url\":\"https:\/\/www.diocesi.lodi.it\/missioni\/wp-content\/uploads\/sites\/3\/2016\/07\/Cambielli-padre-Daniele-1.jpg\",\"contentUrl\":\"https:\/\/www.diocesi.lodi.it\/missioni\/wp-content\/uploads\/sites\/3\/2016\/07\/Cambielli-padre-Daniele-1.jpg\",\"width\":333,\"height\":250},{\"@type\":\"BreadcrumbList\",\"@id\":\"https:\/\/www.diocesi.lodi.it\/missioni\/religiosi\/#breadcrumb\",\"itemListElement\":[{\"@type\":\"ListItem\",\"position\":1,\"name\":\"Home\",\"item\":\"https:\/\/www.diocesi.lodi.it\/missioni\/\"},{\"@type\":\"ListItem\",\"position\":2,\"name\":\"I Religiosi\"}]},{\"@type\":\"WebSite\",\"@id\":\"https:\/\/www.diocesi.lodi.it\/missioni\/#website\",\"url\":\"https:\/\/www.diocesi.lodi.it\/missioni\/\",\"name\":\"Centro Missionario\",\"description\":\"Diocesi di Lodi\",\"publisher\":{\"@id\":\"https:\/\/www.diocesi.lodi.it\/missioni\/#organization\"},\"potentialAction\":[{\"@type\":\"SearchAction\",\"target\":{\"@type\":\"EntryPoint\",\"urlTemplate\":\"https:\/\/www.diocesi.lodi.it\/missioni\/?s={search_term_string}\"},\"query-input\":\"required name=search_term_string\"}],\"inLanguage\":\"it-IT\"},{\"@type\":\"Organization\",\"@id\":\"https:\/\/www.diocesi.lodi.it\/missioni\/#organization\",\"name\":\"Centro Missionario\",\"url\":\"https:\/\/www.diocesi.lodi.it\/missioni\/\",\"logo\":{\"@type\":\"ImageObject\",\"inLanguage\":\"it-IT\",\"@id\":\"https:\/\/www.diocesi.lodi.it\/missioni\/#\/schema\/logo\/image\/\",\"url\":\"https:\/\/www.diocesi.lodi.it\/missioni\/wp-content\/uploads\/sites\/3\/2023\/10\/lodi-ico.png\",\"contentUrl\":\"https:\/\/www.diocesi.lodi.it\/missioni\/wp-content\/uploads\/sites\/3\/2023\/10\/lodi-ico.png\",\"width\":191,\"height\":190,\"caption\":\"Centro Missionario\"},\"image\":{\"@id\":\"https:\/\/www.diocesi.lodi.it\/missioni\/#\/schema\/logo\/image\/\"}}]}<\/script>\n<!-- \/ Yoast SEO plugin. -->","yoast_head_json":{"title":"I Religiosi - Centro Missionario","robots":{"index":"index","follow":"follow","max-snippet":"max-snippet:-1","max-image-preview":"max-image-preview:large","max-video-preview":"max-video-preview:-1"},"canonical":"https:\/\/www.diocesi.lodi.it\/missioni\/religiosi\/","og_locale":"it_IT","og_type":"article","og_title":"I Religiosi - Centro Missionario","og_description":"Cambielli Padre Daniele &#8211;\u00a0Originario di Sant&#8217;Angelo Lodigiano,\u00a0Saveriano, \u00e8 missionario in Indonesia dal 1975. Dal 1999 si trova a Jakarta impegnato nella formazione di giovani che,\u00a0provenienti\u00a0da diverse parti dell&#8217;Indonesia, si preparano a\u00a0 diventare Saveriani. Inoltre, periodicamente, aiuta le\u00a0parrocchie nello\u00a0svolgere corsi biblici. Nella sua lunga permanenza in Indonesia, Padre Daniele ha vissuto prima con gli indigeni, nelle [&hellip;]","og_url":"https:\/\/www.diocesi.lodi.it\/missioni\/religiosi\/","og_site_name":"Centro Missionario","article_modified_time":"2026-02-03T10:26:51+00:00","og_image":[{"url":"https:\/\/www.diocesi.lodi.it\/missioni\/wp-content\/uploads\/sites\/3\/2016\/07\/Cambielli-padre-Daniele-1-150x150.jpg"}],"twitter_card":"summary_large_image","twitter_misc":{"Tempo di lettura stimato":"6 minuti"},"schema":{"@context":"https:\/\/schema.org","@graph":[{"@type":"WebPage","@id":"https:\/\/www.diocesi.lodi.it\/missioni\/religiosi\/","url":"https:\/\/www.diocesi.lodi.it\/missioni\/religiosi\/","name":"I Religiosi - Centro Missionario","isPartOf":{"@id":"https:\/\/www.diocesi.lodi.it\/missioni\/#website"},"primaryImageOfPage":{"@id":"https:\/\/www.diocesi.lodi.it\/missioni\/religiosi\/#primaryimage"},"image":{"@id":"https:\/\/www.diocesi.lodi.it\/missioni\/religiosi\/#primaryimage"},"thumbnailUrl":"https:\/\/www.diocesi.lodi.it\/missioni\/wp-content\/uploads\/sites\/3\/2016\/07\/Cambielli-padre-Daniele-1-150x150.jpg","datePublished":"2016-07-21T14:47:45+00:00","dateModified":"2026-02-03T10:26:51+00:00","breadcrumb":{"@id":"https:\/\/www.diocesi.lodi.it\/missioni\/religiosi\/#breadcrumb"},"inLanguage":"it-IT","potentialAction":[{"@type":"ReadAction","target":["https:\/\/www.diocesi.lodi.it\/missioni\/religiosi\/"]}]},{"@type":"ImageObject","inLanguage":"it-IT","@id":"https:\/\/www.diocesi.lodi.it\/missioni\/religiosi\/#primaryimage","url":"https:\/\/www.diocesi.lodi.it\/missioni\/wp-content\/uploads\/sites\/3\/2016\/07\/Cambielli-padre-Daniele-1.jpg","contentUrl":"https:\/\/www.diocesi.lodi.it\/missioni\/wp-content\/uploads\/sites\/3\/2016\/07\/Cambielli-padre-Daniele-1.jpg","width":333,"height":250},{"@type":"BreadcrumbList","@id":"https:\/\/www.diocesi.lodi.it\/missioni\/religiosi\/#breadcrumb","itemListElement":[{"@type":"ListItem","position":1,"name":"Home","item":"https:\/\/www.diocesi.lodi.it\/missioni\/"},{"@type":"ListItem","position":2,"name":"I Religiosi"}]},{"@type":"WebSite","@id":"https:\/\/www.diocesi.lodi.it\/missioni\/#website","url":"https:\/\/www.diocesi.lodi.it\/missioni\/","name":"Centro Missionario","description":"Diocesi di Lodi","publisher":{"@id":"https:\/\/www.diocesi.lodi.it\/missioni\/#organization"},"potentialAction":[{"@type":"SearchAction","target":{"@type":"EntryPoint","urlTemplate":"https:\/\/www.diocesi.lodi.it\/missioni\/?s={search_term_string}"},"query-input":"required name=search_term_string"}],"inLanguage":"it-IT"},{"@type":"Organization","@id":"https:\/\/www.diocesi.lodi.it\/missioni\/#organization","name":"Centro Missionario","url":"https:\/\/www.diocesi.lodi.it\/missioni\/","logo":{"@type":"ImageObject","inLanguage":"it-IT","@id":"https:\/\/www.diocesi.lodi.it\/missioni\/#\/schema\/logo\/image\/","url":"https:\/\/www.diocesi.lodi.it\/missioni\/wp-content\/uploads\/sites\/3\/2023\/10\/lodi-ico.png","contentUrl":"https:\/\/www.diocesi.lodi.it\/missioni\/wp-content\/uploads\/sites\/3\/2023\/10\/lodi-ico.png","width":191,"height":190,"caption":"Centro Missionario"},"image":{"@id":"https:\/\/www.diocesi.lodi.it\/missioni\/#\/schema\/logo\/image\/"}}]}},"publishpress_future_action":{"enabled":false,"date":"2026-04-22 20:52:19","action":"change-status","newStatus":"draft","terms":[],"taxonomy":""},"_links":{"self":[{"href":"https:\/\/www.diocesi.lodi.it\/missioni\/wp-json\/wp\/v2\/pages\/76"}],"collection":[{"href":"https:\/\/www.diocesi.lodi.it\/missioni\/wp-json\/wp\/v2\/pages"}],"about":[{"href":"https:\/\/www.diocesi.lodi.it\/missioni\/wp-json\/wp\/v2\/types\/page"}],"author":[{"embeddable":true,"href":"https:\/\/www.diocesi.lodi.it\/missioni\/wp-json\/wp\/v2\/users\/7"}],"replies":[{"embeddable":true,"href":"https:\/\/www.diocesi.lodi.it\/missioni\/wp-json\/wp\/v2\/comments?post=76"}],"version-history":[{"count":24,"href":"https:\/\/www.diocesi.lodi.it\/missioni\/wp-json\/wp\/v2\/pages\/76\/revisions"}],"predecessor-version":[{"id":3536,"href":"https:\/\/www.diocesi.lodi.it\/missioni\/wp-json\/wp\/v2\/pages\/76\/revisions\/3536"}],"wp:attachment":[{"href":"https:\/\/www.diocesi.lodi.it\/missioni\/wp-json\/wp\/v2\/media?parent=76"}],"curies":[{"name":"wp","href":"https:\/\/api.w.org\/{rel}","templated":true}]}}