{"id":950,"date":"2019-04-01T11:47:07","date_gmt":"2019-04-01T09:47:07","guid":{"rendered":"https:\/\/www.diocesi.lodi.it\/missioni\/?page_id=950"},"modified":"2025-02-21T11:19:02","modified_gmt":"2025-02-21T10:19:02","slug":"sostegno-a-distanza","status":"publish","type":"page","link":"https:\/\/www.diocesi.lodi.it\/missioni\/sostegno-a-distanza\/","title":{"rendered":"Sostegno a distanza"},"content":{"rendered":"<ul>\n<li><strong>LA SITUAZIONE<\/strong><\/li>\n<\/ul>\n<p>I messaggi che arrivano nelle nostre case da tante parti del Mondo, sono sempre pi\u00f9 allarmanti. I mezzi di comunicazione evidenziano la drammaticit\u00e0 delle situazioni, e noi che viviamo nei paesi dell\u2019abbondanza e dello spreco, facciamo fatica a calarci nelle privazioni e sofferenze concrete di tante popolazioni: rimaniamo stupefatti, quasi increduli.<br \/>\nAncora oggi milioni di esseri umani, bambini in particolare, muoiono ogni anno di fame, per denutrizione, per malattie da noi curabilissime, per dissenterie, morbillo, malaria.<br \/>\nLa scolarizzazione \u00e8 privilegio di pochi, servizi essenziali neppure si sognano, il livello di vita in molte abitazioni \u00e8 impossibile, non esiste concreta possibilit\u00e0 di uscire da questa situazione in tempi ragionevoli. A tutto questo si aggiungono le guerre che dilaniano intere popolazioni in molti Paesi del Mondo.<\/p>\n<ul>\n<li><strong>CHE FARE<\/strong><\/li>\n<\/ul>\n<p>Ecco un mezzo a vostra portata: il <strong>SOSTEGNO A DISTANZA<br \/>\n<\/strong>Sostenere un bambino o una bambina a distanza, significa garantire loro: istruzione, alimentazione, cure mediche e aiutare concretamente le loro famiglie a migliorare le condizioni di vita.<\/p>\n<ul>\n<li><strong>CHI PU\u00d2 FARE QUESTO SOSTEGNO<\/strong><\/li>\n<\/ul>\n<p><strong>Chiunque:<\/strong> una singola persona (l\u2019et\u00e0 non conta), una famiglia, un gruppo di amici, un\u2019associazione, una scolaresca, un\u2019istituzione.<\/p>\n<ul>\n<li><strong>CHI VIENE SCELTO<\/strong><\/li>\n<\/ul>\n<p>I missionari e le missionarie con il tuo contributo sostengono bambini e ragazzi di famiglie molto povere inseriti in strutture educative o in una classe di scuole gestite dagli stessi missionari.<br \/>\nIl sostegno diventa un supporto economico alle famiglie che non ce la fanno a tirare avanti da sole.<\/p>\n<ul>\n<li><strong>COME AVVIENE IL SOSTEGNO<\/strong><\/li>\n<\/ul>\n<p>Mediante il versamento annuo di: <strong>\u20ac 220,00<\/strong>, o per chi lo desidera, un importo anche maggiore.<\/p>\n<p>Dal totale versato, \u20ac 10,00 saranno destinati alla gestione operativa del sostegno.<\/p>\n<p>La quota annuale si pu\u00f2 versare in un\u2019unica soluzione oppure in importi rateizzati.<br \/>\nDopo il versamento della quota intera (o parte di essa), viene consegnata una <strong>\u201cBROCHURE\u201d<\/strong> con le informazioni relative alla destinazione del sostegno stesso.<\/p>\n<ul>\n<li><strong>RINNOVO DEL SOSTEGNO<\/strong><\/li>\n<\/ul>\n<p>Alla scadenza annuale, l\u2019adottante provveder\u00e0 a versare la quota per il rinnovo.<br \/>\nNel caso sopraggiunga un impedimento non previsto, si informi il Servizio che provveder\u00e0 all&#8217;aggiornamento dei dati.<\/p>\n<ul>\n<li><strong>CHI AMMINISTRA E COME COMUNICARE<\/strong><\/li>\n<\/ul>\n<p>I versamenti vengono fatti pervenire ai Missionari interessati, tempestivamente per vie sicure.<br \/>\nLe somme inviate non sono date alle famiglie ma amministrate dai Missionari responsabili.<br \/>\nEventuali contatti da e verso i missionari potranno avvenire tramite il Servizio Sostegno a Distanza (S.A.D).<\/p>\n<p><strong>PER DONAZIONI<\/strong><\/p>\n<ul>\n<li><strong>Donazione diretta<\/strong><\/li>\n<\/ul>\n<p>c\/o Servizio Sostegno a Distanza<\/p>\n<p>Via Cavour, 31 &#8211; 26900 Lodi<br \/>\nTel. 0371.948142-140 &#8211; Fax: 0371.948101<br \/>\nAperto: marted\u00ec, gioved\u00ec e sabato dalle 10.00 alle 12.00<br \/>\ne-mail: <a href=\"mailto:adozioni@diocesi.lodi.it\">adozioni@diocesi.lodi.it<\/a><\/p>\n<ul>\n<li><strong>Offerte ordinarie tramite bonifico<\/strong><\/li>\n<\/ul>\n<p>Offerte deducibili tramite bonifico o A\/B, Intestato a: <em>Missio Lodi ODV &#8211; <\/em>BCC LODI &#8211; IBAN: IT 92 M087 9420 3000 0000 0906 392<\/p>\n<p>Dopo il versamento inviare una mail per la richiesta della ricevuta a: <a href=\"mailto:adozioni@diocesi.lodi.it\">adozioni@diocesi.lodi.it<\/a><\/p>\n<p><a href=\"https:\/\/docs.google.com\/forms\/d\/e\/1FAIpQLScUOCFpFPqIRhn570pCj3Dyd7Wu4YTMlulurtAMuEhYHxzKEw\/viewform?usp=send_form\" target=\"_blank\" rel=\"noopener\"><u>Oppure compila il modulo <\/u><\/a><\/p>\n<ul>\n<li><strong>Destina il tuo 5&#215;1000 a MISSIO LODI ODV<\/strong><\/li>\n<\/ul>\n<p>Quando fai la Dichiarazione dei Redditi inserisci la tua firma e il <strong>CODICE FISCALE <\/strong><strong>92570380151<\/strong> di MISSIO LODI nella sezione <em>\u201cSostegno del volontariato e delle altre organizzazioni non lucrative\u201d<\/em><\/p>\n<blockquote><p>&nbsp;<\/p><\/blockquote>\n","protected":false},"excerpt":{"rendered":"<p>LA SITUAZIONE I messaggi che arrivano nelle nostre case da tante parti del Mondo, sono sempre pi\u00f9 allarmanti. I mezzi di comunicazione evidenziano la drammaticit\u00e0 delle situazioni, e noi che viviamo nei paesi dell\u2019abbondanza e dello spreco, facciamo fatica a calarci nelle privazioni e sofferenze concrete di tante popolazioni: rimaniamo stupefatti, quasi increduli. Ancora oggi [&hellip;]<\/p>\n","protected":false},"author":0,"featured_media":0,"parent":0,"menu_order":0,"comment_status":"closed","ping_status":"closed","template":"","meta":{"_acf_changed":false,"ip_address":"","user_agent":"","level":"","revision":"","cookie_id":"","page_referer":"","html_form":"","footnotes":""},"acf":[],"yoast_head":"<!-- This site is optimized with the Yoast SEO plugin v22.3 - https:\/\/yoast.com\/wordpress\/plugins\/seo\/ -->\n<title>Sostegno a distanza - Centro Missionario<\/title>\n<meta name=\"robots\" content=\"index, follow, max-snippet:-1, max-image-preview:large, max-video-preview:-1\" \/>\n<link rel=\"canonical\" href=\"https:\/\/www.diocesi.lodi.it\/missioni\/sostegno-a-distanza\/\" \/>\n<meta property=\"og:locale\" content=\"it_IT\" \/>\n<meta property=\"og:type\" content=\"article\" \/>\n<meta property=\"og:title\" content=\"Sostegno a distanza - Centro Missionario\" \/>\n<meta property=\"og:description\" content=\"LA SITUAZIONE I messaggi che arrivano nelle nostre case da tante parti del Mondo, sono sempre pi\u00f9 allarmanti. I mezzi di comunicazione evidenziano la drammaticit\u00e0 delle situazioni, e noi che viviamo nei paesi dell\u2019abbondanza e dello spreco, facciamo fatica a calarci nelle privazioni e sofferenze concrete di tante popolazioni: rimaniamo stupefatti, quasi increduli. Ancora oggi [&hellip;]\" \/>\n<meta property=\"og:url\" content=\"https:\/\/www.diocesi.lodi.it\/missioni\/sostegno-a-distanza\/\" \/>\n<meta property=\"og:site_name\" content=\"Centro Missionario\" \/>\n<meta property=\"article:modified_time\" content=\"2025-02-21T10:19:02+00:00\" \/>\n<meta name=\"twitter:card\" content=\"summary_large_image\" \/>\n<meta name=\"twitter:label1\" content=\"Tempo di lettura stimato\" \/>\n\t<meta name=\"twitter:data1\" content=\"4 minuti\" \/>\n<script type=\"application\/ld+json\" class=\"yoast-schema-graph\">{\"@context\":\"https:\/\/schema.org\",\"@graph\":[{\"@type\":\"WebPage\",\"@id\":\"https:\/\/www.diocesi.lodi.it\/missioni\/sostegno-a-distanza\/\",\"url\":\"https:\/\/www.diocesi.lodi.it\/missioni\/sostegno-a-distanza\/\",\"name\":\"Sostegno a distanza - Centro Missionario\",\"isPartOf\":{\"@id\":\"https:\/\/www.diocesi.lodi.it\/missioni\/#website\"},\"datePublished\":\"2019-04-01T09:47:07+00:00\",\"dateModified\":\"2025-02-21T10:19:02+00:00\",\"breadcrumb\":{\"@id\":\"https:\/\/www.diocesi.lodi.it\/missioni\/sostegno-a-distanza\/#breadcrumb\"},\"inLanguage\":\"it-IT\",\"potentialAction\":[{\"@type\":\"ReadAction\",\"target\":[\"https:\/\/www.diocesi.lodi.it\/missioni\/sostegno-a-distanza\/\"]}]},{\"@type\":\"BreadcrumbList\",\"@id\":\"https:\/\/www.diocesi.lodi.it\/missioni\/sostegno-a-distanza\/#breadcrumb\",\"itemListElement\":[{\"@type\":\"ListItem\",\"position\":1,\"name\":\"Home\",\"item\":\"https:\/\/www.diocesi.lodi.it\/missioni\/\"},{\"@type\":\"ListItem\",\"position\":2,\"name\":\"Sostegno a distanza\"}]},{\"@type\":\"WebSite\",\"@id\":\"https:\/\/www.diocesi.lodi.it\/missioni\/#website\",\"url\":\"https:\/\/www.diocesi.lodi.it\/missioni\/\",\"name\":\"Centro Missionario\",\"description\":\"Diocesi di Lodi\",\"publisher\":{\"@id\":\"https:\/\/www.diocesi.lodi.it\/missioni\/#organization\"},\"potentialAction\":[{\"@type\":\"SearchAction\",\"target\":{\"@type\":\"EntryPoint\",\"urlTemplate\":\"https:\/\/www.diocesi.lodi.it\/missioni\/?s={search_term_string}\"},\"query-input\":\"required name=search_term_string\"}],\"inLanguage\":\"it-IT\"},{\"@type\":\"Organization\",\"@id\":\"https:\/\/www.diocesi.lodi.it\/missioni\/#organization\",\"name\":\"Centro Missionario\",\"url\":\"https:\/\/www.diocesi.lodi.it\/missioni\/\",\"logo\":{\"@type\":\"ImageObject\",\"inLanguage\":\"it-IT\",\"@id\":\"https:\/\/www.diocesi.lodi.it\/missioni\/#\/schema\/logo\/image\/\",\"url\":\"https:\/\/www.diocesi.lodi.it\/missioni\/wp-content\/uploads\/sites\/3\/2023\/10\/lodi-ico.png\",\"contentUrl\":\"https:\/\/www.diocesi.lodi.it\/missioni\/wp-content\/uploads\/sites\/3\/2023\/10\/lodi-ico.png\",\"width\":191,\"height\":190,\"caption\":\"Centro Missionario\"},\"image\":{\"@id\":\"https:\/\/www.diocesi.lodi.it\/missioni\/#\/schema\/logo\/image\/\"}}]}<\/script>\n<!-- \/ Yoast SEO plugin. -->","yoast_head_json":{"title":"Sostegno a distanza - Centro Missionario","robots":{"index":"index","follow":"follow","max-snippet":"max-snippet:-1","max-image-preview":"max-image-preview:large","max-video-preview":"max-video-preview:-1"},"canonical":"https:\/\/www.diocesi.lodi.it\/missioni\/sostegno-a-distanza\/","og_locale":"it_IT","og_type":"article","og_title":"Sostegno a distanza - Centro Missionario","og_description":"LA SITUAZIONE I messaggi che arrivano nelle nostre case da tante parti del Mondo, sono sempre pi\u00f9 allarmanti. I mezzi di comunicazione evidenziano la drammaticit\u00e0 delle situazioni, e noi che viviamo nei paesi dell\u2019abbondanza e dello spreco, facciamo fatica a calarci nelle privazioni e sofferenze concrete di tante popolazioni: rimaniamo stupefatti, quasi increduli. Ancora oggi [&hellip;]","og_url":"https:\/\/www.diocesi.lodi.it\/missioni\/sostegno-a-distanza\/","og_site_name":"Centro Missionario","article_modified_time":"2025-02-21T10:19:02+00:00","twitter_card":"summary_large_image","twitter_misc":{"Tempo di lettura stimato":"4 minuti"},"schema":{"@context":"https:\/\/schema.org","@graph":[{"@type":"WebPage","@id":"https:\/\/www.diocesi.lodi.it\/missioni\/sostegno-a-distanza\/","url":"https:\/\/www.diocesi.lodi.it\/missioni\/sostegno-a-distanza\/","name":"Sostegno a distanza - Centro Missionario","isPartOf":{"@id":"https:\/\/www.diocesi.lodi.it\/missioni\/#website"},"datePublished":"2019-04-01T09:47:07+00:00","dateModified":"2025-02-21T10:19:02+00:00","breadcrumb":{"@id":"https:\/\/www.diocesi.lodi.it\/missioni\/sostegno-a-distanza\/#breadcrumb"},"inLanguage":"it-IT","potentialAction":[{"@type":"ReadAction","target":["https:\/\/www.diocesi.lodi.it\/missioni\/sostegno-a-distanza\/"]}]},{"@type":"BreadcrumbList","@id":"https:\/\/www.diocesi.lodi.it\/missioni\/sostegno-a-distanza\/#breadcrumb","itemListElement":[{"@type":"ListItem","position":1,"name":"Home","item":"https:\/\/www.diocesi.lodi.it\/missioni\/"},{"@type":"ListItem","position":2,"name":"Sostegno a distanza"}]},{"@type":"WebSite","@id":"https:\/\/www.diocesi.lodi.it\/missioni\/#website","url":"https:\/\/www.diocesi.lodi.it\/missioni\/","name":"Centro Missionario","description":"Diocesi di Lodi","publisher":{"@id":"https:\/\/www.diocesi.lodi.it\/missioni\/#organization"},"potentialAction":[{"@type":"SearchAction","target":{"@type":"EntryPoint","urlTemplate":"https:\/\/www.diocesi.lodi.it\/missioni\/?s={search_term_string}"},"query-input":"required name=search_term_string"}],"inLanguage":"it-IT"},{"@type":"Organization","@id":"https:\/\/www.diocesi.lodi.it\/missioni\/#organization","name":"Centro Missionario","url":"https:\/\/www.diocesi.lodi.it\/missioni\/","logo":{"@type":"ImageObject","inLanguage":"it-IT","@id":"https:\/\/www.diocesi.lodi.it\/missioni\/#\/schema\/logo\/image\/","url":"https:\/\/www.diocesi.lodi.it\/missioni\/wp-content\/uploads\/sites\/3\/2023\/10\/lodi-ico.png","contentUrl":"https:\/\/www.diocesi.lodi.it\/missioni\/wp-content\/uploads\/sites\/3\/2023\/10\/lodi-ico.png","width":191,"height":190,"caption":"Centro Missionario"},"image":{"@id":"https:\/\/www.diocesi.lodi.it\/missioni\/#\/schema\/logo\/image\/"}}]}},"publishpress_future_action":{"enabled":false,"date":"2026-05-14 19:46:10","action":"change-status","newStatus":"draft","terms":[],"taxonomy":""},"_links":{"self":[{"href":"https:\/\/www.diocesi.lodi.it\/missioni\/wp-json\/wp\/v2\/pages\/950"}],"collection":[{"href":"https:\/\/www.diocesi.lodi.it\/missioni\/wp-json\/wp\/v2\/pages"}],"about":[{"href":"https:\/\/www.diocesi.lodi.it\/missioni\/wp-json\/wp\/v2\/types\/page"}],"author":[{"embeddable":true,"href":"https:\/\/www.diocesi.lodi.it\/missioni\/wp-json\/wp\/v2\/users\/11"}],"replies":[{"embeddable":true,"href":"https:\/\/www.diocesi.lodi.it\/missioni\/wp-json\/wp\/v2\/comments?post=950"}],"version-history":[{"count":8,"href":"https:\/\/www.diocesi.lodi.it\/missioni\/wp-json\/wp\/v2\/pages\/950\/revisions"}],"predecessor-version":[{"id":2701,"href":"https:\/\/www.diocesi.lodi.it\/missioni\/wp-json\/wp\/v2\/pages\/950\/revisions\/2701"}],"wp:attachment":[{"href":"https:\/\/www.diocesi.lodi.it\/missioni\/wp-json\/wp\/v2\/media?parent=950"}],"curies":[{"name":"wp","href":"https:\/\/api.w.org\/{rel}","templated":true}]}}