{"id":190,"date":"2026-05-06T15:04:40","date_gmt":"2026-05-06T13:04:40","guid":{"rendered":"https:\/\/www.diocesi.lodi.it\/museodiocesano\/?page_id=190"},"modified":"2026-05-06T15:04:40","modified_gmt":"2026-05-06T13:04:40","slug":"la-passione-e-la-morte-di-cristo","status":"publish","type":"page","link":"https:\/\/www.diocesi.lodi.it\/museodiocesano\/la-passione-e-la-morte-di-cristo\/","title":{"rendered":"La Passione e la morte di Cristo"},"content":{"rendered":"<p>\u00abFu crocifisso per noi sotto Ponzio Pilato, mor\u00ec e fu sepolto. Il terzo giorno \u00e8 risuscitato, secondo le Scritture, \u00e8 salito al cielo, siede alla destra del Padre\u00bb (Simbolo niceno-costantinopolitano)<\/p>\n","protected":false},"excerpt":{"rendered":"<p>\u00abFu crocifisso per noi sotto Ponzio Pilato, mor\u00ec e fu sepolto. Il terzo giorno \u00e8 risuscitato, secondo le Scritture, \u00e8 salito al cielo, siede alla destra del Padre\u00bb (Simbolo niceno-costantinopolitano)<\/p>\n","protected":false},"author":0,"featured_media":197,"parent":0,"menu_order":0,"comment_status":"closed","ping_status":"closed","template":"","meta":{"_acf_changed":false,"footnotes":""},"acf":[],"yoast_head":"<!-- This site is optimized with the Yoast SEO plugin v22.3 - https:\/\/yoast.com\/wordpress\/plugins\/seo\/ -->\n<title>La Passione e la morte di Cristo - Museo Diocesano<\/title>\n<meta name=\"robots\" content=\"index, follow, max-snippet:-1, max-image-preview:large, max-video-preview:-1\" \/>\n<link rel=\"canonical\" href=\"https:\/\/www.diocesi.lodi.it\/museodiocesano\/la-passione-e-la-morte-di-cristo\/\" \/>\n<meta property=\"og:locale\" content=\"it_IT\" \/>\n<meta property=\"og:type\" content=\"article\" \/>\n<meta property=\"og:title\" content=\"La Passione e la morte di Cristo - Museo Diocesano\" \/>\n<meta property=\"og:description\" content=\"\u00abFu crocifisso per noi sotto Ponzio Pilato, mor\u00ec e fu sepolto. Il terzo giorno \u00e8 risuscitato, secondo le Scritture, \u00e8 salito al cielo, siede alla destra del Padre\u00bb (Simbolo niceno-costantinopolitano)\" \/>\n<meta property=\"og:url\" content=\"https:\/\/www.diocesi.lodi.it\/museodiocesano\/la-passione-e-la-morte-di-cristo\/\" \/>\n<meta property=\"og:site_name\" content=\"Museo Diocesano\" \/>\n<meta property=\"og:image\" content=\"https:\/\/www.diocesi.lodi.it\/museodiocesano\/wp-content\/uploads\/sites\/18\/2026\/05\/LODI-Museo-Diocesano-17-823x1024.jpg\" \/>\n\t<meta property=\"og:image:width\" content=\"823\" \/>\n\t<meta property=\"og:image:height\" content=\"1024\" \/>\n\t<meta property=\"og:image:type\" content=\"image\/jpeg\" \/>\n<meta name=\"twitter:card\" content=\"summary_large_image\" \/>\n<meta name=\"twitter:label1\" content=\"Tempo di lettura stimato\" \/>\n\t<meta name=\"twitter:data1\" content=\"1 minuto\" \/>\n<script type=\"application\/ld+json\" class=\"yoast-schema-graph\">{\"@context\":\"https:\/\/schema.org\",\"@graph\":[{\"@type\":\"WebPage\",\"@id\":\"https:\/\/www.diocesi.lodi.it\/museodiocesano\/la-passione-e-la-morte-di-cristo\/\",\"url\":\"https:\/\/www.diocesi.lodi.it\/museodiocesano\/la-passione-e-la-morte-di-cristo\/\",\"name\":\"La Passione e la morte di Cristo - Museo Diocesano\",\"isPartOf\":{\"@id\":\"https:\/\/www.diocesi.lodi.it\/museodiocesano\/#website\"},\"primaryImageOfPage\":{\"@id\":\"https:\/\/www.diocesi.lodi.it\/museodiocesano\/la-passione-e-la-morte-di-cristo\/#primaryimage\"},\"image\":{\"@id\":\"https:\/\/www.diocesi.lodi.it\/museodiocesano\/la-passione-e-la-morte-di-cristo\/#primaryimage\"},\"thumbnailUrl\":\"https:\/\/www.diocesi.lodi.it\/museodiocesano\/wp-content\/uploads\/sites\/18\/2026\/05\/LODI-Museo-Diocesano-17.jpg\",\"datePublished\":\"2026-05-06T13:04:40+00:00\",\"dateModified\":\"2026-05-06T13:04:40+00:00\",\"breadcrumb\":{\"@id\":\"https:\/\/www.diocesi.lodi.it\/museodiocesano\/la-passione-e-la-morte-di-cristo\/#breadcrumb\"},\"inLanguage\":\"it-IT\",\"potentialAction\":[{\"@type\":\"ReadAction\",\"target\":[\"https:\/\/www.diocesi.lodi.it\/museodiocesano\/la-passione-e-la-morte-di-cristo\/\"]}]},{\"@type\":\"ImageObject\",\"inLanguage\":\"it-IT\",\"@id\":\"https:\/\/www.diocesi.lodi.it\/museodiocesano\/la-passione-e-la-morte-di-cristo\/#primaryimage\",\"url\":\"https:\/\/www.diocesi.lodi.it\/museodiocesano\/wp-content\/uploads\/sites\/18\/2026\/05\/LODI-Museo-Diocesano-17.jpg\",\"contentUrl\":\"https:\/\/www.diocesi.lodi.it\/museodiocesano\/wp-content\/uploads\/sites\/18\/2026\/05\/LODI-Museo-Diocesano-17.jpg\",\"width\":1928,\"height\":2400},{\"@type\":\"BreadcrumbList\",\"@id\":\"https:\/\/www.diocesi.lodi.it\/museodiocesano\/la-passione-e-la-morte-di-cristo\/#breadcrumb\",\"itemListElement\":[{\"@type\":\"ListItem\",\"position\":1,\"name\":\"Home\",\"item\":\"https:\/\/www.diocesi.lodi.it\/museodiocesano\/\"},{\"@type\":\"ListItem\",\"position\":2,\"name\":\"La Passione e la morte di Cristo\"}]},{\"@type\":\"WebSite\",\"@id\":\"https:\/\/www.diocesi.lodi.it\/museodiocesano\/#website\",\"url\":\"https:\/\/www.diocesi.lodi.it\/museodiocesano\/\",\"name\":\"Museo Diocesano\",\"description\":\"di Arte Sacra Lodi\",\"publisher\":{\"@id\":\"https:\/\/www.diocesi.lodi.it\/museodiocesano\/#organization\"},\"potentialAction\":[{\"@type\":\"SearchAction\",\"target\":{\"@type\":\"EntryPoint\",\"urlTemplate\":\"https:\/\/www.diocesi.lodi.it\/museodiocesano\/?s={search_term_string}\"},\"query-input\":\"required name=search_term_string\"}],\"inLanguage\":\"it-IT\"},{\"@type\":\"Organization\",\"@id\":\"https:\/\/www.diocesi.lodi.it\/museodiocesano\/#organization\",\"name\":\"Museo Diocesano\",\"url\":\"https:\/\/www.diocesi.lodi.it\/museodiocesano\/\",\"logo\":{\"@type\":\"ImageObject\",\"inLanguage\":\"it-IT\",\"@id\":\"https:\/\/www.diocesi.lodi.it\/museodiocesano\/#\/schema\/logo\/image\/\",\"url\":\"https:\/\/www.diocesi.lodi.it\/museodiocesano\/wp-content\/uploads\/sites\/18\/2026\/02\/new-logo-museo.png\",\"contentUrl\":\"https:\/\/www.diocesi.lodi.it\/museodiocesano\/wp-content\/uploads\/sites\/18\/2026\/02\/new-logo-museo.png\",\"width\":600,\"height\":597,\"caption\":\"Museo Diocesano\"},\"image\":{\"@id\":\"https:\/\/www.diocesi.lodi.it\/museodiocesano\/#\/schema\/logo\/image\/\"}}]}<\/script>\n<!-- \/ Yoast SEO plugin. -->","yoast_head_json":{"title":"La Passione e la morte di Cristo - Museo Diocesano","robots":{"index":"index","follow":"follow","max-snippet":"max-snippet:-1","max-image-preview":"max-image-preview:large","max-video-preview":"max-video-preview:-1"},"canonical":"https:\/\/www.diocesi.lodi.it\/museodiocesano\/la-passione-e-la-morte-di-cristo\/","og_locale":"it_IT","og_type":"article","og_title":"La Passione e la morte di Cristo - Museo Diocesano","og_description":"\u00abFu crocifisso per noi sotto Ponzio Pilato, mor\u00ec e fu sepolto. Il terzo giorno \u00e8 risuscitato, secondo le Scritture, \u00e8 salito al cielo, siede alla destra del Padre\u00bb (Simbolo niceno-costantinopolitano)","og_url":"https:\/\/www.diocesi.lodi.it\/museodiocesano\/la-passione-e-la-morte-di-cristo\/","og_site_name":"Museo Diocesano","og_image":[{"width":823,"height":1024,"url":"https:\/\/www.diocesi.lodi.it\/museodiocesano\/wp-content\/uploads\/sites\/18\/2026\/05\/LODI-Museo-Diocesano-17-823x1024.jpg","type":"image\/jpeg"}],"twitter_card":"summary_large_image","twitter_misc":{"Tempo di lettura stimato":"1 minuto"},"schema":{"@context":"https:\/\/schema.org","@graph":[{"@type":"WebPage","@id":"https:\/\/www.diocesi.lodi.it\/museodiocesano\/la-passione-e-la-morte-di-cristo\/","url":"https:\/\/www.diocesi.lodi.it\/museodiocesano\/la-passione-e-la-morte-di-cristo\/","name":"La Passione e la morte di Cristo - Museo Diocesano","isPartOf":{"@id":"https:\/\/www.diocesi.lodi.it\/museodiocesano\/#website"},"primaryImageOfPage":{"@id":"https:\/\/www.diocesi.lodi.it\/museodiocesano\/la-passione-e-la-morte-di-cristo\/#primaryimage"},"image":{"@id":"https:\/\/www.diocesi.lodi.it\/museodiocesano\/la-passione-e-la-morte-di-cristo\/#primaryimage"},"thumbnailUrl":"https:\/\/www.diocesi.lodi.it\/museodiocesano\/wp-content\/uploads\/sites\/18\/2026\/05\/LODI-Museo-Diocesano-17.jpg","datePublished":"2026-05-06T13:04:40+00:00","dateModified":"2026-05-06T13:04:40+00:00","breadcrumb":{"@id":"https:\/\/www.diocesi.lodi.it\/museodiocesano\/la-passione-e-la-morte-di-cristo\/#breadcrumb"},"inLanguage":"it-IT","potentialAction":[{"@type":"ReadAction","target":["https:\/\/www.diocesi.lodi.it\/museodiocesano\/la-passione-e-la-morte-di-cristo\/"]}]},{"@type":"ImageObject","inLanguage":"it-IT","@id":"https:\/\/www.diocesi.lodi.it\/museodiocesano\/la-passione-e-la-morte-di-cristo\/#primaryimage","url":"https:\/\/www.diocesi.lodi.it\/museodiocesano\/wp-content\/uploads\/sites\/18\/2026\/05\/LODI-Museo-Diocesano-17.jpg","contentUrl":"https:\/\/www.diocesi.lodi.it\/museodiocesano\/wp-content\/uploads\/sites\/18\/2026\/05\/LODI-Museo-Diocesano-17.jpg","width":1928,"height":2400},{"@type":"BreadcrumbList","@id":"https:\/\/www.diocesi.lodi.it\/museodiocesano\/la-passione-e-la-morte-di-cristo\/#breadcrumb","itemListElement":[{"@type":"ListItem","position":1,"name":"Home","item":"https:\/\/www.diocesi.lodi.it\/museodiocesano\/"},{"@type":"ListItem","position":2,"name":"La Passione e la morte di Cristo"}]},{"@type":"WebSite","@id":"https:\/\/www.diocesi.lodi.it\/museodiocesano\/#website","url":"https:\/\/www.diocesi.lodi.it\/museodiocesano\/","name":"Museo Diocesano","description":"di Arte Sacra Lodi","publisher":{"@id":"https:\/\/www.diocesi.lodi.it\/museodiocesano\/#organization"},"potentialAction":[{"@type":"SearchAction","target":{"@type":"EntryPoint","urlTemplate":"https:\/\/www.diocesi.lodi.it\/museodiocesano\/?s={search_term_string}"},"query-input":"required name=search_term_string"}],"inLanguage":"it-IT"},{"@type":"Organization","@id":"https:\/\/www.diocesi.lodi.it\/museodiocesano\/#organization","name":"Museo Diocesano","url":"https:\/\/www.diocesi.lodi.it\/museodiocesano\/","logo":{"@type":"ImageObject","inLanguage":"it-IT","@id":"https:\/\/www.diocesi.lodi.it\/museodiocesano\/#\/schema\/logo\/image\/","url":"https:\/\/www.diocesi.lodi.it\/museodiocesano\/wp-content\/uploads\/sites\/18\/2026\/02\/new-logo-museo.png","contentUrl":"https:\/\/www.diocesi.lodi.it\/museodiocesano\/wp-content\/uploads\/sites\/18\/2026\/02\/new-logo-museo.png","width":600,"height":597,"caption":"Museo Diocesano"},"image":{"@id":"https:\/\/www.diocesi.lodi.it\/museodiocesano\/#\/schema\/logo\/image\/"}}]}},"_links":{"self":[{"href":"https:\/\/www.diocesi.lodi.it\/museodiocesano\/wp-json\/wp\/v2\/pages\/190"}],"collection":[{"href":"https:\/\/www.diocesi.lodi.it\/museodiocesano\/wp-json\/wp\/v2\/pages"}],"about":[{"href":"https:\/\/www.diocesi.lodi.it\/museodiocesano\/wp-json\/wp\/v2\/types\/page"}],"author":[{"embeddable":true,"href":"https:\/\/www.diocesi.lodi.it\/museodiocesano\/wp-json\/wp\/v2\/users\/16"}],"replies":[{"embeddable":true,"href":"https:\/\/www.diocesi.lodi.it\/museodiocesano\/wp-json\/wp\/v2\/comments?post=190"}],"version-history":[{"count":1,"href":"https:\/\/www.diocesi.lodi.it\/museodiocesano\/wp-json\/wp\/v2\/pages\/190\/revisions"}],"predecessor-version":[{"id":198,"href":"https:\/\/www.diocesi.lodi.it\/museodiocesano\/wp-json\/wp\/v2\/pages\/190\/revisions\/198"}],"wp:featuredmedia":[{"embeddable":true,"href":"https:\/\/www.diocesi.lodi.it\/museodiocesano\/wp-json\/wp\/v2\/media\/197"}],"wp:attachment":[{"href":"https:\/\/www.diocesi.lodi.it\/museodiocesano\/wp-json\/wp\/v2\/media?parent=190"}],"curies":[{"name":"wp","href":"https:\/\/api.w.org\/{rel}","templated":true}]}}