{"id":95,"date":"2026-04-24T14:39:21","date_gmt":"2026-04-24T12:39:21","guid":{"rendered":"https:\/\/www.diocesi.lodi.it\/museodiocesano\/?page_id=95"},"modified":"2026-05-06T14:55:12","modified_gmt":"2026-05-06T12:55:12","slug":"sala-iii","status":"publish","type":"page","link":"https:\/\/www.diocesi.lodi.it\/museodiocesano\/sala-iii\/","title":{"rendered":"La Beata Vergine Maria"},"content":{"rendered":"<p>\u00abLa madre di Ges\u00f9, come in cielo [\u2026] costituisce l&#8217;immagine e l&#8217;inizio della Chiesa che dovr\u00e0 avere il suo compimento nell&#8217;et\u00e0 futura, cos\u00ec sulla terra brilla ora innanzi al peregrinante popolo di Dio quale segno di sicura speranza e di consolazione, fino a quando non verr\u00e0 il giorno del Signore\u00bb (<em>Lumen Gentium<\/em> 68)<\/p>\n","protected":false},"excerpt":{"rendered":"<p>\u00abLa madre di Ges\u00f9, come in cielo [\u2026] costituisce l&#8217;immagine e l&#8217;inizio della Chiesa che dovr\u00e0 avere il suo compimento nell&#8217;et\u00e0 futura, cos\u00ec sulla terra brilla ora innanzi al peregrinante popolo di Dio quale segno di sicura speranza e di consolazione, fino a quando non verr\u00e0 il giorno del Signore\u00bb (Lumen Gentium 68)<\/p>\n","protected":false},"author":0,"featured_media":183,"parent":0,"menu_order":0,"comment_status":"closed","ping_status":"closed","template":"","meta":{"_acf_changed":false,"footnotes":""},"acf":[],"yoast_head":"<!-- This site is optimized with the Yoast SEO plugin v22.3 - https:\/\/yoast.com\/wordpress\/plugins\/seo\/ -->\n<title>La Beata Vergine Maria - Museo Diocesano<\/title>\n<meta name=\"robots\" content=\"index, follow, max-snippet:-1, max-image-preview:large, max-video-preview:-1\" \/>\n<link rel=\"canonical\" href=\"https:\/\/www.diocesi.lodi.it\/museodiocesano\/sala-iii\/\" \/>\n<meta property=\"og:locale\" content=\"it_IT\" \/>\n<meta property=\"og:type\" content=\"article\" \/>\n<meta property=\"og:title\" content=\"La Beata Vergine Maria - Museo Diocesano\" \/>\n<meta property=\"og:description\" content=\"\u00abLa madre di Ges\u00f9, come in cielo [\u2026] costituisce l&#8217;immagine e l&#8217;inizio della Chiesa che dovr\u00e0 avere il suo compimento nell&#8217;et\u00e0 futura, cos\u00ec sulla terra brilla ora innanzi al peregrinante popolo di Dio quale segno di sicura speranza e di consolazione, fino a quando non verr\u00e0 il giorno del Signore\u00bb (Lumen Gentium 68)\" \/>\n<meta property=\"og:url\" content=\"https:\/\/www.diocesi.lodi.it\/museodiocesano\/sala-iii\/\" \/>\n<meta property=\"og:site_name\" content=\"Museo Diocesano\" \/>\n<meta property=\"article:modified_time\" content=\"2026-05-06T12:55:12+00:00\" \/>\n<meta property=\"og:image\" content=\"https:\/\/www.diocesi.lodi.it\/museodiocesano\/wp-content\/uploads\/sites\/18\/2026\/05\/LODI-Museo-Diocesano-41.jpg\" \/>\n\t<meta property=\"og:image:width\" content=\"1600\" \/>\n\t<meta property=\"og:image:height\" content=\"2400\" \/>\n\t<meta property=\"og:image:type\" content=\"image\/jpeg\" \/>\n<meta name=\"twitter:card\" content=\"summary_large_image\" \/>\n<meta name=\"twitter:label1\" content=\"Tempo di lettura stimato\" \/>\n\t<meta name=\"twitter:data1\" content=\"1 minuto\" \/>\n<script type=\"application\/ld+json\" class=\"yoast-schema-graph\">{\"@context\":\"https:\/\/schema.org\",\"@graph\":[{\"@type\":\"WebPage\",\"@id\":\"https:\/\/www.diocesi.lodi.it\/museodiocesano\/sala-iii\/\",\"url\":\"https:\/\/www.diocesi.lodi.it\/museodiocesano\/sala-iii\/\",\"name\":\"La Beata Vergine Maria - Museo Diocesano\",\"isPartOf\":{\"@id\":\"https:\/\/www.diocesi.lodi.it\/museodiocesano\/#website\"},\"primaryImageOfPage\":{\"@id\":\"https:\/\/www.diocesi.lodi.it\/museodiocesano\/sala-iii\/#primaryimage\"},\"image\":{\"@id\":\"https:\/\/www.diocesi.lodi.it\/museodiocesano\/sala-iii\/#primaryimage\"},\"thumbnailUrl\":\"https:\/\/www.diocesi.lodi.it\/museodiocesano\/wp-content\/uploads\/sites\/18\/2026\/05\/LODI-Museo-Diocesano-41.jpg\",\"datePublished\":\"2026-04-24T12:39:21+00:00\",\"dateModified\":\"2026-05-06T12:55:12+00:00\",\"breadcrumb\":{\"@id\":\"https:\/\/www.diocesi.lodi.it\/museodiocesano\/sala-iii\/#breadcrumb\"},\"inLanguage\":\"it-IT\",\"potentialAction\":[{\"@type\":\"ReadAction\",\"target\":[\"https:\/\/www.diocesi.lodi.it\/museodiocesano\/sala-iii\/\"]}]},{\"@type\":\"ImageObject\",\"inLanguage\":\"it-IT\",\"@id\":\"https:\/\/www.diocesi.lodi.it\/museodiocesano\/sala-iii\/#primaryimage\",\"url\":\"https:\/\/www.diocesi.lodi.it\/museodiocesano\/wp-content\/uploads\/sites\/18\/2026\/05\/LODI-Museo-Diocesano-41.jpg\",\"contentUrl\":\"https:\/\/www.diocesi.lodi.it\/museodiocesano\/wp-content\/uploads\/sites\/18\/2026\/05\/LODI-Museo-Diocesano-41.jpg\",\"width\":1600,\"height\":2400},{\"@type\":\"BreadcrumbList\",\"@id\":\"https:\/\/www.diocesi.lodi.it\/museodiocesano\/sala-iii\/#breadcrumb\",\"itemListElement\":[{\"@type\":\"ListItem\",\"position\":1,\"name\":\"Home\",\"item\":\"https:\/\/www.diocesi.lodi.it\/museodiocesano\/\"},{\"@type\":\"ListItem\",\"position\":2,\"name\":\"La Beata Vergine Maria\"}]},{\"@type\":\"WebSite\",\"@id\":\"https:\/\/www.diocesi.lodi.it\/museodiocesano\/#website\",\"url\":\"https:\/\/www.diocesi.lodi.it\/museodiocesano\/\",\"name\":\"Museo Diocesano\",\"description\":\"di Arte Sacra Lodi\",\"publisher\":{\"@id\":\"https:\/\/www.diocesi.lodi.it\/museodiocesano\/#organization\"},\"potentialAction\":[{\"@type\":\"SearchAction\",\"target\":{\"@type\":\"EntryPoint\",\"urlTemplate\":\"https:\/\/www.diocesi.lodi.it\/museodiocesano\/?s={search_term_string}\"},\"query-input\":\"required name=search_term_string\"}],\"inLanguage\":\"it-IT\"},{\"@type\":\"Organization\",\"@id\":\"https:\/\/www.diocesi.lodi.it\/museodiocesano\/#organization\",\"name\":\"Museo Diocesano\",\"url\":\"https:\/\/www.diocesi.lodi.it\/museodiocesano\/\",\"logo\":{\"@type\":\"ImageObject\",\"inLanguage\":\"it-IT\",\"@id\":\"https:\/\/www.diocesi.lodi.it\/museodiocesano\/#\/schema\/logo\/image\/\",\"url\":\"https:\/\/www.diocesi.lodi.it\/museodiocesano\/wp-content\/uploads\/sites\/18\/2026\/02\/new-logo-museo.png\",\"contentUrl\":\"https:\/\/www.diocesi.lodi.it\/museodiocesano\/wp-content\/uploads\/sites\/18\/2026\/02\/new-logo-museo.png\",\"width\":600,\"height\":597,\"caption\":\"Museo Diocesano\"},\"image\":{\"@id\":\"https:\/\/www.diocesi.lodi.it\/museodiocesano\/#\/schema\/logo\/image\/\"}}]}<\/script>\n<!-- \/ Yoast SEO plugin. -->","yoast_head_json":{"title":"La Beata Vergine Maria - Museo Diocesano","robots":{"index":"index","follow":"follow","max-snippet":"max-snippet:-1","max-image-preview":"max-image-preview:large","max-video-preview":"max-video-preview:-1"},"canonical":"https:\/\/www.diocesi.lodi.it\/museodiocesano\/sala-iii\/","og_locale":"it_IT","og_type":"article","og_title":"La Beata Vergine Maria - Museo Diocesano","og_description":"\u00abLa madre di Ges\u00f9, come in cielo [\u2026] costituisce l&#8217;immagine e l&#8217;inizio della Chiesa che dovr\u00e0 avere il suo compimento nell&#8217;et\u00e0 futura, cos\u00ec sulla terra brilla ora innanzi al peregrinante popolo di Dio quale segno di sicura speranza e di consolazione, fino a quando non verr\u00e0 il giorno del Signore\u00bb (Lumen Gentium 68)","og_url":"https:\/\/www.diocesi.lodi.it\/museodiocesano\/sala-iii\/","og_site_name":"Museo Diocesano","article_modified_time":"2026-05-06T12:55:12+00:00","og_image":[{"width":1600,"height":2400,"url":"https:\/\/www.diocesi.lodi.it\/museodiocesano\/wp-content\/uploads\/sites\/18\/2026\/05\/LODI-Museo-Diocesano-41.jpg","type":"image\/jpeg"}],"twitter_card":"summary_large_image","twitter_misc":{"Tempo di lettura stimato":"1 minuto"},"schema":{"@context":"https:\/\/schema.org","@graph":[{"@type":"WebPage","@id":"https:\/\/www.diocesi.lodi.it\/museodiocesano\/sala-iii\/","url":"https:\/\/www.diocesi.lodi.it\/museodiocesano\/sala-iii\/","name":"La Beata Vergine Maria - Museo Diocesano","isPartOf":{"@id":"https:\/\/www.diocesi.lodi.it\/museodiocesano\/#website"},"primaryImageOfPage":{"@id":"https:\/\/www.diocesi.lodi.it\/museodiocesano\/sala-iii\/#primaryimage"},"image":{"@id":"https:\/\/www.diocesi.lodi.it\/museodiocesano\/sala-iii\/#primaryimage"},"thumbnailUrl":"https:\/\/www.diocesi.lodi.it\/museodiocesano\/wp-content\/uploads\/sites\/18\/2026\/05\/LODI-Museo-Diocesano-41.jpg","datePublished":"2026-04-24T12:39:21+00:00","dateModified":"2026-05-06T12:55:12+00:00","breadcrumb":{"@id":"https:\/\/www.diocesi.lodi.it\/museodiocesano\/sala-iii\/#breadcrumb"},"inLanguage":"it-IT","potentialAction":[{"@type":"ReadAction","target":["https:\/\/www.diocesi.lodi.it\/museodiocesano\/sala-iii\/"]}]},{"@type":"ImageObject","inLanguage":"it-IT","@id":"https:\/\/www.diocesi.lodi.it\/museodiocesano\/sala-iii\/#primaryimage","url":"https:\/\/www.diocesi.lodi.it\/museodiocesano\/wp-content\/uploads\/sites\/18\/2026\/05\/LODI-Museo-Diocesano-41.jpg","contentUrl":"https:\/\/www.diocesi.lodi.it\/museodiocesano\/wp-content\/uploads\/sites\/18\/2026\/05\/LODI-Museo-Diocesano-41.jpg","width":1600,"height":2400},{"@type":"BreadcrumbList","@id":"https:\/\/www.diocesi.lodi.it\/museodiocesano\/sala-iii\/#breadcrumb","itemListElement":[{"@type":"ListItem","position":1,"name":"Home","item":"https:\/\/www.diocesi.lodi.it\/museodiocesano\/"},{"@type":"ListItem","position":2,"name":"La Beata Vergine Maria"}]},{"@type":"WebSite","@id":"https:\/\/www.diocesi.lodi.it\/museodiocesano\/#website","url":"https:\/\/www.diocesi.lodi.it\/museodiocesano\/","name":"Museo Diocesano","description":"di Arte Sacra Lodi","publisher":{"@id":"https:\/\/www.diocesi.lodi.it\/museodiocesano\/#organization"},"potentialAction":[{"@type":"SearchAction","target":{"@type":"EntryPoint","urlTemplate":"https:\/\/www.diocesi.lodi.it\/museodiocesano\/?s={search_term_string}"},"query-input":"required name=search_term_string"}],"inLanguage":"it-IT"},{"@type":"Organization","@id":"https:\/\/www.diocesi.lodi.it\/museodiocesano\/#organization","name":"Museo Diocesano","url":"https:\/\/www.diocesi.lodi.it\/museodiocesano\/","logo":{"@type":"ImageObject","inLanguage":"it-IT","@id":"https:\/\/www.diocesi.lodi.it\/museodiocesano\/#\/schema\/logo\/image\/","url":"https:\/\/www.diocesi.lodi.it\/museodiocesano\/wp-content\/uploads\/sites\/18\/2026\/02\/new-logo-museo.png","contentUrl":"https:\/\/www.diocesi.lodi.it\/museodiocesano\/wp-content\/uploads\/sites\/18\/2026\/02\/new-logo-museo.png","width":600,"height":597,"caption":"Museo Diocesano"},"image":{"@id":"https:\/\/www.diocesi.lodi.it\/museodiocesano\/#\/schema\/logo\/image\/"}}]}},"_links":{"self":[{"href":"https:\/\/www.diocesi.lodi.it\/museodiocesano\/wp-json\/wp\/v2\/pages\/95"}],"collection":[{"href":"https:\/\/www.diocesi.lodi.it\/museodiocesano\/wp-json\/wp\/v2\/pages"}],"about":[{"href":"https:\/\/www.diocesi.lodi.it\/museodiocesano\/wp-json\/wp\/v2\/types\/page"}],"author":[{"embeddable":true,"href":"https:\/\/www.diocesi.lodi.it\/museodiocesano\/wp-json\/wp\/v2\/users\/1"}],"replies":[{"embeddable":true,"href":"https:\/\/www.diocesi.lodi.it\/museodiocesano\/wp-json\/wp\/v2\/comments?post=95"}],"version-history":[{"count":6,"href":"https:\/\/www.diocesi.lodi.it\/museodiocesano\/wp-json\/wp\/v2\/pages\/95\/revisions"}],"predecessor-version":[{"id":188,"href":"https:\/\/www.diocesi.lodi.it\/museodiocesano\/wp-json\/wp\/v2\/pages\/95\/revisions\/188"}],"wp:featuredmedia":[{"embeddable":true,"href":"https:\/\/www.diocesi.lodi.it\/museodiocesano\/wp-json\/wp\/v2\/media\/183"}],"wp:attachment":[{"href":"https:\/\/www.diocesi.lodi.it\/museodiocesano\/wp-json\/wp\/v2\/media?parent=95"}],"curies":[{"name":"wp","href":"https:\/\/api.w.org\/{rel}","templated":true}]}}